{"id":41,"date":"2016-09-27T14:39:20","date_gmt":"2016-09-27T14:39:20","guid":{"rendered":"http:\/\/fn.se\/strangnas\/?page_id=41"},"modified":"2016-10-17T15:08:55","modified_gmt":"2016-10-17T15:08:55","slug":"klimatnyheter","status":"publish","type":"page","link":"https:\/\/fn.se\/strangnas\/klimatnyheter\/","title":{"rendered":"Klimatnyheter"},"content":{"rendered":"<p><a href=\"https:\/\/fn.se\/strangnas\/2010-10-25-vattenfall-fortsatter-att-investera-i-fornyelsebar-energi\/\">2010-10-25\u00a0Vattenfall forts\u00e4tter att investera i f\u00f6rnyelsebar energi<\/a><\/p>\n<p><a href=\"https:\/\/fn.se\/strangnas\/2010-10-18-sa-ska-empire-state-building-bli-en-gron-skrapa\/\">2010-10-18 S\u00e5 ska Empire State Building bli en &#8221;gr\u00f6n&#8221; skrapa<\/a><\/p>\n<p><a href=\"https:\/\/fn.se\/strangnas\/2010-05-10-svenskarnas-attityder-forvantningar-och-konsumtion\/\">2010-05-10 Svenskarnas attityder, f\u00f6rv\u00e4ntningar och konsumtion<\/a><\/p>\n<p><a href=\"https:\/\/fn.se\/strangnas\/2010-04-30-danmark-sjalvkritiskt-om-klimatmotet\/\">2010-04-30 Danmark sj\u00e4lvkritiskt om klimatm\u00f6tet<\/a><\/p>\n<p><a href=\"https:\/\/fn.se\/strangnas\/2010-04-30-klimatpaverkan-fran-nya-bilar-minskar-rekordsnabbt-stora-kommunvisa-skillnader\/\">2010-04-30 Klimatp\u00e5verkan fr\u00e5n nya bilar minskar rekordsnabbt \u2013 stora kommunvisa skillnader<\/a><\/p>\n<p><a href=\"https:\/\/fn.se\/strangnas\/2010-04-30-rod-gront-klimatforslag\/\">2010-04-30 R\u00f6d-gr\u00f6nt klimatf\u00f6rslag<\/a><\/p>\n<p><a href=\"https:\/\/fn.se\/strangnas\/2010-04-22-hon-avslojar-klimatskeptiker\/\">2010-04-22 Hon avsl\u00f6jar klimatskeptiker<\/a><\/p>\n<p><a href=\"https:\/\/fn.se\/strangnas\/2010-04-14-climategate-scientists-chastised-over-statistics\/\">2010-04-14 Climategate scientists chastised over statistics<\/a><\/p>\n","protected":false},"excerpt":{"rendered":"<p>2010-10-25\u00a0Vattenfall forts\u00e4tter att investera i f\u00f6rnyelsebar energi 2010-10-18 S\u00e5 ska Empire State Building bli en &#8221;gr\u00f6n&#8221; skrapa 2010-05-10 Svenskarnas attityder,&hellip;<\/p>\n","protected":false},"author":17,"featured_media":0,"parent":0,"menu_order":0,"comment_status":"closed","ping_status":"closed","template":"templates\/template-sub.php","meta":{"_acf_changed":false,"footnotes":"","_links_to":"","_links_to_target":""},"class_list":["post-41","page","type-page","status-publish","hentry"],"acf":[],"_links":{"self":[{"href":"https:\/\/fn.se\/strangnas\/wp-json\/wp\/v2\/pages\/41","targetHints":{"allow":["GET"]}}],"collection":[{"href":"https:\/\/fn.se\/strangnas\/wp-json\/wp\/v2\/pages"}],"about":[{"href":"https:\/\/fn.se\/strangnas\/wp-json\/wp\/v2\/types\/page"}],"author":[{"embeddable":true,"href":"https:\/\/fn.se\/strangnas\/wp-json\/wp\/v2\/users\/17"}],"replies":[{"embeddable":true,"href":"https:\/\/fn.se\/strangnas\/wp-json\/wp\/v2\/comments?post=41"}],"version-history":[{"count":1,"href":"https:\/\/fn.se\/strangnas\/wp-json\/wp\/v2\/pages\/41\/revisions"}],"predecessor-version":[{"id":70,"href":"https:\/\/fn.se\/strangnas\/wp-json\/wp\/v2\/pages\/41\/revisions\/70"}],"wp:attachment":[{"href":"https:\/\/fn.se\/strangnas\/wp-json\/wp\/v2\/media?parent=41"}],"curies":[{"name":"wp","href":"https:\/\/api.w.org\/{rel}","templated":true}]}}