{"id":27,"date":"2016-09-27T13:57:25","date_gmt":"2016-09-27T13:57:25","guid":{"rendered":"http:\/\/fn.se\/strangnas\/?page_id=27"},"modified":"2016-10-17T15:09:24","modified_gmt":"2016-10-17T15:09:24","slug":"mariefredselever-overlamnade-tavla-till-fn-forbundets-generalsekreterare","status":"publish","type":"page","link":"https:\/\/fn.se\/strangnas\/mariefredselever-overlamnade-tavla-till-fn-forbundets-generalsekreterare\/","title":{"rendered":"Mariefredselever \u00f6verl\u00e4mnade tavla till FN-f\u00f6rbundets generalsekreterare"},"content":{"rendered":"<h1>Mariefredselever \u00f6verl\u00e4mnade tavla till FN-f\u00f6rbundets generalsekreterare<\/h1>\n<p class=\"intro\">En millenniem\u00e5lstavla har \u00f6verl\u00e4mnats till Linda Nordin Thorslund som en uppmuntran och tack f\u00f6r hennes och hela FN:s arbete med fr\u00e5gor som ber\u00f6r hela v\u00e4rlden.<\/p>\n<p><a href=\"https:\/\/fn.se\/strangnas\">Str\u00e4ngn\u00e4s FN f\u00f6rening<\/a> har i flera \u00e5r i rad arbetat med bla Millenniem\u00e5len. Mariefredsskolan \u00e4r en en av skolorna som aktivt har deltagit i arbetet. Lukas, Markus, Olle och Fredrik har skrivit om var sitt Millenniem\u00e5l som i deras mening var den viktigaste. De beslutade gemensamt att Fredrik dessutom skulle m\u00e5la en tavla med anknytning till Millenniem\u00e5len.<\/p>\n<p>Den har \u00f6verl\u00e4mnats till Linda Nordin Thorslund som en uppmuntran och tack f\u00f6r hennes och hela FN:s arbete med fr\u00e5gor som ber\u00f6r hela v\u00e4rlden.<\/p>\n<p><img loading=\"lazy\" decoding=\"async\" class=\"alignleft wp-image-28 size-full\" src=\"https:\/\/fn.se\/strangnas\/wp-content\/uploads\/sites\/33\/2016\/09\/Mariefred-tavla.gif\" alt=\"mariefred-tavla\" width=\"470\" height=\"980\" \/><\/p>\n","protected":false},"excerpt":{"rendered":"<p>Mariefredselever \u00f6verl\u00e4mnade tavla till FN-f\u00f6rbundets generalsekreterare En millenniem\u00e5lstavla har \u00f6verl\u00e4mnats till Linda Nordin Thorslund som en uppmuntran och tack f\u00f6r&hellip;<\/p>\n","protected":false},"author":17,"featured_media":0,"parent":0,"menu_order":0,"comment_status":"closed","ping_status":"closed","template":"templates\/template-sub.php","meta":{"_acf_changed":false,"footnotes":"","_links_to":"","_links_to_target":""},"class_list":["post-27","page","type-page","status-publish","hentry"],"acf":[],"_links":{"self":[{"href":"https:\/\/fn.se\/strangnas\/wp-json\/wp\/v2\/pages\/27","targetHints":{"allow":["GET"]}}],"collection":[{"href":"https:\/\/fn.se\/strangnas\/wp-json\/wp\/v2\/pages"}],"about":[{"href":"https:\/\/fn.se\/strangnas\/wp-json\/wp\/v2\/types\/page"}],"author":[{"embeddable":true,"href":"https:\/\/fn.se\/strangnas\/wp-json\/wp\/v2\/users\/17"}],"replies":[{"embeddable":true,"href":"https:\/\/fn.se\/strangnas\/wp-json\/wp\/v2\/comments?post=27"}],"version-history":[{"count":2,"href":"https:\/\/fn.se\/strangnas\/wp-json\/wp\/v2\/pages\/27\/revisions"}],"predecessor-version":[{"id":31,"href":"https:\/\/fn.se\/strangnas\/wp-json\/wp\/v2\/pages\/27\/revisions\/31"}],"wp:attachment":[{"href":"https:\/\/fn.se\/strangnas\/wp-json\/wp\/v2\/media?parent=27"}],"curies":[{"name":"wp","href":"https:\/\/api.w.org\/{rel}","templated":true}]}}