{"id":20,"date":"2016-09-27T13:51:31","date_gmt":"2016-09-27T13:51:31","guid":{"rendered":"http:\/\/fn.se\/strangnas\/?page_id=20"},"modified":"2016-10-17T15:09:02","modified_gmt":"2016-10-17T15:09:02","slug":"kontakt","status":"publish","type":"page","link":"https:\/\/fn.se\/strangnas\/kontakt\/","title":{"rendered":"Kontakt"},"content":{"rendered":"<h2>Kontakt<\/h2>\n<p>Tveka inte att kontakta v\u00e5r ordf\u00f6rande Ursula Falkringe om du har fr\u00e5gor om v\u00e5r f\u00f6rening. Vi finns ocks\u00e5 p\u00e5 <a href=\"https:\/\/www.facebook.com\/strangnasfnforening\/?fref=ts\">Facebook.<\/a><\/p>\n<h4>Ursula Falkringe<\/h4>\n<p><img loading=\"lazy\" decoding=\"async\" class=\"alignleft size-full wp-image-21\" src=\"https:\/\/fn.se\/strangnas\/wp-content\/uploads\/sites\/33\/2016\/09\/ursula1.jpg\" alt=\"ursula1\" width=\"100\" height=\"133\" \/><\/p>\n<p>&nbsp;<\/p>\n<p>&nbsp;<\/p>\n<p>&nbsp;<\/p>\n<p>&nbsp;<\/p>\n<p>Ordf\u00f6rande<\/p>\n<p><strong class=\"type\" title=\"work\">Telefon:\u00a0<\/strong>0733-70 37 26<\/p>\n<p><strong>E-post:\u00a0<\/strong><a href=\"mailto:docursula@btopenworld.com\">Ursula Falkringe<\/a><\/p>\n<p><strong>Adress:<\/strong><br \/>\nMunkhagsgatan 1<br \/>\n647 30 Mariefred<\/p>\n","protected":false},"excerpt":{"rendered":"<p>Kontakt Tveka inte att kontakta v\u00e5r ordf\u00f6rande Ursula Falkringe om du har fr\u00e5gor om v\u00e5r f\u00f6rening. Vi finns ocks\u00e5 p\u00e5&hellip;<\/p>\n","protected":false},"author":17,"featured_media":0,"parent":0,"menu_order":0,"comment_status":"closed","ping_status":"closed","template":"templates\/template-sub.php","meta":{"_acf_changed":false,"footnotes":"","_links_to":"","_links_to_target":""},"class_list":["post-20","page","type-page","status-publish","hentry"],"acf":[],"_links":{"self":[{"href":"https:\/\/fn.se\/strangnas\/wp-json\/wp\/v2\/pages\/20","targetHints":{"allow":["GET"]}}],"collection":[{"href":"https:\/\/fn.se\/strangnas\/wp-json\/wp\/v2\/pages"}],"about":[{"href":"https:\/\/fn.se\/strangnas\/wp-json\/wp\/v2\/types\/page"}],"author":[{"embeddable":true,"href":"https:\/\/fn.se\/strangnas\/wp-json\/wp\/v2\/users\/17"}],"replies":[{"embeddable":true,"href":"https:\/\/fn.se\/strangnas\/wp-json\/wp\/v2\/comments?post=20"}],"version-history":[{"count":2,"href":"https:\/\/fn.se\/strangnas\/wp-json\/wp\/v2\/pages\/20\/revisions"}],"predecessor-version":[{"id":24,"href":"https:\/\/fn.se\/strangnas\/wp-json\/wp\/v2\/pages\/20\/revisions\/24"}],"wp:attachment":[{"href":"https:\/\/fn.se\/strangnas\/wp-json\/wp\/v2\/media?parent=20"}],"curies":[{"name":"wp","href":"https:\/\/api.w.org\/{rel}","templated":true}]}}