{"id":2,"date":"2016-08-11T11:29:05","date_gmt":"2016-08-11T11:29:05","guid":{"rendered":"http:\/\/fn.se\/stockholms-lans-fn-distrikt\/?page_id=2"},"modified":"2016-09-27T15:23:18","modified_gmt":"2016-09-27T15:23:18","slug":"sample-page","status":"publish","type":"page","link":"https:\/\/fn.se\/stockholms-lans-fn-distrikt\/","title":{"rendered":"Hem"},"content":{"rendered":"<h1>V\u00e4lkommen till Stockholms l\u00e4ns FN-distrikt!<\/h1>\n<p>Vi arbetar regionalt med samma m\u00e5l som FN-f\u00f6rbundet, det vill s\u00e4ga st\u00f6der medlemmarna i deras upplysningsarbete och opinionsbildning i internationella fr\u00e5gor, hj\u00e4lper till med informationsmaterial och anordnar kurser och konferenser.<\/p>\n<h4>I V\u00c5RT DISTRIKT ING\u00c5R<img loading=\"lazy\" decoding=\"async\" class=\"alignright size-full wp-image-12\" src=\"https:\/\/fn.se\/stockholms-lans-fn-distrikt\/wp-content\/uploads\/sites\/117\/2016\/08\/SFN_DISTRIKT_Stockholms-l\u00e4nsliten.jpg\" alt=\"sfn_logopayoff_pos_right\" width=\"117\" height=\"247\" \/><\/h4>\n<p><a title=\"Huddinge FN-f\u00f6rening\" href=\"http:\/\/www.fn.se\/huddinge\">Huddinge FN-f\u00f6rening<\/a><\/p>\n<p><a href=\"http:\/\/www.fn.se\/lidingo\">Liding\u00f6 FN-f\u00f6rening<\/a><\/p>\n<p><a title=\"Nacka FN-f\u00f6rening\" href=\"http:\/\/www.fn.se\/nacka\">Nacka FN-f\u00f6rening<\/a><\/p>\n<p><a title=\"Norrt\u00e4lje FN-f\u00f6rening\" href=\"http:\/\/www.fn.se\/norrtalje\">Norrt\u00e4lje FN-f\u00f6rening<\/a><\/p>\n<p><a title=\"Sollentuna FN-f\u00f6rening\" href=\"http:\/\/www.fn.se\/sollentuna\">Sollentuna FN-f\u00f6rening<\/a><\/p>\n<p><a title=\"Stockholms FN-f\u00f6rening\" href=\"http:\/\/www.fn.se\/stockholm\">Stockholms FN-f\u00f6rening<\/a><\/p>\n<p><a href=\"http:\/\/www.fn.se\/sodertalje\/\">S\u00f6dert\u00e4lje FN-f\u00f6rening<\/a><\/p>\n<h3>Kontakt<\/h3>\n<p>Tveka inte att kontakta oss om du har fr\u00e5gor.<\/p>\n<h4>PETER \u00c5BERG<\/h4>\n<p><img loading=\"lazy\" decoding=\"async\" class=\"alignleft size-full wp-image-13\" src=\"https:\/\/fn.se\/stockholms-lans-fn-distrikt\/wp-content\/uploads\/sites\/117\/2016\/08\/Peter_aberg.jpg\" alt=\"peter_aberg\" width=\"100\" height=\"100\" \/><\/p>\n<p>&nbsp;<\/p>\n<p>&nbsp;<\/p>\n<p>&nbsp;<\/p>\n<p>Ordf\u00f6rande<\/p>\n<p><strong>Telefon:<\/strong> 070 681 50 50<\/p>\n<p><strong>E-post:<\/strong> <a href=\"mailto:peab82@gmail.com\">Peter \u00c5berg<\/a><\/p>\n<p>&nbsp;<\/p>\n<div class=\"vcard-group cf\"><\/div>\n","protected":false},"excerpt":{"rendered":"<p>V\u00e4lkommen till Stockholms l\u00e4ns FN-distrikt! Vi arbetar regionalt med samma m\u00e5l som FN-f\u00f6rbundet, det vill s\u00e4ga st\u00f6der medlemmarna i deras&hellip;<\/p>\n","protected":false},"author":16,"featured_media":5,"parent":0,"menu_order":0,"comment_status":"closed","ping_status":"open","template":"templates\/template-sub.php","meta":{"_acf_changed":false,"footnotes":"","_links_to":"","_links_to_target":""},"class_list":["post-2","page","type-page","status-publish","has-post-thumbnail","hentry"],"acf":[],"_links":{"self":[{"href":"https:\/\/fn.se\/stockholms-lans-fn-distrikt\/wp-json\/wp\/v2\/pages\/2","targetHints":{"allow":["GET"]}}],"collection":[{"href":"https:\/\/fn.se\/stockholms-lans-fn-distrikt\/wp-json\/wp\/v2\/pages"}],"about":[{"href":"https:\/\/fn.se\/stockholms-lans-fn-distrikt\/wp-json\/wp\/v2\/types\/page"}],"author":[{"embeddable":true,"href":"https:\/\/fn.se\/stockholms-lans-fn-distrikt\/wp-json\/wp\/v2\/users\/16"}],"replies":[{"embeddable":true,"href":"https:\/\/fn.se\/stockholms-lans-fn-distrikt\/wp-json\/wp\/v2\/comments?post=2"}],"version-history":[{"count":6,"href":"https:\/\/fn.se\/stockholms-lans-fn-distrikt\/wp-json\/wp\/v2\/pages\/2\/revisions"}],"predecessor-version":[{"id":15,"href":"https:\/\/fn.se\/stockholms-lans-fn-distrikt\/wp-json\/wp\/v2\/pages\/2\/revisions\/15"}],"wp:featuredmedia":[{"embeddable":true,"href":"https:\/\/fn.se\/stockholms-lans-fn-distrikt\/wp-json\/wp\/v2\/media\/5"}],"wp:attachment":[{"href":"https:\/\/fn.se\/stockholms-lans-fn-distrikt\/wp-json\/wp\/v2\/media?parent=2"}],"curies":[{"name":"wp","href":"https:\/\/api.w.org\/{rel}","templated":true}]}}