{"id":98,"date":"2016-10-03T07:48:25","date_gmt":"2016-10-03T07:48:25","guid":{"rendered":"http:\/\/fn.se\/stockholm\/?page_id=98"},"modified":"2018-01-30T10:53:20","modified_gmt":"2018-01-30T10:53:20","slug":"275-filmvisning-av-girl-rising","status":"publish","type":"page","link":"https:\/\/fn.se\/stockholm\/275-filmvisning-av-girl-rising\/","title":{"rendered":"27\/5 Filmvisning av &#8221;Girl Rising&#8221;"},"content":{"rendered":"<h1>Filmvisning av &#8221;Girl Rising&#8221;<\/h1>\n<p>Den 27 maj h\u00f6ll <strong><a href=\"https:\/\/www.facebook.com\/UNAStockholmUniversity\/?hc_ref=SEARCH&amp;fref=nf\">FN:s Studentsektion vid Stockholms Universitet<\/a><\/strong>, i samarbete med <strong><a href=\"https:\/\/www.facebook.com\/UNAYouthStockholm\">UNA Youth Stockholm<\/a><\/strong>, en filmvisning av dokument\u00e4ren <strong>Girl Rising<\/strong> med efterf\u00f6ljande diskussion tillsammans med <strong>Vera Gahm<\/strong> fr\u00e5n Plan Sverige.<\/p>\n<p>Runt om i v\u00e4rlden finns 66 miljoner flickor som inte g\u00e5r i skolan. Ist\u00e4llet arbetar de i hemmet, textilfabriken eller tar hand om sina barn \u2013 fast de fortfarande sj\u00e4lva \u00e4r barn. G<span class=\"text_exposed_show\">irl Rising \u00e4r filmen som skapat en global r\u00f6relse f\u00f6r flickors r\u00e4ttigheter d\u00e4r man f\u00e5r f\u00f6lja nio flickor, i nio l\u00e4nder, som k\u00e4mpar f\u00f6r sin r\u00e4tt att f\u00e5 g\u00e5 i skolan.<\/span><\/p>\n<p><span class=\"text_exposed_show\"><a href=\"https:\/\/www.youtube.com\/watch?v=BJsvklXhYaE\">Se trailern h\u00e4r!<\/a><\/span><\/p>\n<p><span class=\"text_exposed_show\">Tack till er som kom f\u00f6r att titta, lyssna och diskutera flickors r\u00e4tt till utbildning!<\/span><\/p>\n<p><span class=\"text_exposed_show\">Ytterligare ett stort tack till Vera Gahm, f\u00f6r en intressant och l\u00e4rorik workshop!<\/span><\/p>\n","protected":false},"excerpt":{"rendered":"<p>Filmvisning av &#8221;Girl Rising&#8221; Den 27 maj h\u00f6ll FN:s Studentsektion vid Stockholms Universitet, i samarbete med UNA Youth Stockholm, en&hellip;<\/p>\n","protected":false},"author":17,"featured_media":0,"parent":0,"menu_order":0,"comment_status":"closed","ping_status":"closed","template":"","meta":{"_acf_changed":false,"footnotes":"","_links_to":"","_links_to_target":""},"class_list":["post-98","page","type-page","status-publish","hentry"],"acf":[],"_links":{"self":[{"href":"https:\/\/fn.se\/stockholm\/wp-json\/wp\/v2\/pages\/98","targetHints":{"allow":["GET"]}}],"collection":[{"href":"https:\/\/fn.se\/stockholm\/wp-json\/wp\/v2\/pages"}],"about":[{"href":"https:\/\/fn.se\/stockholm\/wp-json\/wp\/v2\/types\/page"}],"author":[{"embeddable":true,"href":"https:\/\/fn.se\/stockholm\/wp-json\/wp\/v2\/users\/17"}],"replies":[{"embeddable":true,"href":"https:\/\/fn.se\/stockholm\/wp-json\/wp\/v2\/comments?post=98"}],"version-history":[{"count":1,"href":"https:\/\/fn.se\/stockholm\/wp-json\/wp\/v2\/pages\/98\/revisions"}],"predecessor-version":[{"id":100,"href":"https:\/\/fn.se\/stockholm\/wp-json\/wp\/v2\/pages\/98\/revisions\/100"}],"wp:attachment":[{"href":"https:\/\/fn.se\/stockholm\/wp-json\/wp\/v2\/media?parent=98"}],"curies":[{"name":"wp","href":"https:\/\/api.w.org\/{rel}","templated":true}]}}