{"id":976,"date":"2018-06-15T13:24:27","date_gmt":"2018-06-15T13:24:27","guid":{"rendered":"https:\/\/fn.se\/stockholm\/?page_id=976"},"modified":"2018-06-15T13:25:08","modified_gmt":"2018-06-15T13:25:08","slug":"9-6-13-6-stockholms-fn-forening-deltar-under-jarva-politikerveckan-med-tensta-kvinno-och-tjejjour","status":"publish","type":"page","link":"https:\/\/fn.se\/stockholm\/9-6-13-6-stockholms-fn-forening-deltar-under-jarva-politikerveckan-med-tensta-kvinno-och-tjejjour\/","title":{"rendered":"9\/6 &#8211; 13\/6 Stockholms FN-f\u00f6rening deltar under J\u00e4rva politikerveckan med Tensta kvinno- och tjejjour."},"content":{"rendered":"<h1><a href=\"https:\/\/fn.se\/stockholm\/wp-content\/uploads\/sites\/32\/2018\/06\/35429034_10211912988724413_1715837961578217472_n.jpg\"><img loading=\"lazy\" decoding=\"async\" class=\"aligncenter wp-image-1001 size-large\" src=\"https:\/\/fn.se\/stockholm\/wp-content\/uploads\/sites\/32\/2018\/06\/35429034_10211912988724413_1715837961578217472_n-768x1024.jpg\" alt=\"\" width=\"768\" height=\"1024\" srcset=\"https:\/\/fn.se\/stockholm\/wp-content\/uploads\/sites\/32\/2018\/06\/35429034_10211912988724413_1715837961578217472_n-768x1024.jpg 768w, https:\/\/fn.se\/stockholm\/wp-content\/uploads\/sites\/32\/2018\/06\/35429034_10211912988724413_1715837961578217472_n-225x300.jpg 225w, https:\/\/fn.se\/stockholm\/wp-content\/uploads\/sites\/32\/2018\/06\/35429034_10211912988724413_1715837961578217472_n-650x867.jpg 650w, https:\/\/fn.se\/stockholm\/wp-content\/uploads\/sites\/32\/2018\/06\/35429034_10211912988724413_1715837961578217472_n-1024x1365.jpg 1024w\" sizes=\"auto, (max-width: 768px) 100vw, 768px\" \/><\/a><a href=\"https:\/\/fn.se\/stockholm\/wp-content\/uploads\/sites\/32\/2018\/06\/35349376_10211912990164449_880417215633948672_n.jpg\"><img loading=\"lazy\" decoding=\"async\" class=\"aligncenter wp-image-995 size-large\" src=\"https:\/\/fn.se\/stockholm\/wp-content\/uploads\/sites\/32\/2018\/06\/35349376_10211912990164449_880417215633948672_n-768x1024.jpg\" alt=\"\" width=\"768\" height=\"1024\" srcset=\"https:\/\/fn.se\/stockholm\/wp-content\/uploads\/sites\/32\/2018\/06\/35349376_10211912990164449_880417215633948672_n-768x1024.jpg 768w, https:\/\/fn.se\/stockholm\/wp-content\/uploads\/sites\/32\/2018\/06\/35349376_10211912990164449_880417215633948672_n-225x300.jpg 225w, https:\/\/fn.se\/stockholm\/wp-content\/uploads\/sites\/32\/2018\/06\/35349376_10211912990164449_880417215633948672_n-650x867.jpg 650w, https:\/\/fn.se\/stockholm\/wp-content\/uploads\/sites\/32\/2018\/06\/35349376_10211912990164449_880417215633948672_n-1024x1365.jpg 1024w\" sizes=\"auto, (max-width: 768px) 100vw, 768px\" \/><\/a><a href=\"https:\/\/fn.se\/stockholm\/wp-content\/uploads\/sites\/32\/2018\/06\/35349087_10211912988484407_3654845812585791488_n.jpg\"><img loading=\"lazy\" decoding=\"async\" class=\"aligncenter wp-image-992 size-large\" src=\"https:\/\/fn.se\/stockholm\/wp-content\/uploads\/sites\/32\/2018\/06\/35349087_10211912988484407_3654845812585791488_n-1024x1024.jpg\" alt=\"\" width=\"1024\" height=\"1024\" srcset=\"https:\/\/fn.se\/stockholm\/wp-content\/uploads\/sites\/32\/2018\/06\/35349087_10211912988484407_3654845812585791488_n-1024x1024.jpg 1024w, https:\/\/fn.se\/stockholm\/wp-content\/uploads\/sites\/32\/2018\/06\/35349087_10211912988484407_3654845812585791488_n-150x150.jpg 150w, https:\/\/fn.se\/stockholm\/wp-content\/uploads\/sites\/32\/2018\/06\/35349087_10211912988484407_3654845812585791488_n-300x300.jpg 300w, https:\/\/fn.se\/stockholm\/wp-content\/uploads\/sites\/32\/2018\/06\/35349087_10211912988484407_3654845812585791488_n-768x768.jpg 768w, https:\/\/fn.se\/stockholm\/wp-content\/uploads\/sites\/32\/2018\/06\/35349087_10211912988484407_3654845812585791488_n-650x650.jpg 650w\" sizes=\"auto, (max-width: 1024px) 100vw, 1024px\" \/><\/a><\/h1>\n<h1 style=\"text-align: center\">Stockholms FN-f\u00f6rening deltar under J\u00e4rva politikerveckan med Tensta kvinno- och tjejjour<\/h1>\n<p style=\"text-align: center\">Samarbete med Tensta kvinnojour och andra organisationer p\u00e5 J\u00e4rva politikervecka. Vi hade fokus p\u00e5 projektet R\u00d6STR\u00c4TT d\u00e4r f\u00f6reningen samarbetar med Sveriges kvinnolobby och vi hade dessutom information om m\u00e4nskliga r\u00e4ttigheter och Kvinnokonventionen.<\/p>\n<p style=\"text-align: center\">\n","protected":false},"excerpt":{"rendered":"<p>Stockholms FN-f\u00f6rening deltar under J\u00e4rva politikerveckan med Tensta kvinno- och tjejjour Samarbete med Tensta kvinnojour och andra organisationer p\u00e5 J\u00e4rva&hellip;<\/p>\n","protected":false},"author":86,"featured_media":0,"parent":0,"menu_order":0,"comment_status":"closed","ping_status":"closed","template":"","meta":{"_acf_changed":false,"footnotes":"","_links_to":"","_links_to_target":""},"class_list":["post-976","page","type-page","status-publish","hentry"],"acf":[],"_links":{"self":[{"href":"https:\/\/fn.se\/stockholm\/wp-json\/wp\/v2\/pages\/976","targetHints":{"allow":["GET"]}}],"collection":[{"href":"https:\/\/fn.se\/stockholm\/wp-json\/wp\/v2\/pages"}],"about":[{"href":"https:\/\/fn.se\/stockholm\/wp-json\/wp\/v2\/types\/page"}],"author":[{"embeddable":true,"href":"https:\/\/fn.se\/stockholm\/wp-json\/wp\/v2\/users\/86"}],"replies":[{"embeddable":true,"href":"https:\/\/fn.se\/stockholm\/wp-json\/wp\/v2\/comments?post=976"}],"version-history":[{"count":3,"href":"https:\/\/fn.se\/stockholm\/wp-json\/wp\/v2\/pages\/976\/revisions"}],"predecessor-version":[{"id":1015,"href":"https:\/\/fn.se\/stockholm\/wp-json\/wp\/v2\/pages\/976\/revisions\/1015"}],"wp:attachment":[{"href":"https:\/\/fn.se\/stockholm\/wp-json\/wp\/v2\/media?parent=976"}],"curies":[{"name":"wp","href":"https:\/\/api.w.org\/{rel}","templated":true}]}}