{"id":975,"date":"2018-06-15T13:26:13","date_gmt":"2018-06-15T13:26:13","guid":{"rendered":"https:\/\/fn.se\/stockholm\/?page_id=975"},"modified":"2018-06-15T13:26:32","modified_gmt":"2018-06-15T13:26:32","slug":"6-6-nationaldagsfirande-i-ralambshovsparken","status":"publish","type":"page","link":"https:\/\/fn.se\/stockholm\/6-6-nationaldagsfirande-i-ralambshovsparken\/","title":{"rendered":"6\/6 Nationaldagsfirande i R\u00e5lambshovsparken"},"content":{"rendered":"<h1><a href=\"https:\/\/fn.se\/stockholm\/wp-content\/uploads\/sites\/32\/2018\/06\/35350544_10211912990324453_4142169462168092672_n.jpg\"><img loading=\"lazy\" decoding=\"async\" class=\"aligncenter wp-image-996 size-large\" src=\"https:\/\/fn.se\/stockholm\/wp-content\/uploads\/sites\/32\/2018\/06\/35350544_10211912990324453_4142169462168092672_n-819x1024.jpg\" alt=\"\" width=\"819\" height=\"1024\" srcset=\"https:\/\/fn.se\/stockholm\/wp-content\/uploads\/sites\/32\/2018\/06\/35350544_10211912990324453_4142169462168092672_n-819x1024.jpg 819w, https:\/\/fn.se\/stockholm\/wp-content\/uploads\/sites\/32\/2018\/06\/35350544_10211912990324453_4142169462168092672_n-240x300.jpg 240w, https:\/\/fn.se\/stockholm\/wp-content\/uploads\/sites\/32\/2018\/06\/35350544_10211912990324453_4142169462168092672_n-768x960.jpg 768w, https:\/\/fn.se\/stockholm\/wp-content\/uploads\/sites\/32\/2018\/06\/35350544_10211912990324453_4142169462168092672_n-650x813.jpg 650w, https:\/\/fn.se\/stockholm\/wp-content\/uploads\/sites\/32\/2018\/06\/35350544_10211912990324453_4142169462168092672_n-1024x1280.jpg 1024w, https:\/\/fn.se\/stockholm\/wp-content\/uploads\/sites\/32\/2018\/06\/35350544_10211912990324453_4142169462168092672_n.jpg 1080w\" sizes=\"auto, (max-width: 819px) 100vw, 819px\" \/><\/a><a href=\"https:\/\/fn.se\/stockholm\/wp-content\/uploads\/sites\/32\/2018\/06\/35330178_10211912990924468_3745738904095948800_n.jpg\"><img loading=\"lazy\" decoding=\"async\" class=\"aligncenter wp-image-990 size-large\" src=\"https:\/\/fn.se\/stockholm\/wp-content\/uploads\/sites\/32\/2018\/06\/35330178_10211912990924468_3745738904095948800_n-768x1024.jpg\" alt=\"\" width=\"768\" height=\"1024\" srcset=\"https:\/\/fn.se\/stockholm\/wp-content\/uploads\/sites\/32\/2018\/06\/35330178_10211912990924468_3745738904095948800_n-768x1024.jpg 768w, https:\/\/fn.se\/stockholm\/wp-content\/uploads\/sites\/32\/2018\/06\/35330178_10211912990924468_3745738904095948800_n-225x300.jpg 225w, https:\/\/fn.se\/stockholm\/wp-content\/uploads\/sites\/32\/2018\/06\/35330178_10211912990924468_3745738904095948800_n-650x867.jpg 650w, https:\/\/fn.se\/stockholm\/wp-content\/uploads\/sites\/32\/2018\/06\/35330178_10211912990924468_3745738904095948800_n-1024x1365.jpg 1024w\" sizes=\"auto, (max-width: 768px) 100vw, 768px\" \/><\/a><\/h1>\n<h1 style=\"text-align: center\">Nationaldagsfirande i R\u00e5lambshovsparken<\/h1>\n<p style=\"text-align: center\">Nationaldagsfirande i R\u00e5lambshovsparken med Stockholms Stad. Information och kunskapsh\u00f6jande insatser till allm\u00e4nheten, inriktat p\u00e5 barn och ungdomar.<\/p>\n","protected":false},"excerpt":{"rendered":"<p>Nationaldagsfirande i R\u00e5lambshovsparken Nationaldagsfirande i R\u00e5lambshovsparken med Stockholms Stad. Information och kunskapsh\u00f6jande insatser till allm\u00e4nheten, inriktat p\u00e5 barn och ungdomar.<\/p>\n","protected":false},"author":86,"featured_media":0,"parent":0,"menu_order":0,"comment_status":"closed","ping_status":"closed","template":"","meta":{"_acf_changed":false,"footnotes":"","_links_to":"","_links_to_target":""},"class_list":["post-975","page","type-page","status-publish","hentry"],"acf":[],"_links":{"self":[{"href":"https:\/\/fn.se\/stockholm\/wp-json\/wp\/v2\/pages\/975","targetHints":{"allow":["GET"]}}],"collection":[{"href":"https:\/\/fn.se\/stockholm\/wp-json\/wp\/v2\/pages"}],"about":[{"href":"https:\/\/fn.se\/stockholm\/wp-json\/wp\/v2\/types\/page"}],"author":[{"embeddable":true,"href":"https:\/\/fn.se\/stockholm\/wp-json\/wp\/v2\/users\/86"}],"replies":[{"embeddable":true,"href":"https:\/\/fn.se\/stockholm\/wp-json\/wp\/v2\/comments?post=975"}],"version-history":[{"count":1,"href":"https:\/\/fn.se\/stockholm\/wp-json\/wp\/v2\/pages\/975\/revisions"}],"predecessor-version":[{"id":1016,"href":"https:\/\/fn.se\/stockholm\/wp-json\/wp\/v2\/pages\/975\/revisions\/1016"}],"wp:attachment":[{"href":"https:\/\/fn.se\/stockholm\/wp-json\/wp\/v2\/media?parent=975"}],"curies":[{"name":"wp","href":"https:\/\/api.w.org\/{rel}","templated":true}]}}