{"id":974,"date":"2018-06-15T13:17:49","date_gmt":"2018-06-15T13:17:49","guid":{"rendered":"https:\/\/fn.se\/stockholm\/?page_id=974"},"modified":"2019-11-04T07:27:04","modified_gmt":"2019-11-04T07:27:04","slug":"5-6-seminarium-innovativ-materialutveckling-okensand-och-plast-med-lovisa-justusson-lahti","status":"publish","type":"page","link":"https:\/\/fn.se\/stockholm\/5-6-seminarium-innovativ-materialutveckling-okensand-och-plast-med-lovisa-justusson-lahti\/","title":{"rendered":"5\/6\u00a0Seminarium \u201dInnovativ materialutveckling &#8211; \u00d6kensand och plast\u201d"},"content":{"rendered":"<h1><a href=\"https:\/\/fn.se\/stockholm\/wp-content\/uploads\/sites\/32\/2018\/06\/DSC_5304.jpg\"><img loading=\"lazy\" decoding=\"async\" class=\"aligncenter wp-image-1009 size-large\" src=\"https:\/\/fn.se\/stockholm\/wp-content\/uploads\/sites\/32\/2018\/06\/DSC_5304-1024x680.jpg\" alt=\"\" width=\"1024\" height=\"680\" srcset=\"https:\/\/fn.se\/stockholm\/wp-content\/uploads\/sites\/32\/2018\/06\/DSC_5304-1024x680.jpg 1024w, https:\/\/fn.se\/stockholm\/wp-content\/uploads\/sites\/32\/2018\/06\/DSC_5304-300x199.jpg 300w, https:\/\/fn.se\/stockholm\/wp-content\/uploads\/sites\/32\/2018\/06\/DSC_5304-768x510.jpg 768w, https:\/\/fn.se\/stockholm\/wp-content\/uploads\/sites\/32\/2018\/06\/DSC_5304-650x432.jpg 650w\" sizes=\"auto, (max-width: 1024px) 100vw, 1024px\" \/><\/a><\/h1>\n<h1 style=\"text-align: center\">Seminarium \u201dInnovativ materialutveckling &#8211; \u00d6kensand och plast\u201d<\/h1>\n<p style=\"text-align: center\">Under V\u00e4rldsmilj\u00f6dagen 5 juni 2018 h\u00f6ll Stockholms FN-f\u00f6rening i ett lunchseminarium om Innovativ materialutveckling &#8211; \u00d6kensand och plast.<\/p>\n<p style=\"text-align: center\">Projektet utg\u00e5r fr\u00e5n Agenda 2030 m\u00e5l 12, H\u00e5llbar konsumtion och produktion, och fokuserar p\u00e5 ett omr\u00e5de som inte \u00e4r v\u00e4lk\u00e4nt och ett som diskuteras i v\u00e4xande grad.<br \/>\nSand \u00e4r en bristvara som inte kommit upp p\u00e5 h\u00e5llbarhetsagendan. Sand anv\u00e4nds i betongframst\u00e4llning \u00f6ver hela v\u00e4rlden, men kvaliteten p\u00e5 \u00f6kensand \u00e4r s\u00e5dan att den inte kan anv\u00e4ndas f\u00f6r betongtillverkning. D\u00e4rf\u00f6r transporteras sand \u00f6ver v\u00e4rldshaven i v\u00e4xande grad och har gjort sand till ytterligare en bristvara. I projektets del &#8221;\u00d6kensand&#8221; unders\u00f6ks hur \u00f6kensand kan utvecklas till ett byggmaterial ist\u00e4llet f\u00f6r att betraktas som ett v\u00e4rdel\u00f6st material.<br \/>\nPlast engagerar v\u00e5ra medlemmar. P\u00e5 V\u00e4rldsmilj\u00f6dagen h\u00e5lls ett kunskapsh\u00f6jande seminarium f\u00f6r att ge grund f\u00f6r f\u00f6reningens fortsatta insatser f\u00f6r att hitta b\u00e4ttre s\u00e4tt att dels ers\u00e4tta, dels \u00e5teranv\u00e4nds plast.<\/p>\n<p style=\"text-align: center\">Stockholms FN-f\u00f6rening har i flera \u00e5r arbetat med olika aspekter av agenda 2030. H\u00e5llbar konsumtion och produktion \u00e4r ett av de viktigaste m\u00e5len d\u00e4r varje m\u00e4nniska kan g\u00f6ra skillnad, i Stockholm och i Sverige, och d\u00e4rmed i v\u00e4rlden, genom en f\u00f6r\u00e4ndrad konsumtion och d\u00e4rigenom efterfr\u00e5ga en annan produktion. I projektet informerar vi om Agenda 2030, arbetar utifr\u00e5n delm\u00e5len i m\u00e5l 12 och unders\u00f6ker vilka indikationer som skulle vara m\u00f6jliga f\u00f6r v\u00e5r f\u00f6rening att p\u00e5verka s\u00e5 att det blir m\u00e4tbart.<\/p>\n<p style=\"text-align: center\">I projektdelen \u00f6kensand samarbetar vi med en student p\u00e5 konstfack. Hen arbetar med att visa potentialen i \u00f6kensand och utvecklar en metod f\u00f6r att g\u00f6ra \u00f6kensand till byggmaterial. Arbetet \u00e4r konceptuellt och syftar till att vara ett verktyg f\u00f6r att samtala till hur vi anv\u00e4nder material och hur vi kan t\u00e4nka innovativt kring materialutveckling.<\/p>\n<p style=\"text-align: center\">I projekt delen plast handlar det om att i f\u00f6rsta steget h\u00f6ja kunskapen om plasten som en fara och en m\u00f6jlighet. Mikroplasten i haven \u00e4r en aktuell fr\u00e5ga i v\u00e4rlden och inom Agenda 2030. Vi vill f\u00f6rst\u00e5 hur en optimal hantering av plast skulle se ut och hitta v\u00e4gar f\u00f6r att driva opinion i fr\u00e5gan men ocks\u00e5 p\u00e5 samma s\u00e4tt som inom \u00f6kensand t\u00e4nka innovativt.<\/p>\n","protected":false},"excerpt":{"rendered":"<p>Seminarium \u201dInnovativ materialutveckling &#8211; \u00d6kensand och plast\u201d Under V\u00e4rldsmilj\u00f6dagen 5 juni 2018 h\u00f6ll Stockholms FN-f\u00f6rening i ett lunchseminarium om Innovativ&hellip;<\/p>\n","protected":false},"author":86,"featured_media":0,"parent":0,"menu_order":0,"comment_status":"closed","ping_status":"closed","template":"","meta":{"_acf_changed":false,"footnotes":"","_links_to":"","_links_to_target":""},"class_list":["post-974","page","type-page","status-publish","hentry"],"acf":[],"_links":{"self":[{"href":"https:\/\/fn.se\/stockholm\/wp-json\/wp\/v2\/pages\/974","targetHints":{"allow":["GET"]}}],"collection":[{"href":"https:\/\/fn.se\/stockholm\/wp-json\/wp\/v2\/pages"}],"about":[{"href":"https:\/\/fn.se\/stockholm\/wp-json\/wp\/v2\/types\/page"}],"author":[{"embeddable":true,"href":"https:\/\/fn.se\/stockholm\/wp-json\/wp\/v2\/users\/86"}],"replies":[{"embeddable":true,"href":"https:\/\/fn.se\/stockholm\/wp-json\/wp\/v2\/comments?post=974"}],"version-history":[{"count":3,"href":"https:\/\/fn.se\/stockholm\/wp-json\/wp\/v2\/pages\/974\/revisions"}],"predecessor-version":[{"id":1686,"href":"https:\/\/fn.se\/stockholm\/wp-json\/wp\/v2\/pages\/974\/revisions\/1686"}],"wp:attachment":[{"href":"https:\/\/fn.se\/stockholm\/wp-json\/wp\/v2\/media?parent=974"}],"curies":[{"name":"wp","href":"https:\/\/api.w.org\/{rel}","templated":true}]}}