{"id":973,"date":"2018-06-15T13:12:55","date_gmt":"2018-06-15T13:12:55","guid":{"rendered":"https:\/\/fn.se\/stockholm\/?page_id=973"},"modified":"2018-06-15T13:13:22","modified_gmt":"2018-06-15T13:13:22","slug":"25-5-skolklassbesok-fran-timra-gymnasium","status":"publish","type":"page","link":"https:\/\/fn.se\/stockholm\/25-5-skolklassbesok-fran-timra-gymnasium\/","title":{"rendered":"25\/5 Skolklassbes\u00f6k fr\u00e5n Timr\u00e5 Gymnasium"},"content":{"rendered":"<p><a href=\"https:\/\/fn.se\/stockholm\/wp-content\/uploads\/sites\/32\/2018\/06\/35299510_10211912993284527_870429247712264192_n.jpg\"><img loading=\"lazy\" decoding=\"async\" class=\"wp-image-986 size-large aligncenter\" src=\"https:\/\/fn.se\/stockholm\/wp-content\/uploads\/sites\/32\/2018\/06\/35299510_10211912993284527_870429247712264192_n-768x1024.jpg\" alt=\"\" width=\"768\" height=\"1024\" srcset=\"https:\/\/fn.se\/stockholm\/wp-content\/uploads\/sites\/32\/2018\/06\/35299510_10211912993284527_870429247712264192_n-768x1024.jpg 768w, https:\/\/fn.se\/stockholm\/wp-content\/uploads\/sites\/32\/2018\/06\/35299510_10211912993284527_870429247712264192_n-225x300.jpg 225w, https:\/\/fn.se\/stockholm\/wp-content\/uploads\/sites\/32\/2018\/06\/35299510_10211912993284527_870429247712264192_n-650x867.jpg 650w, https:\/\/fn.se\/stockholm\/wp-content\/uploads\/sites\/32\/2018\/06\/35299510_10211912993284527_870429247712264192_n-1024x1365.jpg 1024w\" sizes=\"auto, (max-width: 768px) 100vw, 768px\" \/><\/a><\/p>\n<h1 style=\"text-align: center\">Skolklassbes\u00f6k fr\u00e5n Timr\u00e5 Gymnasium<\/h1>\n<p style=\"text-align: center\">Stockholms FN-f\u00f6rening fick bes\u00f6k av Timr\u00e5 gymnasium som ville veta mer om FN:s arbete och vad vi g\u00f6r i v\u00e5r f\u00f6rening. Vi var p\u00e5 FN-f\u00f6rbundets kontor och fick bes\u00f6k av n\u00e5gra representanter d\u00e4r som pratade om f\u00f6rbundets arbete dessutom. Vi k\u00f6rde lekar, diskuterade och fikade ihop. Ett trevlig samarbete som vi hoppas att forts\u00e4tta med i framtiden.<\/p>\n","protected":false},"excerpt":{"rendered":"<p>Skolklassbes\u00f6k fr\u00e5n Timr\u00e5 Gymnasium Stockholms FN-f\u00f6rening fick bes\u00f6k av Timr\u00e5 gymnasium som ville veta mer om FN:s arbete och vad&hellip;<\/p>\n","protected":false},"author":86,"featured_media":0,"parent":0,"menu_order":0,"comment_status":"closed","ping_status":"closed","template":"","meta":{"_acf_changed":false,"footnotes":"","_links_to":"","_links_to_target":""},"class_list":["post-973","page","type-page","status-publish","hentry"],"acf":[],"_links":{"self":[{"href":"https:\/\/fn.se\/stockholm\/wp-json\/wp\/v2\/pages\/973","targetHints":{"allow":["GET"]}}],"collection":[{"href":"https:\/\/fn.se\/stockholm\/wp-json\/wp\/v2\/pages"}],"about":[{"href":"https:\/\/fn.se\/stockholm\/wp-json\/wp\/v2\/types\/page"}],"author":[{"embeddable":true,"href":"https:\/\/fn.se\/stockholm\/wp-json\/wp\/v2\/users\/86"}],"replies":[{"embeddable":true,"href":"https:\/\/fn.se\/stockholm\/wp-json\/wp\/v2\/comments?post=973"}],"version-history":[{"count":1,"href":"https:\/\/fn.se\/stockholm\/wp-json\/wp\/v2\/pages\/973\/revisions"}],"predecessor-version":[{"id":1008,"href":"https:\/\/fn.se\/stockholm\/wp-json\/wp\/v2\/pages\/973\/revisions\/1008"}],"wp:attachment":[{"href":"https:\/\/fn.se\/stockholm\/wp-json\/wp\/v2\/media?parent=973"}],"curies":[{"name":"wp","href":"https:\/\/api.w.org\/{rel}","templated":true}]}}