{"id":972,"date":"2018-06-15T13:08:33","date_gmt":"2018-06-15T13:08:33","guid":{"rendered":"https:\/\/fn.se\/stockholm\/?page_id=972"},"modified":"2018-06-15T13:09:02","modified_gmt":"2018-06-15T13:09:02","slug":"24-5-filmvisning-av-sameblod-pa-klarabiografen","status":"publish","type":"page","link":"https:\/\/fn.se\/stockholm\/24-5-filmvisning-av-sameblod-pa-klarabiografen\/","title":{"rendered":"24\/5 Filmvisning av &#8221;Sameblod&#8221; p\u00e5 klarabiografen"},"content":{"rendered":"<p><a href=\"https:\/\/fn.se\/stockholm\/wp-content\/uploads\/sites\/32\/2018\/06\/DSC_5242.jpg\"><img loading=\"lazy\" decoding=\"async\" class=\"alignnone wp-image-1004 size-full aligncenter\" src=\"https:\/\/fn.se\/stockholm\/wp-content\/uploads\/sites\/32\/2018\/06\/DSC_5242.jpg\" alt=\"\" width=\"4288\" height=\"2848\" srcset=\"https:\/\/fn.se\/stockholm\/wp-content\/uploads\/sites\/32\/2018\/06\/DSC_5242.jpg 4288w, https:\/\/fn.se\/stockholm\/wp-content\/uploads\/sites\/32\/2018\/06\/DSC_5242-300x199.jpg 300w, https:\/\/fn.se\/stockholm\/wp-content\/uploads\/sites\/32\/2018\/06\/DSC_5242-768x510.jpg 768w, https:\/\/fn.se\/stockholm\/wp-content\/uploads\/sites\/32\/2018\/06\/DSC_5242-1024x680.jpg 1024w, https:\/\/fn.se\/stockholm\/wp-content\/uploads\/sites\/32\/2018\/06\/DSC_5242-650x432.jpg 650w\" sizes=\"auto, (max-width: 4288px) 100vw, 4288px\" \/><\/a><\/p>\n<h1 style=\"text-align: center\">Filmvisning av &#8221;Sameblod&#8221; p\u00e5 klarabiografen<\/h1>\n<p style=\"text-align: center\">Vi p\u00e5 Stockholms FN-f\u00f6rening v\u00e4ljer att visa filmen \u201dSameblod\u201d f\u00f6r att lyfta samernas historia som en minoritet i Sverige och varf\u00f6r det \u00e4r otroligt viktigt att vi skyddar de nationella minoriteternas m\u00f6jlighet till att bevara sitt spr\u00e5k och sin kultur.<\/p>\n<p style=\"text-align: center\">I \u00e5r s\u00e5 var det 70 \u00e5r sedan FN:s deklaration om de m\u00e4nskliga r\u00e4ttigheterna antogs av FN:s generalf\u00f6rsamling i Paris. \u00c4ven om Sverige \u00e4r ett av de mest utvecklade och j\u00e4mst\u00e4llda l\u00e4nder i v\u00e4rlden, s\u00e5 f\u00f6ljer inte vi heller alla 30 artiklar i den allm\u00e4nna f\u00f6rklaringen om de m\u00e4nskliga r\u00e4ttigheterna. Samernas situation i Sverige \u00e4r ett exempel p\u00e5 det.<\/p>\n","protected":false},"excerpt":{"rendered":"<p>Filmvisning av &#8221;Sameblod&#8221; p\u00e5 klarabiografen Vi p\u00e5 Stockholms FN-f\u00f6rening v\u00e4ljer att visa filmen \u201dSameblod\u201d f\u00f6r att lyfta samernas historia som&hellip;<\/p>\n","protected":false},"author":86,"featured_media":0,"parent":0,"menu_order":0,"comment_status":"closed","ping_status":"closed","template":"","meta":{"_acf_changed":false,"footnotes":"","_links_to":"","_links_to_target":""},"class_list":["post-972","page","type-page","status-publish","hentry"],"acf":[],"_links":{"self":[{"href":"https:\/\/fn.se\/stockholm\/wp-json\/wp\/v2\/pages\/972","targetHints":{"allow":["GET"]}}],"collection":[{"href":"https:\/\/fn.se\/stockholm\/wp-json\/wp\/v2\/pages"}],"about":[{"href":"https:\/\/fn.se\/stockholm\/wp-json\/wp\/v2\/types\/page"}],"author":[{"embeddable":true,"href":"https:\/\/fn.se\/stockholm\/wp-json\/wp\/v2\/users\/86"}],"replies":[{"embeddable":true,"href":"https:\/\/fn.se\/stockholm\/wp-json\/wp\/v2\/comments?post=972"}],"version-history":[{"count":3,"href":"https:\/\/fn.se\/stockholm\/wp-json\/wp\/v2\/pages\/972\/revisions"}],"predecessor-version":[{"id":1007,"href":"https:\/\/fn.se\/stockholm\/wp-json\/wp\/v2\/pages\/972\/revisions\/1007"}],"wp:attachment":[{"href":"https:\/\/fn.se\/stockholm\/wp-json\/wp\/v2\/media?parent=972"}],"curies":[{"name":"wp","href":"https:\/\/api.w.org\/{rel}","templated":true}]}}