{"id":971,"date":"2018-06-15T13:05:12","date_gmt":"2018-06-15T13:05:12","guid":{"rendered":"https:\/\/fn.se\/stockholm\/?page_id=971"},"modified":"2018-06-15T13:05:15","modified_gmt":"2018-06-15T13:05:15","slug":"16-5-stockholms-fn-forening-bjuder-in-unhcr-till-ett-seminarium","status":"publish","type":"page","link":"https:\/\/fn.se\/stockholm\/16-5-stockholms-fn-forening-bjuder-in-unhcr-till-ett-seminarium\/","title":{"rendered":"16\/5 Stockholms FN-f\u00f6rening bjuder in UNHCR till ett seminarium"},"content":{"rendered":"<p><a href=\"https:\/\/fn.se\/stockholm\/wp-content\/uploads\/sites\/32\/2018\/06\/35293769_10211912993924543_4271317561095749632_n.jpg\"><img loading=\"lazy\" decoding=\"async\" class=\"aligncenter wp-image-984 size-large\" src=\"https:\/\/fn.se\/stockholm\/wp-content\/uploads\/sites\/32\/2018\/06\/35293769_10211912993924543_4271317561095749632_n-768x1024.jpg\" alt=\"\" width=\"768\" height=\"1024\" srcset=\"https:\/\/fn.se\/stockholm\/wp-content\/uploads\/sites\/32\/2018\/06\/35293769_10211912993924543_4271317561095749632_n-768x1024.jpg 768w, https:\/\/fn.se\/stockholm\/wp-content\/uploads\/sites\/32\/2018\/06\/35293769_10211912993924543_4271317561095749632_n-225x300.jpg 225w, https:\/\/fn.se\/stockholm\/wp-content\/uploads\/sites\/32\/2018\/06\/35293769_10211912993924543_4271317561095749632_n-650x867.jpg 650w, https:\/\/fn.se\/stockholm\/wp-content\/uploads\/sites\/32\/2018\/06\/35293769_10211912993924543_4271317561095749632_n-1024x1365.jpg 1024w\" sizes=\"auto, (max-width: 768px) 100vw, 768px\" \/><\/a><\/p>\n<h1 style=\"text-align: center\">Stockholms FN-f\u00f6rening bjuder in UNHCR till ett seminarium<\/h1>\n<div class=\"_63eu\">\n<p class=\"_63ew\" style=\"text-align: center\">Stockholms FN-f\u00f6rening vill med projektet FN-familjen \u00f6ka kunskapen bland v\u00e5ra medlemmar och allm\u00e4nheten om olika FN-organisationers arbete och samverkan inom FN systemet. Nu har turen kommit till UNHCR \u2013 United Nations High Commissioner for Refugees.<br \/>\nIdag \u00e4r mer \u00e4n 65 miljoner m\u00e4nniskor p\u00e5 flykt fr\u00e5n krig och f\u00f6rf\u00f6ljelse, fler \u00e4n vid andra v\u00e4rldskrigets slut. UNHCR:s uppdrag \u00e4r att leda och samordna internationella insatser f\u00f6r att bist\u00e5 och skydda m\u00e4nniskor p\u00e5 flykt och att finna varaktiga l\u00f6sningar f\u00f6r dem. UNHCR \u00e4r verksam i 130 l\u00e4nder.<br \/>\nI Stockholm finns UNHCRs regionkontor f\u00f6r norra Europa. Lisa van Hogerlinden, Senior External Relations Associate, vid regionkontoret kommer till oss och h\u00e5ller ett f\u00f6redrag om den globala flyktingsituationen och UNHCRs arbete och mandat.<\/p>\n<\/div>\n","protected":false},"excerpt":{"rendered":"<p>Stockholms FN-f\u00f6rening bjuder in UNHCR till ett seminarium Stockholms FN-f\u00f6rening vill med projektet FN-familjen \u00f6ka kunskapen bland v\u00e5ra medlemmar och&hellip;<\/p>\n","protected":false},"author":86,"featured_media":0,"parent":0,"menu_order":0,"comment_status":"closed","ping_status":"closed","template":"","meta":{"_acf_changed":false,"footnotes":"","_links_to":"","_links_to_target":""},"class_list":["post-971","page","type-page","status-publish","hentry"],"acf":[],"_links":{"self":[{"href":"https:\/\/fn.se\/stockholm\/wp-json\/wp\/v2\/pages\/971","targetHints":{"allow":["GET"]}}],"collection":[{"href":"https:\/\/fn.se\/stockholm\/wp-json\/wp\/v2\/pages"}],"about":[{"href":"https:\/\/fn.se\/stockholm\/wp-json\/wp\/v2\/types\/page"}],"author":[{"embeddable":true,"href":"https:\/\/fn.se\/stockholm\/wp-json\/wp\/v2\/users\/86"}],"replies":[{"embeddable":true,"href":"https:\/\/fn.se\/stockholm\/wp-json\/wp\/v2\/comments?post=971"}],"version-history":[{"count":1,"href":"https:\/\/fn.se\/stockholm\/wp-json\/wp\/v2\/pages\/971\/revisions"}],"predecessor-version":[{"id":1003,"href":"https:\/\/fn.se\/stockholm\/wp-json\/wp\/v2\/pages\/971\/revisions\/1003"}],"wp:attachment":[{"href":"https:\/\/fn.se\/stockholm\/wp-json\/wp\/v2\/media?parent=971"}],"curies":[{"name":"wp","href":"https:\/\/api.w.org\/{rel}","templated":true}]}}