{"id":938,"date":"2018-04-23T13:16:22","date_gmt":"2018-04-23T13:16:22","guid":{"rendered":"https:\/\/fn.se\/stockholm\/?page_id=938"},"modified":"2018-04-23T13:16:27","modified_gmt":"2018-04-23T13:16:27","slug":"19-4-ett-samtal-mellan-per-svensson-och-pierre-schori","status":"publish","type":"page","link":"https:\/\/fn.se\/stockholm\/19-4-ett-samtal-mellan-per-svensson-och-pierre-schori\/","title":{"rendered":"19\/4 Ett samtal mellan\u00a0Per Svensson och Pierre Schori"},"content":{"rendered":"<p><a href=\"https:\/\/fn.se\/stockholm\/wp-content\/uploads\/sites\/32\/2018\/04\/30962068_10211575405445042_1667758300_o.jpg\"><img loading=\"lazy\" decoding=\"async\" class=\"wp-image-939 size-large aligncenter\" src=\"https:\/\/fn.se\/stockholm\/wp-content\/uploads\/sites\/32\/2018\/04\/30962068_10211575405445042_1667758300_o-1024x768.jpg\" alt=\"\" width=\"1024\" height=\"768\" srcset=\"https:\/\/fn.se\/stockholm\/wp-content\/uploads\/sites\/32\/2018\/04\/30962068_10211575405445042_1667758300_o-1024x768.jpg 1024w, https:\/\/fn.se\/stockholm\/wp-content\/uploads\/sites\/32\/2018\/04\/30962068_10211575405445042_1667758300_o-300x225.jpg 300w, https:\/\/fn.se\/stockholm\/wp-content\/uploads\/sites\/32\/2018\/04\/30962068_10211575405445042_1667758300_o-768x576.jpg 768w, https:\/\/fn.se\/stockholm\/wp-content\/uploads\/sites\/32\/2018\/04\/30962068_10211575405445042_1667758300_o-427x320.jpg 427w, https:\/\/fn.se\/stockholm\/wp-content\/uploads\/sites\/32\/2018\/04\/30962068_10211575405445042_1667758300_o-933x700.jpg 933w\" sizes=\"auto, (max-width: 1024px) 100vw, 1024px\" \/><\/a><\/p>\n<h1 style=\"text-align: center\">Ett samtal mellan\u00a0Per Svensson och Pierre Schori<\/h1>\n<p style=\"text-align: center\">Den 19:e april var Stockholms FN-f\u00f6rening medarrang\u00f6rer till ABF Stockholm och h\u00f6ll i ett seminarium med\u00a0Per Svensson och Pierre Schori om kampanjen f\u00f6r svenska medlemskapet i FN:s s\u00e4kerhetsr\u00e5d med\u00a0samtalsledare\u00a0Lisa\u00a0Pelling.<\/p>\n","protected":false},"excerpt":{"rendered":"<p>Ett samtal mellan\u00a0Per Svensson och Pierre Schori Den 19:e april var Stockholms FN-f\u00f6rening medarrang\u00f6rer till ABF Stockholm och h\u00f6ll i&hellip;<\/p>\n","protected":false},"author":86,"featured_media":0,"parent":0,"menu_order":0,"comment_status":"closed","ping_status":"closed","template":"","meta":{"_acf_changed":false,"footnotes":"","_links_to":"","_links_to_target":""},"class_list":["post-938","page","type-page","status-publish","hentry"],"acf":[],"_links":{"self":[{"href":"https:\/\/fn.se\/stockholm\/wp-json\/wp\/v2\/pages\/938","targetHints":{"allow":["GET"]}}],"collection":[{"href":"https:\/\/fn.se\/stockholm\/wp-json\/wp\/v2\/pages"}],"about":[{"href":"https:\/\/fn.se\/stockholm\/wp-json\/wp\/v2\/types\/page"}],"author":[{"embeddable":true,"href":"https:\/\/fn.se\/stockholm\/wp-json\/wp\/v2\/users\/86"}],"replies":[{"embeddable":true,"href":"https:\/\/fn.se\/stockholm\/wp-json\/wp\/v2\/comments?post=938"}],"version-history":[{"count":1,"href":"https:\/\/fn.se\/stockholm\/wp-json\/wp\/v2\/pages\/938\/revisions"}],"predecessor-version":[{"id":940,"href":"https:\/\/fn.se\/stockholm\/wp-json\/wp\/v2\/pages\/938\/revisions\/940"}],"wp:attachment":[{"href":"https:\/\/fn.se\/stockholm\/wp-json\/wp\/v2\/media?parent=938"}],"curies":[{"name":"wp","href":"https:\/\/api.w.org\/{rel}","templated":true}]}}