{"id":877,"date":"2018-03-09T12:03:02","date_gmt":"2018-03-09T12:03:02","guid":{"rendered":"https:\/\/fn.se\/stockholm\/?page_id=877"},"modified":"2018-03-09T12:16:31","modified_gmt":"2018-03-09T12:16:31","slug":"internationella-kvinnodagen-8-mars","status":"publish","type":"page","link":"https:\/\/fn.se\/stockholm\/internationella-kvinnodagen-8-mars\/","title":{"rendered":"Internationella kvinnodagen 8 mars!"},"content":{"rendered":"<h1><a href=\"https:\/\/fn.se\/stockholm\/wp-content\/uploads\/sites\/32\/2018\/03\/samlingsbild.jpg\"><img loading=\"lazy\" decoding=\"async\" class=\" wp-image-886 aligncenter\" src=\"https:\/\/fn.se\/stockholm\/wp-content\/uploads\/sites\/32\/2018\/03\/samlingsbild.jpg\" alt=\"\" width=\"1007\" height=\"1007\" srcset=\"https:\/\/fn.se\/stockholm\/wp-content\/uploads\/sites\/32\/2018\/03\/samlingsbild.jpg 1080w, https:\/\/fn.se\/stockholm\/wp-content\/uploads\/sites\/32\/2018\/03\/samlingsbild-150x150.jpg 150w, https:\/\/fn.se\/stockholm\/wp-content\/uploads\/sites\/32\/2018\/03\/samlingsbild-300x300.jpg 300w, https:\/\/fn.se\/stockholm\/wp-content\/uploads\/sites\/32\/2018\/03\/samlingsbild-768x768.jpg 768w, https:\/\/fn.se\/stockholm\/wp-content\/uploads\/sites\/32\/2018\/03\/samlingsbild-1024x1024.jpg 1024w, https:\/\/fn.se\/stockholm\/wp-content\/uploads\/sites\/32\/2018\/03\/samlingsbild-320x320.jpg 320w, https:\/\/fn.se\/stockholm\/wp-content\/uploads\/sites\/32\/2018\/03\/samlingsbild-700x700.jpg 700w\" sizes=\"auto, (max-width: 1007px) 100vw, 1007px\" \/><\/a><\/h1>\n<h1>Stockholms FN-f\u00f6renings arbete under internationella kvinnodagen.<\/h1>\n<p>Vi i f\u00f6reningen valde att delta aktivt p\u00e5 seminarium, event och spridda information via v\u00e5ra sociala medier under internationella kvinnodagen och startade redan m\u00e5ndagen den 5 mars och firade internationella kvinnodagen en hel vecka, f\u00f6r att det \u00e4r ju n\u00e5got som ska vara aktuellt varje dag! Vi bad v\u00e5ra medlemmar att delta i firandet, inbjudan kan ses <a href=\"https:\/\/fn.se\/stockholm\/840-2\/\">h\u00e4r<\/a>.<\/p>\n<p>Ordf\u00f6rande, <strong>Gertrud \u00c5str\u00f6m<\/strong>, startade kvinnoveckan med historien bakom 8 mars, l\u00e4s om det <a href=\"https:\/\/fn.se\/stockholm\/8-mars\/\">h\u00e4r<\/a>!<\/p>\n<p>Kvinnoveckan forts\u00e4tt och vi ville lyfta fram viktiga<strong> event och projekt<\/strong> i samband med 8 mars, l\u00e4s mer <a href=\"https:\/\/fn.se\/stockholm\/851-2\/\">h\u00e4r<\/a>!<\/p>\n<p>Vi avslutade kvinnoveckan med en intervju med\u00a0<strong>Lotta Segerstr\u00f6m &amp; Karolina Vrethem<\/strong> om kvinnor i s\u00e4kerhetsr\u00e5det, l\u00e4s intervjun <a href=\"https:\/\/fn.se\/stockholm\/?page_id=872&amp;preview=true\">h\u00e4r<\/a>.<\/p>\n<p>Tack!<\/p>\n<p>&nbsp;<\/p>\n","protected":false},"excerpt":{"rendered":"<p>Stockholms FN-f\u00f6renings arbete under internationella kvinnodagen. Vi i f\u00f6reningen valde att delta aktivt p\u00e5 seminarium, event och spridda information via&hellip;<\/p>\n","protected":false},"author":86,"featured_media":0,"parent":0,"menu_order":0,"comment_status":"closed","ping_status":"closed","template":"","meta":{"_acf_changed":false,"footnotes":"","_links_to":"","_links_to_target":""},"class_list":["post-877","page","type-page","status-publish","hentry"],"acf":[],"_links":{"self":[{"href":"https:\/\/fn.se\/stockholm\/wp-json\/wp\/v2\/pages\/877","targetHints":{"allow":["GET"]}}],"collection":[{"href":"https:\/\/fn.se\/stockholm\/wp-json\/wp\/v2\/pages"}],"about":[{"href":"https:\/\/fn.se\/stockholm\/wp-json\/wp\/v2\/types\/page"}],"author":[{"embeddable":true,"href":"https:\/\/fn.se\/stockholm\/wp-json\/wp\/v2\/users\/86"}],"replies":[{"embeddable":true,"href":"https:\/\/fn.se\/stockholm\/wp-json\/wp\/v2\/comments?post=877"}],"version-history":[{"count":4,"href":"https:\/\/fn.se\/stockholm\/wp-json\/wp\/v2\/pages\/877\/revisions"}],"predecessor-version":[{"id":887,"href":"https:\/\/fn.se\/stockholm\/wp-json\/wp\/v2\/pages\/877\/revisions\/887"}],"wp:attachment":[{"href":"https:\/\/fn.se\/stockholm\/wp-json\/wp\/v2\/media?parent=877"}],"curies":[{"name":"wp","href":"https:\/\/api.w.org\/{rel}","templated":true}]}}