{"id":872,"date":"2018-03-09T11:47:54","date_gmt":"2018-03-09T11:47:54","guid":{"rendered":"https:\/\/fn.se\/stockholm\/?page_id=872"},"modified":"2018-03-09T11:47:54","modified_gmt":"2018-03-09T11:47:54","slug":"sveriges-rost-for-kvinnor-i-sakerhetsradet","status":"publish","type":"page","link":"https:\/\/fn.se\/stockholm\/sveriges-rost-for-kvinnor-i-sakerhetsradet\/","title":{"rendered":"Sveriges r\u00f6st f\u00f6r kvinnor i s\u00e4kerhetsr\u00e5det!"},"content":{"rendered":"<h1><strong>Sveriges r\u00f6st f\u00f6r kvinnor i s\u00e4kerhetsr\u00e5det!<\/strong><\/h1>\n<p><em>Det var en stor seger f\u00f6r svensk utrikespolitik och svensk diplomati n\u00e4r Sverige valdes in i s\u00e4kerhetsr\u00e5det den 1 januari 2017. En av Sveriges fokusomr\u00e5den i s\u00e4kerhetsr\u00e5det har varit arbetet med <u>kvinnor, fred och s\u00e4kerhet<\/u>. Sverige \u00e4r nu halvv\u00e4gs genom det tv\u00e5\u00e5riga medlemskapet i s\u00e4kerhetsr\u00e5det. Fr\u00e5gan \u00e4r om Sveriges medlemskap hittills har lett till n\u00e5gon skillnad f\u00f6r kvinnor i v\u00e4rlden?<\/em><\/p>\n<p><strong>&#8211; Hur kom det sig att Sverige fr\u00e5n b\u00f6rjan valde kvinnor, fred och s\u00e4kerhet som ett prioriteringsomr\u00e5de?<br \/>\n<\/strong>Sveriges regering bedrev sedan innan medlemskapet en feministisk utrikespolitik, d\u00e4r j\u00e4mst\u00e4lldhet mellan kvinnor och m\u00e4n utg\u00f6r en grundl\u00e4ggande m\u00e5ls\u00e4ttning f\u00f6r utrikespolitiken. N\u00e4r Sverige valdes in i s\u00e4kerhetsr\u00e5det blev det en naturlig prioritering. J\u00e4mst\u00e4lldhet \u00e4r ett m\u00e5l i sig, men ocks\u00e5 en f\u00f6ruts\u00e4ttning f\u00f6r att n\u00e5 andra \u00f6vergripande m\u00e5l som fred, s\u00e4kerhet och h\u00e5llbar utveckling.<\/p>\n<p><strong>\u00a0&#8211;\u00a0<\/strong><strong>Halvv\u00e4gs in i medlemskapet, har Sverige bidragit till n\u00e5gon f\u00f6r\u00e4ndring?<br \/>\n<\/strong>Sverige var i b\u00f6rjan ganska ensamma med att driva fr\u00e5gan om kvinnors r\u00e4ttigheter. Idag kan vi se en attitydf\u00f6r\u00e4ndring hos flera medlemsl\u00e4nder som i allt st\u00f6rre utstr\u00e4ckning st\u00f6ttar oss i dessa fr\u00e5gor. Vi kan se resultat p\u00e5 flera olika omr\u00e5den. Dels har vi f\u00f6rt in starkare formuleringar om kvinnor i resolutioner, uttalanden och mandat f\u00f6r fredsinsatser. Vi har ocks\u00e5 \u00f6kat kvinnligt deltagande i fredsarbete i bl.a. Mali, Colombia, Syrien. Kvinnor omn\u00e4mndes i samtliga s\u00e4kerhetsr\u00e5ds uttalanden om krissituationer under 2017 \u2013 motsvarande siffra 2016 var 69 procent. Sverige har ocks\u00e5 <strong>startat och st\u00f6tt n\u00e4tverk av kvinnliga fredsmedlare men \u00e4ven st\u00e4rkt j\u00e4mst\u00e4lldhetsperspektiv i arbetet med nedrustning och ickespridning.<\/strong><\/p>\n<p><strong>&#8211; Finns det n\u00e5got exempel som utm\u00e4rker sig s\u00e4rskilt positivt?<br \/>\n<\/strong>S\u00e5dana exempel skulle kunna vara mandaten i Bosnien och Cypern d\u00e4r vi fick in skrivningar d\u00e4r det tidigare inte funnits n\u00e5gon referens till kvinnor, fred och s\u00e4kerhet.<\/p>\n<p><strong>\u00a0&#8211;\u00a0<\/strong><strong>Hur ser Sveriges prioriteringar inom kvinnor fred och s\u00e4kerhet ut inf\u00f6r 2018 och hur ska arbetet tas vidare efter att kandidaturen har g\u00e5tt ut?<br \/>\n<\/strong>S\u00e4kerhetsr\u00e5det <a href=\"http:\/\/www.regeringen.se\/tal\/2017\/10\/tal-vid-fns-sakerhetsrads-debatt-om-resolution-1325-om-kvinnor-fred-och-sakerhet\/\">beh\u00f6ver i flera fall g\u00e5 fr\u00e5n ord till handling<\/a> f\u00f6r att se till att kvinnor kan delta i fredsprocesser och hindra att kvinnor i konfliktl\u00e4nder uts\u00e4tts f\u00f6r v\u00e5ld. \u00a0Sverige har en handlingsplan som g\u00e4ller 2016\u20132020. Vi jobbar \u00e4ven inom EU och forts\u00e4tter arbeta inom FN med dessa fr\u00e5gor.<\/p>\n<p><strong>Samtal med Utrikesdepartementets departementssekreterare, Lotta Segerstr\u00f6m &amp; Karolina Vrethem, som b\u00e5da arbetar med kvinnor, fred och s\u00e4kerhetsfr\u00e5gor p\u00e5 FN-enheten respektive enheten f\u00f6r konfliktfr\u00e5gor &amp; humanit\u00e4r politik.<\/strong><\/p>\n","protected":false},"excerpt":{"rendered":"<p>Sveriges r\u00f6st f\u00f6r kvinnor i s\u00e4kerhetsr\u00e5det! Det var en stor seger f\u00f6r svensk utrikespolitik och svensk diplomati n\u00e4r Sverige valdes&hellip;<\/p>\n","protected":false},"author":86,"featured_media":0,"parent":0,"menu_order":0,"comment_status":"closed","ping_status":"closed","template":"","meta":{"_acf_changed":false,"footnotes":"","_links_to":"","_links_to_target":""},"class_list":["post-872","page","type-page","status-publish","hentry"],"acf":[],"_links":{"self":[{"href":"https:\/\/fn.se\/stockholm\/wp-json\/wp\/v2\/pages\/872","targetHints":{"allow":["GET"]}}],"collection":[{"href":"https:\/\/fn.se\/stockholm\/wp-json\/wp\/v2\/pages"}],"about":[{"href":"https:\/\/fn.se\/stockholm\/wp-json\/wp\/v2\/types\/page"}],"author":[{"embeddable":true,"href":"https:\/\/fn.se\/stockholm\/wp-json\/wp\/v2\/users\/86"}],"replies":[{"embeddable":true,"href":"https:\/\/fn.se\/stockholm\/wp-json\/wp\/v2\/comments?post=872"}],"version-history":[{"count":1,"href":"https:\/\/fn.se\/stockholm\/wp-json\/wp\/v2\/pages\/872\/revisions"}],"predecessor-version":[{"id":875,"href":"https:\/\/fn.se\/stockholm\/wp-json\/wp\/v2\/pages\/872\/revisions\/875"}],"wp:attachment":[{"href":"https:\/\/fn.se\/stockholm\/wp-json\/wp\/v2\/media?parent=872"}],"curies":[{"name":"wp","href":"https:\/\/api.w.org\/{rel}","templated":true}]}}