{"id":851,"date":"2018-03-06T14:20:28","date_gmt":"2018-03-06T14:20:28","guid":{"rendered":"https:\/\/fn.se\/stockholm\/?page_id=851"},"modified":"2018-03-06T14:25:19","modified_gmt":"2018-03-06T14:25:19","slug":"851-2","status":"publish","type":"page","link":"https:\/\/fn.se\/stockholm\/851-2\/","title":{"rendered":"8 mars med Stockholms FN-f\u00f6rening!"},"content":{"rendered":"<h1 style=\"text-align: center\"><a href=\"https:\/\/fn.se\/stockholm\/wp-content\/uploads\/sites\/32\/2018\/03\/kvinnodagne.png\"><img loading=\"lazy\" decoding=\"async\" class=\"wp-image-856 alignleft\" src=\"https:\/\/fn.se\/stockholm\/wp-content\/uploads\/sites\/32\/2018\/03\/kvinnodagne.png\" alt=\"\" width=\"239\" height=\"298\" \/><\/a><\/h1>\n<h1 style=\"text-align: left\">8 mars med Stockholms FN-f\u00f6rening!<\/h1>\n<p style=\"text-align: left\">Vi p\u00e5 Stockholms FN-f\u00f6rening vill lyfta fram internationella kvinnodagen mer \u00e4n bara p\u00e5 torsdag och vi b\u00f6rjade redan ig\u00e5r! Nedanf\u00f6r kommer ni f\u00e5 ta del av tre viktiga evenemang och projekt i samband med 8 mars som Stockholms FN-f\u00f6rening vill lyfta fram och gl\u00f6m inte att f\u00f6lja oss p\u00e5 v\u00e5ra sociala medier f\u00f6r att vara med p\u00e5 v\u00e5rt firande hela veckan!<\/p>\n<p><strong>Instagram<\/strong> \u2013 @stockholmsfnforening<br \/>\n<strong>Facebook<\/strong> \u2013 @StockholmsFNf\u00f6rening<br \/>\n<strong>Twitter<\/strong> \u2013 @SthlmFNforening<br \/>\n<strong>Hemsida<\/strong> \u2013 <a href=\"https:\/\/fn.se\/stockholm\/\">https:\/\/fn.se\/stockholm\/<\/a><\/p>\n<p>&nbsp;<\/p>\n<p>&nbsp;<\/p>\n<p><em>I FN:s Kvinnokonvention sl\u00e5r artikel 6 fast att alla stater som skrivit under konventionen ska vidta alla l\u00e4mpliga \u00e5tg\u00e4rder, inklusive lagstiftning, f\u00f6r att bek\u00e4mpa alla former av handel med kvinnor och utnyttjande av kvinnoprostitution. Kopplingen mellan pornografi och prostitution och m\u00e4nniskohandel \u00e4r sedan l\u00e4nge bevisad men fortfarande ifr\u00e5gasatt av starka och organiserade intressen som tj\u00e4nar pengar p\u00e5 exploatering av kvinnor. Detta \u00e4r d\u00e4rf\u00f6r en viktig fr\u00e5ga FN och kvinnor\u00f6relsen.<\/em><\/p>\n<p><em>&#8211; Gertrud \u00c5str\u00f6m , ordf\u00f6rande<\/em><\/p>\n<h1>Varmt v\u00e4lkommen till konferensen Porren \u2013 elefanten i rummet 2018!<\/h1>\n<p>Den 9 mars arrangerar Unizon en heldagskonferens om porrens p\u00e5verkan p\u00e5 folkh\u00e4lsan och sexualiteten och om hur vi f\u00f6rebygger och motverkar m\u00e4ns och killars sexuella \u00f6vergrepp.<\/p>\n<p>F\u00f6rel\u00e4sare:<br \/>\n&#8211; <strong>John Carr<\/strong>, jurist, IT- och barnr\u00e4ttsexpert och r\u00e5dgivare \u00e5t brittiska regeringen, ber\u00e4ttar om det brittiska arbetet f\u00f6r att begr\u00e4nsa spridning av pornografi till barn och unga, bl.a. med hj\u00e4lp av porrfilter och lagstiftning om \u00e5ldersverifikation.<br \/>\n&#8211; Nina Rung, Peter S\u00f6derstr\u00f6m, f\u00f6r\u00e4ldrauppropet #porrfribarndom, Maria Ahlin, Ulrica Stigberg, Olga Persson med flera experter och inspirat\u00f6rer.<\/p>\n<p><strong>Datum<\/strong>: fredag den 9:e mars<br \/>\n<strong>Tid<\/strong>: 9.00 \u2013 16.00<br \/>\n<strong>Plats:<\/strong> Grand Central, Kungsgatan 70, Stockholm<br \/>\n<strong>Anm\u00e4lan<\/strong>: via Simple Signup eller med faktureringsadress till info@unizon.se, senast den 6:e mars<br \/>\n<strong>Kostnad:<\/strong> 750 kronor inklusive moms, lunch och fika. 500 kronor i no show-avgift<br \/>\n<strong>Facebook-event<\/strong>: <a href=\"https:\/\/www.facebook.com\/events\/1609643409121242\/\">https:\/\/www.facebook.com\/events\/1609643409121242\/<\/a><\/p>\n<p>Varmt v\u00e4lkommen!<\/p>\n<p>H\u00e4lsningar<\/p>\n<p><strong>Unizon<\/strong><\/p>\n<p>&nbsp;<\/p>\n<h1>Hur ska oj\u00e4mst\u00e4lldheten p\u00e5 arbetsmarknaden brytas<em>?<\/em><\/h1>\n<p>P\u00e5 Internationella kvinnodagen 8 mars bjuder 16:02-r\u00f6relsen in till partidebatt om j\u00e4mst\u00e4llda l\u00f6ner p\u00e5 Kulturhuset i Stockholm. V\u00e4lkomna!<\/p>\n<p><strong>Medverkande:<\/strong> Ebba Busch Thor, partiledare Kd, Isabella L\u00f6vin, vice statsminister och partiledare Mp, Jonas Sj\u00f6stedt, partiledare V, Maria Arnholm, partisekreterare L, Ylva Johansson, arbetsmarknadsminister S, Karin Enstr\u00f6m, riksdagsledamot M, Anders W Jonsson, f\u00f6rste vice partiordf\u00f6rande C.<\/p>\n<p><strong>TID:<\/strong> 8 mars kl. 12-13<br \/>\n<strong>PLATS:<\/strong> Foaj\u00e9 3, Kulturhuset, Stockholm<br \/>\n<strong>FRI ENTR\u00c9:<\/strong> Ingen f\u00f6ranm\u00e4lan kr\u00e4vs<\/p>\n<p>\u25b2Debatten teckenspr\u00e5kstolkas. H\u00f6rselslinga finns.<\/p>\n<p>\u25b2Delta i debatten under: #l\u00f6nheladagen<\/p>\n<p>\u25b2Kontakt f\u00f6r fr\u00e5gor: hej@lonheladagen.se<\/p>\n<p>\u25b2Facebook-event f\u00f6r debatten hittar du <a href=\"https:\/\/www.facebook.com\/events\/156701034922792\/\">h\u00e4r.<\/a><\/p>\n<p>Varmt v\u00e4lkomna<\/p>\n<p>&nbsp;<\/p>\n<h1>PROJEKT \u2013 R\u00d6STR\u00c4TT!<\/h1>\n<p><em>\u201dOm inte jag g\u00f6r min r\u00f6st h\u00f6rd anv\u00e4nder n\u00e5gon annan min tystnad\u201d<br \/>\n<\/em><\/p>\n<p>Sveriges Kvinnolobby har med hj\u00e4lp av medel f\u00e5n Svenska Postkodstiftelsen inlett projektet R\u00f6str\u00e4tt. Med projektet vill vi f\u00f6rdjupa demokratin och bidra till ett \u00f6kat valdeltagande f\u00f6r utrikes f\u00f6dda kvinnor i valet den 9:e september. I det senaste riksdagsvalet r\u00f6stade n\u00e4rmare 90 procent av inrikes f\u00f6dda kvinnor, j\u00e4mf\u00f6rt med 72 procent av utrikes f\u00f6dda kvinnor. Studier har visat att personer som bor i omr\u00e5den med l\u00e5g syssels\u00e4ttningsgrad \u00e4r mindre intresserade av och har s\u00e4mre kunskap om politiska f\u00f6rh\u00e5llanden. De har ocks\u00e5 en mer negativ bild av politikens m\u00f6jligheter till f\u00f6r\u00e4ndring av samh\u00e4llet. Sverige Kvinnolobby vill bidra till att minska avst\u00e5ndet mellan politiken och v\u00e4ljarna. Vi vill bidra till h\u00f6jt valdeltagande och \u00f6kad demokratisk delaktighet f\u00f6r utrikes f\u00f6dda kvinnor, och skapa en grund f\u00f6r fortsatt politiskt engagemang hos denna, ofta underrepresenterade, grupp. Under v\u00e5ren och sommaren 2018 kommer Sveriges Kvinnolobby, tillsammans med medlemsorganisationer, kommuner och andra civilsamh\u00e4llets akt\u00f6rer tillsammans arbeta f\u00f6r att \u00f6ka den demokratiska delaktigheten. Vi kommer att ordna valaktiviteter, politikerutfr\u00e5gningar, debatter, valvaka och mycket annat.<\/p>\n<p>Om du vill engagera dig eller har du fr\u00e5gor om projektet, kontakta projektledare: Malpuri Groth p\u00e5 malpuri.groth@sverigeskvinnolobby.se<\/p>\n<p><strong>INFORMATIONSMATERIAL<br \/>\n<\/strong>Vi kommer inom kort att ta fram ett material som inneh\u00e5ller praktisk information om valet och vad de politiska partierna vill g\u00f6ra inom viktiga fr\u00e5gor och omr\u00e5den som tar till vara kvinnors r\u00e4ttigheter i samh\u00e4llet. Materialet kommer tas fram p\u00e5 olika spr\u00e5k och finnas p\u00e5 v\u00e5r hemsida.<\/p>\n<p><strong>VILL DU VARA AMBASSAD\u00d6R F\u00d6R DEMOKRATIN?<br \/>\n<\/strong>Vi s\u00f6ker dig som vill vara demokratiambassad\u00f6r i Stockholm, Malm\u00f6 och G\u00f6teborg! Vi s\u00f6ker fram f\u00f6r allt kvinnor och tjejer som talar n\u00e5got av spr\u00e5ken arabiska, somaliska, finska, persiska, kurdiska, soriani, pashto, urdu, farsi, tigrinja eller n\u00e5got annat. Som demokratiambassad\u00f6r \u00e4r du med och sprider information, tillvaratar och bidrar med engagemang!\u00a0 Det kan till exempel handla om att informera om demokrati- och j\u00e4mst\u00e4lldhetsfr\u00e5gor p\u00e5 gator, torg, i vardagsrum, p\u00e5 n\u00e4tet, i f\u00f6reningslokaler med mera. Ni kommer att tillsammans med Sveriges Kvinnolobby utforma och h\u00e5lla i informationstr\u00e4ffar och valaktiviteter som \u00e4r kreativa, informativa och uppmana till diskussion.<\/p>\n<p>Dina uppgifter som demokratiambassad\u00f6r:<\/p>\n<ul>\n<li>Delta i kompetensutvecklande utbildning i demokrati, j\u00e4mst\u00e4lldhet och samtalsledning<\/li>\n<li>Utf\u00f6ra och bidra till valaktiviteter (minst en under sommaren\/tidig h\u00f6st 2018)<\/li>\n<li>Om intresse finns vara med vid genomf\u00f6randet av partidebatter\/medborgarutfr\u00e5gningar<\/li>\n<li>Vara med och distribuera v\u00e5rt informationsmaterial<\/li>\n<\/ul>\n<p>Du som demokratiambassad\u00f6r har du f\u00f6rm\u00e5nen att g\u00e5 p\u00e5 Sveriges Kvinnolobbys utbildning och f\u00f6rv\u00e4ntas initiera och leda en informationsaktivitet. Det \u00e4r bara bra om informationstr\u00e4ffen h\u00e5lls i ett sammanhang d\u00e4r du redan brukar vara, t.ex. f\u00f6reningar, tr\u00e4ffar etc. (Resor och utl\u00e4gg kommer att ers\u00e4ttas. Det kommer ocks\u00e5 att utg\u00e5 en symbolisk ers\u00e4ttning.) M\u00e5let med projektet \u00e4r att 3 000 kvinnor som annars inte skulle ha r\u00f6stat ska g\u00e5 till vallokalen med sin \u00e5sikt om hur Sverige ska styras.<\/p>\n<p>Kontakta Malpuri Groth p\u00e5: malpuri.groth@sverigeskvinnolobby.se vid intresse!<br \/>\n<strong>DU SOM VILL G\u00d6RA N\u00c5GOT EXTRA I DIN BEFINTLIGA YRKESUT\u00d6VNING<br \/>\n<\/strong>\u00c4r du barnmorska, fris\u00f6r, butiksbitr\u00e4de, idrottsledare, l\u00e4rare, servicehandl\u00e4ggare, bibliotekarie, tj\u00e4nsteperson p\u00e5 en myndighet eller kommun? M\u00f6ter du kvinnor i din vardag som kanske inte kommer att g\u00e5 till vallokalerna? D\u00e5 kan du vara med och p\u00e5verka deras f\u00f6rtroende f\u00f6r politiken och f\u00f6r att g\u00f6ra sina r\u00f6ster h\u00f6rda!<\/p>\n<p><strong>VAD H\u00c4NDER SEN?<br \/>\n<\/strong>Efter valet kommer Sveriges Kvinnolobby tillsammans med en referensgrupp att ta fram ett metodkit f\u00f6r att ta tillvara erfarenheter fr\u00e5n projektet. Materialet ska vara ett st\u00f6d f\u00f6r kommuner, regioner och landsting inf\u00f6r kommande val, s\u00e5 som Europaparlamentsvalet 2019, men ocks\u00e5 f\u00f6r att \u00f6ka utrikes f\u00f6dda kvinnors delaktighet och inflytande i stort. Vi kommer ocks\u00e5 att f\u00f6lja upp med aktiviteter f\u00f6r de som varit engagerade under valr\u00f6relsen och facilitera organiseringen och engagemanget som vi hoppas ska v\u00e4ckas av projektet.<\/p>\n","protected":false},"excerpt":{"rendered":"<p>8 mars med Stockholms FN-f\u00f6rening! Vi p\u00e5 Stockholms FN-f\u00f6rening vill lyfta fram internationella kvinnodagen mer \u00e4n bara p\u00e5 torsdag och&hellip;<\/p>\n","protected":false},"author":86,"featured_media":0,"parent":0,"menu_order":0,"comment_status":"closed","ping_status":"closed","template":"","meta":{"_acf_changed":false,"footnotes":"","_links_to":"","_links_to_target":""},"class_list":["post-851","page","type-page","status-publish","hentry"],"acf":[],"_links":{"self":[{"href":"https:\/\/fn.se\/stockholm\/wp-json\/wp\/v2\/pages\/851","targetHints":{"allow":["GET"]}}],"collection":[{"href":"https:\/\/fn.se\/stockholm\/wp-json\/wp\/v2\/pages"}],"about":[{"href":"https:\/\/fn.se\/stockholm\/wp-json\/wp\/v2\/types\/page"}],"author":[{"embeddable":true,"href":"https:\/\/fn.se\/stockholm\/wp-json\/wp\/v2\/users\/86"}],"replies":[{"embeddable":true,"href":"https:\/\/fn.se\/stockholm\/wp-json\/wp\/v2\/comments?post=851"}],"version-history":[{"count":12,"href":"https:\/\/fn.se\/stockholm\/wp-json\/wp\/v2\/pages\/851\/revisions"}],"predecessor-version":[{"id":864,"href":"https:\/\/fn.se\/stockholm\/wp-json\/wp\/v2\/pages\/851\/revisions\/864"}],"wp:attachment":[{"href":"https:\/\/fn.se\/stockholm\/wp-json\/wp\/v2\/media?parent=851"}],"curies":[{"name":"wp","href":"https:\/\/api.w.org\/{rel}","templated":true}]}}