{"id":850,"date":"2018-03-20T17:13:27","date_gmt":"2018-03-20T17:13:27","guid":{"rendered":"https:\/\/fn.se\/stockholm\/?page_id=850"},"modified":"2018-03-22T12:27:09","modified_gmt":"2018-03-22T12:27:09","slug":"seminarium-med-jan-eliasson-i-abf-huset","status":"publish","type":"page","link":"https:\/\/fn.se\/stockholm\/seminarium-med-jan-eliasson-i-abf-huset\/","title":{"rendered":"Seminarium med Jan Eliasson i ABF-huset"},"content":{"rendered":"<h1 style=\"text-align: center\">Seminarium med Jan Eliasson i ABF-huset<\/h1>\n<p><a href=\"https:\/\/fn.se\/stockholm\/wp-content\/uploads\/sites\/32\/2018\/03\/28946122_10211337254011405_2137367787_o.jpg\"><img loading=\"lazy\" decoding=\"async\" class=\"alignnone size-full wp-image-902\" src=\"https:\/\/fn.se\/stockholm\/wp-content\/uploads\/sites\/32\/2018\/03\/28946122_10211337254011405_2137367787_o.jpg\" alt=\"\" width=\"4032\" height=\"3024\" \/><\/a> <a href=\"https:\/\/fn.se\/stockholm\/wp-content\/uploads\/sites\/32\/2018\/03\/28946743_10211337253651396_461245628_o.jpg\"><img loading=\"lazy\" decoding=\"async\" class=\"alignnone size-full wp-image-903\" src=\"https:\/\/fn.se\/stockholm\/wp-content\/uploads\/sites\/32\/2018\/03\/28946743_10211337253651396_461245628_o.jpg\" alt=\"\" width=\"4032\" height=\"3024\" srcset=\"https:\/\/fn.se\/stockholm\/wp-content\/uploads\/sites\/32\/2018\/03\/28946743_10211337253651396_461245628_o.jpg 4032w, https:\/\/fn.se\/stockholm\/wp-content\/uploads\/sites\/32\/2018\/03\/28946743_10211337253651396_461245628_o-300x225.jpg 300w, https:\/\/fn.se\/stockholm\/wp-content\/uploads\/sites\/32\/2018\/03\/28946743_10211337253651396_461245628_o-768x576.jpg 768w, https:\/\/fn.se\/stockholm\/wp-content\/uploads\/sites\/32\/2018\/03\/28946743_10211337253651396_461245628_o-1024x768.jpg 1024w, https:\/\/fn.se\/stockholm\/wp-content\/uploads\/sites\/32\/2018\/03\/28946743_10211337253651396_461245628_o-427x320.jpg 427w, https:\/\/fn.se\/stockholm\/wp-content\/uploads\/sites\/32\/2018\/03\/28946743_10211337253651396_461245628_o-933x700.jpg 933w\" sizes=\"auto, (max-width: 4032px) 100vw, 4032px\" \/><\/a><\/p>\n<p style=\"text-align: center\">Efter en tid som n\u00e4st h\u00f6gste chef f\u00f6r F\u00f6renta nationerna sammanfattar <strong>Jan Eliasson<\/strong> sina iakttagelser och erfarenheter om krig och konflikter, fred och s\u00e4kerhet, utvecklingsfr\u00e5gor, problem och m\u00f6jligheter i dagens v\u00e4rld. Seminariet med<strong> Jan Eliasson<\/strong>\u00a0var ytterst attraktivt och sp\u00e4nnande f\u00f6r alla inblandade.<\/p>\n<p>Medverkande:<br \/>\n<strong>Jan Eliasson<\/strong>, tidigare vice generalsekreterare vid FN, nuvarande ordf\u00f6rande vid SIPRI<br \/>\n<strong>Katarina Engberg<\/strong>, fil dr i freds- och konfliktforskning, tidigare verksam vid Statsr\u00e5dsberedningen, F\u00f6rsvarsdepartementet och F\u00f6rsvarsmakten, samtalsledare<\/p>\n<p><strong>\u00a0Seminariet spelades in och g\u00e5r att se i SVT Forum\/SVT2 fr\u00e5n och med 4:e mars. Se SVT:s programtabl\u00e5 f\u00f6r exakt information.<\/strong><\/p>\n","protected":false},"excerpt":{"rendered":"<p>Seminarium med Jan Eliasson i ABF-huset Efter en tid som n\u00e4st h\u00f6gste chef f\u00f6r F\u00f6renta nationerna sammanfattar Jan Eliasson sina&hellip;<\/p>\n","protected":false},"author":86,"featured_media":0,"parent":0,"menu_order":0,"comment_status":"closed","ping_status":"closed","template":"","meta":{"_acf_changed":false,"footnotes":"","_links_to":"","_links_to_target":""},"class_list":["post-850","page","type-page","status-publish","hentry"],"acf":[],"_links":{"self":[{"href":"https:\/\/fn.se\/stockholm\/wp-json\/wp\/v2\/pages\/850","targetHints":{"allow":["GET"]}}],"collection":[{"href":"https:\/\/fn.se\/stockholm\/wp-json\/wp\/v2\/pages"}],"about":[{"href":"https:\/\/fn.se\/stockholm\/wp-json\/wp\/v2\/types\/page"}],"author":[{"embeddable":true,"href":"https:\/\/fn.se\/stockholm\/wp-json\/wp\/v2\/users\/86"}],"replies":[{"embeddable":true,"href":"https:\/\/fn.se\/stockholm\/wp-json\/wp\/v2\/comments?post=850"}],"version-history":[{"count":3,"href":"https:\/\/fn.se\/stockholm\/wp-json\/wp\/v2\/pages\/850\/revisions"}],"predecessor-version":[{"id":907,"href":"https:\/\/fn.se\/stockholm\/wp-json\/wp\/v2\/pages\/850\/revisions\/907"}],"wp:attachment":[{"href":"https:\/\/fn.se\/stockholm\/wp-json\/wp\/v2\/media?parent=850"}],"curies":[{"name":"wp","href":"https:\/\/api.w.org\/{rel}","templated":true}]}}