{"id":85,"date":"2016-09-30T15:22:07","date_gmt":"2016-09-30T15:22:07","guid":{"rendered":"http:\/\/fn.se\/stockholm\/?page_id=85"},"modified":"2016-09-30T15:22:07","modified_gmt":"2016-09-30T15:22:07","slug":"koll-pa-studentsektionen","status":"publish","type":"page","link":"https:\/\/fn.se\/stockholm\/koll-pa-studentsektionen\/","title":{"rendered":"Koll p\u00e5: Studentsektionen"},"content":{"rendered":"<h1>Koll p\u00e5: Studentsektionen<\/h1>\n<p><img loading=\"lazy\" decoding=\"async\" class=\"wp-image-86 size-full alignleft\" src=\"https:\/\/fn.se\/stockholm\/wp-content\/uploads\/sites\/32\/2016\/09\/Malin-och-Sophia.jpg\" alt=\"*\" width=\"533\" height=\"401\" \/><\/p>\n<p>&nbsp;<\/p>\n<p>&nbsp;<\/p>\n<p>&nbsp;<\/p>\n<p>&nbsp;<\/p>\n<p>&nbsp;<\/p>\n<p>&nbsp;<\/p>\n<p>&nbsp;<\/p>\n<p>&nbsp;<\/p>\n<p>&nbsp;<\/p>\n<p>&nbsp;<\/p>\n<p>&nbsp;<\/p>\n<p>Den 2 juni publicerades en artikel om <strong><a href=\"https:\/\/www.facebook.com\/UNAStockholmUniversity\">Stockholms FN-f\u00f6renings Studentsektion<\/a><\/strong> i <strong>UNg-bloggen<\/strong>, som skrivs av Svenska FN-f\u00f6rbundets Ungdomssekreterare Martin Holmberg.<\/p>\n<p>Intervjun \u00e4r med Studentsektionens ordf\u00f6rande <strong>Malin S\u00f6rberg<\/strong> och vice ordf\u00f6rande <strong>Sophia Tuwesdotter<\/strong> d\u00e4r de ber\u00e4ttar om sitt personliga engagemang s\u00e5v\u00e4l som sektionens verksamhet.<\/p>\n<h3><strong>Artikeln hittar ni <a href=\"http:\/\/www.ungbloggen.se\/inlagg-skrivna-av\/martin-holmberg\/koll-pa-stockholm-fn-forenings-studentsektion\/\">h\u00e4r!<\/a><\/strong><\/h3>\n","protected":false},"excerpt":{"rendered":"<p>Koll p\u00e5: Studentsektionen &nbsp; &nbsp; &nbsp; &nbsp; &nbsp; &nbsp; &nbsp; &nbsp; &nbsp; &nbsp; &nbsp; Den 2 juni publicerades en artikel&hellip;<\/p>\n","protected":false},"author":17,"featured_media":0,"parent":0,"menu_order":0,"comment_status":"closed","ping_status":"closed","template":"","meta":{"_acf_changed":false,"footnotes":"","_links_to":"","_links_to_target":""},"class_list":["post-85","page","type-page","status-publish","hentry"],"acf":[],"_links":{"self":[{"href":"https:\/\/fn.se\/stockholm\/wp-json\/wp\/v2\/pages\/85","targetHints":{"allow":["GET"]}}],"collection":[{"href":"https:\/\/fn.se\/stockholm\/wp-json\/wp\/v2\/pages"}],"about":[{"href":"https:\/\/fn.se\/stockholm\/wp-json\/wp\/v2\/types\/page"}],"author":[{"embeddable":true,"href":"https:\/\/fn.se\/stockholm\/wp-json\/wp\/v2\/users\/17"}],"replies":[{"embeddable":true,"href":"https:\/\/fn.se\/stockholm\/wp-json\/wp\/v2\/comments?post=85"}],"version-history":[{"count":1,"href":"https:\/\/fn.se\/stockholm\/wp-json\/wp\/v2\/pages\/85\/revisions"}],"predecessor-version":[{"id":88,"href":"https:\/\/fn.se\/stockholm\/wp-json\/wp\/v2\/pages\/85\/revisions\/88"}],"wp:attachment":[{"href":"https:\/\/fn.se\/stockholm\/wp-json\/wp\/v2\/media?parent=85"}],"curies":[{"name":"wp","href":"https:\/\/api.w.org\/{rel}","templated":true}]}}