{"id":847,"date":"2018-03-05T13:55:37","date_gmt":"2018-03-05T13:55:37","guid":{"rendered":"https:\/\/fn.se\/stockholm\/?page_id=847"},"modified":"2018-03-05T14:12:32","modified_gmt":"2018-03-05T14:12:32","slug":"8-mars","status":"publish","type":"page","link":"https:\/\/fn.se\/stockholm\/8-mars\/","title":{"rendered":"8 mars"},"content":{"rendered":"<h1>8 mars<\/h1>\n<p>8 mars \u00e4r kvinnor\u00f6relsens kampdag. D\u00e5 uppm\u00e4rksammas det systematiska underordnandet av kvinnor i samh\u00e4llet och den kamp som kvinnor v\u00e4rlden \u00f6ver driver f\u00f6r att fullt ut vara m\u00e4nniskor och medborgare med egen r\u00f6st och r\u00e4tt. Livsvillkoren f\u00f6r kvinnor k\u00e4nnetecknas av att de \u00e4r s\u00e4mre \u00e4n m\u00e4ns, oavsett land, hudf\u00e4rg, klass, eller n\u00e5gon av de andra grunderna som finns uppr\u00e4knade i FN:s dokument.<\/p>\n<p>Internationella kvinnodagen firas inte till minne av att n\u00e5gon s\u00e4rskilt bem\u00e4rkt kvinna f\u00f6ddes eller dog d\u00e5. \u00c4ven om bem\u00e4rkta kvinnor sannerligen funnits. Inte heller firas dagen d\u00e4rf\u00f6r att en viss h\u00e4ndelse skedde just 8 mars. \u00c4ven om s\u00e5dana remarkabla h\u00e4ndelser verkligen finns. Internationella kvinnodagen har inga byggda monument d\u00e4r kransar kan l\u00e4ggas ner f\u00f6r att minnas alla de miljoner efter miljoner flickor och kvinnor som f\u00e5tt s\u00e4tta livet till av den enda anledningen att de f\u00f6tts just som kvinnor.<\/p>\n<p>De h\u00e4ndelser som s\u00e5 sm\u00e5ningom ledde fram till att 8 mars blev den internationella kvinnodagen h\u00e4nger ihop med demokratins framv\u00e4xt, med industrialismen, med fredsr\u00f6relsen och det folkliga organiserandet i slutet av 1800-talet. Kvinnor\u00f6relsen grundades i Seneca Falls i staten New York \u00e5r 1848 och hade d\u00e5 medborgerliga r\u00e4ttigheter p\u00e5 sin agenda. Organisering i s\u00e4rskilda kvinnoorganisationer f\u00f6r att driva kvinnors krav skapades ocks\u00e5 p\u00e5 andra h\u00e5ll i v\u00e4rlden som lyfte olika fr\u00e5gor som de tyckte var viktiga. V\u00e4rldskongresser h\u00f6lls d\u00e4r krav till f\u00f6r\u00e4ndring mejslades fram.<\/p>\n<p>Den f\u00f6rsta nationella kvinnodagen firades i USA den 28 februari \u00e5r 1909 genom en f\u00f6rklaring av socialistpartiet. Kvinnor \u00f6ver hela USA fortsatte sedan fram till 1913 att fira dagen den sista s\u00f6ndagen i februari. Initiativet till att skapa en internationell kvinnodag togs av Clara Zetkin vid ett m\u00f6te med den socialistiska v\u00e4rldsorganisationen Andra internationalen \u00e5r 1910 i K\u00f6penhamn. Syftet med dagen var att hedra kvinnor\u00f6relsen och st\u00f6dja kampen f\u00f6r kvinnlig r\u00f6str\u00e4tt, men fortfarande hade inget speciellt datum spikats. F\u00f6rslaget vann geh\u00f6r bland de dryga 100 kvinnor fr\u00e5n 17 l\u00e4nder som samlats. Bland de som deltog \u00e5terfanns bland andra de f\u00f6rsta kvinnliga ledam\u00f6terna i Finlands riksdag. Finland hade ju inf\u00f6rt kvinnlig r\u00f6str\u00e4tt redan 1906.<\/p>\n<p>\u00c5ret efter K\u00f6penhamnsm\u00f6tet firades kvinnodagen av stora skaror den 19 mars i Danmark, Tyskland, \u00d6sterrike och Schweiz med krav inte bara p\u00e5 r\u00f6str\u00e4tt utan ocks\u00e5 r\u00e4tt till offentliga \u00e4mbeten, facklig utbildning, r\u00e4tt till arbete och b\u00e4ttre arbetsvillkor. Samma \u00e5r, den 25 mars 1911, intr\u00e4ffade en fruktansv\u00e4rd katastrof i New York d\u00e5 mer \u00e4n 140 arbetarkvinnor omkom i Triangle-branden. Detta satte fart p\u00e5 b\u00e4ttre arbetslagstiftning och kvinnors r\u00e4ttigheter p\u00e5 arbetsplatserna lyftes upp. Det \u00e4r intressant att se de likheter som finns mellan denna tidiga organisering och fokus p\u00e5 arbetsplatserna och dagens #metoo som ocks\u00e5 h\u00e4mtar sin kraft fr\u00e5n de villkor som kvinnor har p\u00e5 de platser d\u00e4r vi f\u00f6rtj\u00e4nar v\u00e5rt levebr\u00f6d.<\/p>\n<p>Den f\u00f6rsta kvinnodagen i Ryssland firades sista s\u00f6ndagen i februari \u00e5r 1913 som en del av fredsr\u00f6relsen.\u00a0 De f\u00f6ljande \u00e5ren under f\u00f6rsta v\u00e4rldskriget h\u00f6lls upprepade m\u00f6ten den 8 mars eller dagarna runtikring i protest mot kriget inte bara i Ryssland utan \u00f6verallt i Europa. I slutet av f\u00f6rsta v\u00e4rldskriget, sista s\u00f6ndagen i februari 1917, gick ryska kvinnor ut i strejk f\u00f6r br\u00f6d och fred. Detta var ett led i att tsaren avsattes och den provisoriska regering som tilltr\u00e4dde gav kvinnor r\u00f6str\u00e4tt. Enligt den julianska kalendern som d\u00e5 anv\u00e4ndes i Ryssland var den sista s\u00f6ndagen den 28 februari, men enligt den gregorianska kalendern som anv\u00e4ndes \u00f6verallt annars var det den 8 mars. S\u00e5 var datumet spikat.<\/p>\n<p>I FN antogs en resolution \u00e5r 1977 med en rekommendation om ett allm\u00e4nt firande av Internationella kvinnodagen den 8 mars. Det beslutet vilar p\u00e5 FN-stadgan fr\u00e5n 1945 och deklarationen om de m\u00e4nskliga r\u00e4ttigheterna som sl\u00e5r fast kvinnors och m\u00e4n grundl\u00e4ggande och lika r\u00e4ttigheter vilket sedan f\u00f6rtydligats i Kvinnokonventionen, CEDAW, fr\u00e5n 1979.<\/p>\n<p><em><strong>Gertrud \u00c5str\u00f6m, ordf\u00f6rande<\/strong><\/em><\/p>\n","protected":false},"excerpt":{"rendered":"<p>8 mars 8 mars \u00e4r kvinnor\u00f6relsens kampdag. D\u00e5 uppm\u00e4rksammas det systematiska underordnandet av kvinnor i samh\u00e4llet och den kamp som&hellip;<\/p>\n","protected":false},"author":86,"featured_media":0,"parent":0,"menu_order":0,"comment_status":"closed","ping_status":"closed","template":"","meta":{"_acf_changed":false,"footnotes":"","_links_to":"","_links_to_target":""},"class_list":["post-847","page","type-page","status-publish","hentry"],"acf":[],"_links":{"self":[{"href":"https:\/\/fn.se\/stockholm\/wp-json\/wp\/v2\/pages\/847","targetHints":{"allow":["GET"]}}],"collection":[{"href":"https:\/\/fn.se\/stockholm\/wp-json\/wp\/v2\/pages"}],"about":[{"href":"https:\/\/fn.se\/stockholm\/wp-json\/wp\/v2\/types\/page"}],"author":[{"embeddable":true,"href":"https:\/\/fn.se\/stockholm\/wp-json\/wp\/v2\/users\/86"}],"replies":[{"embeddable":true,"href":"https:\/\/fn.se\/stockholm\/wp-json\/wp\/v2\/comments?post=847"}],"version-history":[{"count":2,"href":"https:\/\/fn.se\/stockholm\/wp-json\/wp\/v2\/pages\/847\/revisions"}],"predecessor-version":[{"id":849,"href":"https:\/\/fn.se\/stockholm\/wp-json\/wp\/v2\/pages\/847\/revisions\/849"}],"wp:attachment":[{"href":"https:\/\/fn.se\/stockholm\/wp-json\/wp\/v2\/media?parent=847"}],"curies":[{"name":"wp","href":"https:\/\/api.w.org\/{rel}","templated":true}]}}