{"id":81,"date":"2016-09-30T15:17:31","date_gmt":"2016-09-30T15:17:31","guid":{"rendered":"http:\/\/fn.se\/stockholm\/?page_id=81"},"modified":"2016-09-30T15:17:31","modified_gmt":"2016-09-30T15:17:31","slug":"nationaldagsfirande-i-ralis","status":"publish","type":"page","link":"https:\/\/fn.se\/stockholm\/nationaldagsfirande-i-ralis\/","title":{"rendered":"Nationaldagsfirande i R\u00e5lis"},"content":{"rendered":"<h1>Nationaldagsfirande i R\u00e5lis<\/h1>\n<p>Tack alla ni som firade nationaldagen med oss idag i R\u00e5lambshovsparken!<\/p>\n<p>N\u00e4stan 1000 personer (!!) deltog i v\u00e5r millenniem\u00e5lsr\u00f6stning f\u00f6r att visa vilket av de 8 millenniem\u00e5len som just Ni tycker \u00e4r viktigast!<\/p>\n<p>Stort tack till er alla! Resultatet visas nedan och skickas vidare till <a href=\"https:\/\/fn.se\">Svenska FN-f\u00f6rbundet<\/a><\/p>\n<p>Millenniem\u00e5l 1 &#8211; Halvera jordens fattigdom och hunger:\u00a034 % av r\u00f6sterna<br \/>\nMillenniem\u00e5l 2 &#8211; Se till att alla barn f\u00e5r g\u00e5 i grundskolan: <span class=\"text_exposed_show\">17 % av r\u00f6sterna<br \/>\nMillenniem\u00e5l 3 &#8211; \u00d6ka j\u00e4mst\u00e4lldheten mellan kvinnor och m\u00e4n: 10 % av r\u00f6sterna<br \/>\nMillenniem\u00e5l 4 &#8211; Minska barnad\u00f6dligheten: 9 % av r\u00f6sterna<br \/>\nMillenniem\u00e5l 5 &#8211; F\u00f6rb\u00e4ttra m\u00f6drah\u00e4lsan: 7 % av r\u00f6sterna<br \/>\nMillenniem\u00e5l 6 &#8211; Stoppa spridningen av HIV och aids: 6 % av r\u00f6sterna<br \/>\nMillenniem\u00e5l 7 &#8211; S\u00e4kra en h\u00e5llbar utveckling: 13 % av r\u00f6sterna<br \/>\nMillenniem\u00e5l 8 &#8211; \u00d6ka samarbetet kring bist\u00e5nd och handel: 4 % av r\u00f6sterna<\/span><\/p>\n<p>F\u00f6r mer info om millenniem\u00e5len, g\u00e5 in p\u00e5 <a class=\"new-window\" href=\"http:\/\/www.millenniemalen.nu\/\" target=\"_blank\" rel=\"nofollow nofollow\">www.millenniemalen.nu<\/a><\/p>\n","protected":false},"excerpt":{"rendered":"<p>Nationaldagsfirande i R\u00e5lis Tack alla ni som firade nationaldagen med oss idag i R\u00e5lambshovsparken! N\u00e4stan 1000 personer (!!) deltog i&hellip;<\/p>\n","protected":false},"author":17,"featured_media":0,"parent":0,"menu_order":0,"comment_status":"closed","ping_status":"closed","template":"","meta":{"_acf_changed":false,"footnotes":"","_links_to":"","_links_to_target":""},"class_list":["post-81","page","type-page","status-publish","hentry"],"acf":[],"_links":{"self":[{"href":"https:\/\/fn.se\/stockholm\/wp-json\/wp\/v2\/pages\/81","targetHints":{"allow":["GET"]}}],"collection":[{"href":"https:\/\/fn.se\/stockholm\/wp-json\/wp\/v2\/pages"}],"about":[{"href":"https:\/\/fn.se\/stockholm\/wp-json\/wp\/v2\/types\/page"}],"author":[{"embeddable":true,"href":"https:\/\/fn.se\/stockholm\/wp-json\/wp\/v2\/users\/17"}],"replies":[{"embeddable":true,"href":"https:\/\/fn.se\/stockholm\/wp-json\/wp\/v2\/comments?post=81"}],"version-history":[{"count":1,"href":"https:\/\/fn.se\/stockholm\/wp-json\/wp\/v2\/pages\/81\/revisions"}],"predecessor-version":[{"id":83,"href":"https:\/\/fn.se\/stockholm\/wp-json\/wp\/v2\/pages\/81\/revisions\/83"}],"wp:attachment":[{"href":"https:\/\/fn.se\/stockholm\/wp-json\/wp\/v2\/media?parent=81"}],"curies":[{"name":"wp","href":"https:\/\/api.w.org\/{rel}","templated":true}]}}