{"id":808,"date":"2018-02-27T13:06:59","date_gmt":"2018-02-27T13:06:59","guid":{"rendered":"https:\/\/fn.se\/stockholm\/?page_id=808"},"modified":"2021-01-29T15:21:03","modified_gmt":"2021-01-29T15:21:03","slug":"arkiv-2017","status":"publish","type":"page","link":"https:\/\/fn.se\/stockholm\/arkiv-2017\/","title":{"rendered":"2017 Arkiv"},"content":{"rendered":"<h1>Arkiv 2017<\/h1>\n<p><a href=\"https:\/\/fn.se\/stockholm\/?page_id=809&amp;preview=true\">Verksamhetsber\u00e4ttelse 2017<\/a><\/p>\n<p>Arkiv:<\/p>\n<p><strong><a class=\"row-title\" href=\"https:\/\/fn.se\/stockholm\/wp-admin\/post.php?post=658&amp;action=edit\">24\/10 FN-dagen firas p\u00e5 ABF huset<\/a><\/strong><\/p>\n<p><strong><a class=\"row-title\" href=\"https:\/\/fn.se\/stockholm\/wp-admin\/post.php?post=655&amp;action=edit\">Seminarium om h\u00e5llbara st\u00e4der<\/a><\/strong><\/p>\n<p><strong><a class=\"row-title\" href=\"https:\/\/fn.se\/stockholm\/wp-admin\/post.php?post=644&amp;action=edit\">Internationella Flickadagen 11\/10<\/a><\/strong><\/p>\n<p><strong><a class=\"row-title\" href=\"https:\/\/fn.se\/stockholm\/wp-admin\/post.php?post=641&amp;action=edit\">21\/9 Internationella fredsdagen<\/a><\/strong><\/p>\n<p><strong><a class=\"row-title\" href=\"https:\/\/fn.se\/stockholm\/wp-admin\/post.php?post=636&amp;action=edit\">H\u00f6stupptakt 14\/9<\/a><\/strong><\/p>\n<p><strong><a class=\"row-title\" href=\"https:\/\/fn.se\/stockholm\/wp-admin\/post.php?post=556&amp;action=edit\">6\/6 Nationaldagsfirande i R\u00e5lambshovsparken<\/a><\/strong><\/p>\n<p><strong><a class=\"row-title\" href=\"https:\/\/fn.se\/stockholm\/wp-admin\/post.php?post=550&amp;action=edit\">3-4\/6 Smaka p\u00e5 Stockholm \u2013 Skolmat<\/a><\/strong><\/p>\n<p><strong><a class=\"row-title\" href=\"https:\/\/fn.se\/stockholm\/wp-admin\/post.php?post=469&amp;action=edit\">10\/5 Seminarium \u2013 FN-familjen: UN Women<\/a><\/strong><\/p>\n<p><strong><a class=\"row-title\" href=\"https:\/\/fn.se\/stockholm\/wp-admin\/post.php?post=463&amp;action=edit\">27\/1 Seminarium \u2013 Migranth\u00e4lsa, flyktingars h\u00e4lsa i fokus<\/a><\/strong><\/p>\n<p><strong><a class=\"row-title\" href=\"https:\/\/fn.se\/stockholm\/wp-admin\/post.php?post=456&amp;action=edit\">24\/2 \u00c5rsm\u00f6te och seminarium \u2013 K\u00e4nslor, attityder och h\u00e5llbar utveckling<\/a><\/strong><\/p>\n<p><strong><a class=\"row-title\" href=\"https:\/\/fn.se\/stockholm\/wp-admin\/post.php?post=448&amp;action=edit\">8\/3 Internationella kvinnodagen. Seminarium \u2013 Barn\u00e4ktenskap<\/a><\/strong><\/p>\n<p><strong><a class=\"row-title\" href=\"https:\/\/fn.se\/stockholm\/wp-admin\/post.php?post=444&amp;action=edit\">15\/3 Seminarium \u2013 Arbetsmilj\u00f6ns betydelse f\u00f6r h\u00e4lsan<\/a><\/strong><\/p>\n<p><strong><a class=\"row-title\" href=\"https:\/\/fn.se\/stockholm\/wp-admin\/post.php?post=441&amp;action=edit\">7\/4 Inspirationskv\u00e4ll tillsammans med ungdoms- och studentsektion<\/a><\/strong><\/p>\n<p><strong><a class=\"row-title\" href=\"https:\/\/fn.se\/stockholm\/wp-admin\/post.php?post=435&amp;action=edit\">10\/5 Seminarium \u2013 I v\u00e4ntan p\u00e5 livet, vardagen i ett flyktingl\u00e4ger<\/a><\/strong><\/p>\n<p><strong><a class=\"row-title\" href=\"https:\/\/fn.se\/stockholm\/wp-admin\/post.php?post=430&amp;action=edit\">30\/5 Seminarium \u2013 Hur kan vi f\u00f6rebygga n\u00e4tv\u00e5ld och n\u00e4that?<\/a><\/strong><\/p>\n<p><strong><a class=\"row-title\" href=\"https:\/\/fn.se\/stockholm\/wp-admin\/post.php?post=425&amp;action=edit\">4\/6 Skolmat blir kunskap \u2013 Smaka p\u00e5 Stockholm festivalen<\/a><\/strong><\/p>\n<p><strong><a class=\"row-title\" href=\"https:\/\/fn.se\/stockholm\/wp-admin\/post.php?post=419&amp;action=edit\">6\/6 Nationaldagsfirande p\u00e5 R\u00e5lambshovsparken<\/a><\/strong><\/p>\n<p><strong><a class=\"row-title\" href=\"https:\/\/fn.se\/stockholm\/wp-admin\/post.php?post=411&amp;action=edit\">12\/9 H\u00f6stupptakt. Seminarium \u2013 Agenda 2030<\/a><\/strong><\/p>\n<p><strong><a class=\"row-title\" href=\"https:\/\/fn.se\/stockholm\/wp-admin\/post.php?post=405&amp;action=edit\">11\/10 Internationella Flicka-dagen. Seminarium \u2013 Flicka i v\u00e4rlden.<\/a><\/strong><\/p>\n<p><strong><a class=\"row-title\" href=\"https:\/\/fn.se\/stockholm\/wp-admin\/post.php?post=395&amp;action=edit\">24\/10 Seminarium \u2013 \u00c4r folkr\u00e4tten ifr\u00e5gasatt?<\/a><\/strong><\/p>\n<p><strong><a class=\"row-title\" href=\"https:\/\/fn.se\/stockholm\/wp-admin\/post.php?post=389&amp;action=edit\">25\/11 Seminarium \u2013 Det livsviktiga, rena vattnet<\/a><\/strong><\/p>\n","protected":false},"excerpt":{"rendered":"<p>Arkiv 2017 Verksamhetsber\u00e4ttelse 2017 Arkiv: 24\/10 FN-dagen firas p\u00e5 ABF huset Seminarium om h\u00e5llbara st\u00e4der Internationella Flickadagen 11\/10 21\/9 Internationella&hellip;<\/p>\n","protected":false},"author":86,"featured_media":0,"parent":0,"menu_order":0,"comment_status":"closed","ping_status":"closed","template":"","meta":{"_acf_changed":false,"footnotes":"","_links_to":"","_links_to_target":""},"class_list":["post-808","page","type-page","status-publish","hentry"],"acf":[],"_links":{"self":[{"href":"https:\/\/fn.se\/stockholm\/wp-json\/wp\/v2\/pages\/808","targetHints":{"allow":["GET"]}}],"collection":[{"href":"https:\/\/fn.se\/stockholm\/wp-json\/wp\/v2\/pages"}],"about":[{"href":"https:\/\/fn.se\/stockholm\/wp-json\/wp\/v2\/types\/page"}],"author":[{"embeddable":true,"href":"https:\/\/fn.se\/stockholm\/wp-json\/wp\/v2\/users\/86"}],"replies":[{"embeddable":true,"href":"https:\/\/fn.se\/stockholm\/wp-json\/wp\/v2\/comments?post=808"}],"version-history":[{"count":2,"href":"https:\/\/fn.se\/stockholm\/wp-json\/wp\/v2\/pages\/808\/revisions"}],"predecessor-version":[{"id":2151,"href":"https:\/\/fn.se\/stockholm\/wp-json\/wp\/v2\/pages\/808\/revisions\/2151"}],"wp:attachment":[{"href":"https:\/\/fn.se\/stockholm\/wp-json\/wp\/v2\/media?parent=808"}],"curies":[{"name":"wp","href":"https:\/\/api.w.org\/{rel}","templated":true}]}}