{"id":802,"date":"2018-02-28T15:13:24","date_gmt":"2018-02-28T15:13:24","guid":{"rendered":"https:\/\/fn.se\/stockholm\/?page_id=802"},"modified":"2018-02-28T15:16:23","modified_gmt":"2018-02-28T15:16:23","slug":"visning-av-norra-djurgardsstaden","status":"publish","type":"page","link":"https:\/\/fn.se\/stockholm\/visning-av-norra-djurgardsstaden\/","title":{"rendered":"Visning av Norra Djurg\u00e5rdsstaden"},"content":{"rendered":"<h1 style=\"text-align: center\">Visning av Norra Djurg\u00e5rdsstaden<\/h1>\n<p>\u00c4r h\u00e5llbarhet synligt? Hur jobbar vi med att bygga h\u00e5llbart i Sverige? Under Stockholms FN-f\u00f6renings bes\u00f6k hos Norra Djurg\u00e5rdsstaden fick vi ta del av deras tankar om milj\u00f6 och h\u00e5llbarhet n\u00e4r de byggt, eller snarare, h\u00e5ller p\u00e5 att bygga Norra Djurg\u00e5rdsstaden. Efter ett fantastiskt seminarium och en v\u00e4ldigt informerande rundvandring i staden s\u00e5 kan vi med s\u00e4kerhet s\u00e4ga att i Norra Djurg\u00e5rdsstaden \u00e4r h\u00e5llbarhet synligt! Kraven p\u00e5 h\u00e5llbarhet och milj\u00f6 var n\u00e5got ut\u00f6ver de vanliga. Ett perfekt exempel p\u00e5 hur vi borde bygga i Sverige i framtiden!<\/p>\n<p>Energi genom solpaneler, krav p\u00e5 gr\u00f6na ytor, h\u00e5llbara avfallssystem med sopsug, klimatanpassning och en stor satsning p\u00e5 h\u00e5llbar transport \u00e4r bara n\u00e5gra av de fantastiska exemplen p\u00e5 varf\u00f6r Norra Djurg\u00e5rdsstaden \u00e4r ett v\u00e4l utt\u00e4nkt och milj\u00f6v\u00e4nligt projekt. Till och med soptunnor runt om i staden har sopsug vilket minskar behovet av sopbilar som kommer och h\u00e4mtar soporna, d\u00e4rav minskar utsl\u00e4pp av avgaser. Man bygger runt naturen och anpassar <strong>staden<\/strong> efter hur djur och natur lever och r\u00f6r sig, s\u00e5 att inget djur st\u00f6rs eller drivs bort av bygget!\u00a0Laddningsstationer f\u00f6r elbilar, mindre parkeringar f\u00f6r bilar, mer cykelparkeringar och st\u00f6rre satsning p\u00e5 den kollektiva trafiken \u00e4r n\u00e5gra exempel p\u00e5 hur den h\u00e5llbara transporten underh\u00e5lls. Staden vill \u00f6ppna upp och har skapat\/ vill skapa mer gemensamma platser och utrymmen f\u00f6r dess inv\u00e5nare men ocks\u00e5 f\u00f6r utomst\u00e5ende, s\u00e5 att Norra Djurg\u00e5rdsstaden driver den sociala h\u00e5llbarheten fram\u00e5t och satsar p\u00e5 sina inv\u00e5nare.<\/p>\n<p>Stockholms FN-f\u00f6rening st\u00f6ttar Norra Djurg\u00e5rdsstaden i sitt framtida arbete och ser fram emot mer innovativa och milj\u00f6fr\u00e4mjande id\u00e9er och byggnader!<\/p>\n<p>N\u00e4sta seminarium med v\u00e5rt arbete om &#8221;livet i staden &#8211; \u00e4r h\u00e5llbarhet synligt?&#8221; \u00e4r den 14:e mars med Fokus Sk\u00e4rholmen mejla oss p\u00e5 info@fnstockholm.se f\u00f6r mer information och anm\u00e4lan till seminariet!<\/p>\n<p>&nbsp;<\/p>\n","protected":false},"excerpt":{"rendered":"<p>Visning av Norra Djurg\u00e5rdsstaden \u00c4r h\u00e5llbarhet synligt? Hur jobbar vi med att bygga h\u00e5llbart i Sverige? Under Stockholms FN-f\u00f6renings bes\u00f6k&hellip;<\/p>\n","protected":false},"author":86,"featured_media":0,"parent":0,"menu_order":0,"comment_status":"closed","ping_status":"closed","template":"","meta":{"_acf_changed":false,"footnotes":"","_links_to":"","_links_to_target":""},"class_list":["post-802","page","type-page","status-publish","hentry"],"acf":[],"_links":{"self":[{"href":"https:\/\/fn.se\/stockholm\/wp-json\/wp\/v2\/pages\/802","targetHints":{"allow":["GET"]}}],"collection":[{"href":"https:\/\/fn.se\/stockholm\/wp-json\/wp\/v2\/pages"}],"about":[{"href":"https:\/\/fn.se\/stockholm\/wp-json\/wp\/v2\/types\/page"}],"author":[{"embeddable":true,"href":"https:\/\/fn.se\/stockholm\/wp-json\/wp\/v2\/users\/86"}],"replies":[{"embeddable":true,"href":"https:\/\/fn.se\/stockholm\/wp-json\/wp\/v2\/comments?post=802"}],"version-history":[{"count":5,"href":"https:\/\/fn.se\/stockholm\/wp-json\/wp\/v2\/pages\/802\/revisions"}],"predecessor-version":[{"id":838,"href":"https:\/\/fn.se\/stockholm\/wp-json\/wp\/v2\/pages\/802\/revisions\/838"}],"wp:attachment":[{"href":"https:\/\/fn.se\/stockholm\/wp-json\/wp\/v2\/media?parent=802"}],"curies":[{"name":"wp","href":"https:\/\/api.w.org\/{rel}","templated":true}]}}