{"id":788,"date":"2018-02-23T16:30:00","date_gmt":"2018-02-23T16:30:00","guid":{"rendered":"https:\/\/fn.se\/stockholm\/?page_id=788"},"modified":"2018-02-23T16:36:51","modified_gmt":"2018-02-23T16:36:51","slug":"arsmote-2018","status":"publish","type":"page","link":"https:\/\/fn.se\/stockholm\/arsmote-2018\/","title":{"rendered":"\u00c5rsm\u00f6te 2018"},"content":{"rendered":"<h1 style=\"text-align: center\"><em><strong>Stockholms FN-f\u00f6renings \u00e5rsm\u00f6te 2018<\/strong><\/em><\/h1>\n<hr \/>\n<p style=\"text-align: center\"><a href=\"https:\/\/fn.se\/stockholm\/wp-content\/uploads\/sites\/32\/2018\/02\/28343236_10211128670596950_1535192885_o.jpg\"><img loading=\"lazy\" decoding=\"async\" class=\"alignnone size-full wp-image-789\" src=\"https:\/\/fn.se\/stockholm\/wp-content\/uploads\/sites\/32\/2018\/02\/28343236_10211128670596950_1535192885_o.jpg\" alt=\"\" width=\"3024\" height=\"4032\" srcset=\"https:\/\/fn.se\/stockholm\/wp-content\/uploads\/sites\/32\/2018\/02\/28343236_10211128670596950_1535192885_o.jpg 3024w, https:\/\/fn.se\/stockholm\/wp-content\/uploads\/sites\/32\/2018\/02\/28343236_10211128670596950_1535192885_o-225x300.jpg 225w, https:\/\/fn.se\/stockholm\/wp-content\/uploads\/sites\/32\/2018\/02\/28343236_10211128670596950_1535192885_o-768x1024.jpg 768w, https:\/\/fn.se\/stockholm\/wp-content\/uploads\/sites\/32\/2018\/02\/28343236_10211128670596950_1535192885_o-240x320.jpg 240w, https:\/\/fn.se\/stockholm\/wp-content\/uploads\/sites\/32\/2018\/02\/28343236_10211128670596950_1535192885_o-525x700.jpg 525w\" sizes=\"auto, (max-width: 3024px) 100vw, 3024px\" \/>Ordf\u00f6rande Gertrud \u00c5str\u00f6m och \u00e5rets talare Kristina Henschen<\/a><\/p>\n<hr \/>\n<p style=\"text-align: center\"><a href=\"https:\/\/fn.se\/stockholm\/wp-content\/uploads\/sites\/32\/2018\/02\/28459927_10211128669876932_1122742991_o.jpg\"><img loading=\"lazy\" decoding=\"async\" class=\"alignnone size-full wp-image-792\" src=\"https:\/\/fn.se\/stockholm\/wp-content\/uploads\/sites\/32\/2018\/02\/28459927_10211128669876932_1122742991_o.jpg\" alt=\"\" width=\"4032\" height=\"3024\" srcset=\"https:\/\/fn.se\/stockholm\/wp-content\/uploads\/sites\/32\/2018\/02\/28459927_10211128669876932_1122742991_o.jpg 4032w, https:\/\/fn.se\/stockholm\/wp-content\/uploads\/sites\/32\/2018\/02\/28459927_10211128669876932_1122742991_o-300x225.jpg 300w, https:\/\/fn.se\/stockholm\/wp-content\/uploads\/sites\/32\/2018\/02\/28459927_10211128669876932_1122742991_o-768x576.jpg 768w, https:\/\/fn.se\/stockholm\/wp-content\/uploads\/sites\/32\/2018\/02\/28459927_10211128669876932_1122742991_o-1024x768.jpg 1024w, https:\/\/fn.se\/stockholm\/wp-content\/uploads\/sites\/32\/2018\/02\/28459927_10211128669876932_1122742991_o-427x320.jpg 427w, https:\/\/fn.se\/stockholm\/wp-content\/uploads\/sites\/32\/2018\/02\/28459927_10211128669876932_1122742991_o-933x700.jpg 933w\" sizes=\"auto, (max-width: 4032px) 100vw, 4032px\" \/><\/a><\/p>\n<hr \/>\n<h2 style=\"text-align: center\">Den 22:a februari 2018 h\u00f6lls f\u00f6reningens \u00e5rsm\u00f6te, Kristina Henschen, fr\u00e5n Union to Union, \u00f6ppnade m\u00f6tet med sitt f\u00f6redrag om m\u00e5l 8 i agenda 2030 samt information om sin organisation och dess arbete.<\/h2>\n<h2 style=\"text-align: center\">D\u00e4refter fortsatte m\u00f6tesordf\u00f6rande, Gunvor Ngarambe, med \u00e5rsm\u00f6tesf\u00f6rhandlingarna. Styrelsen valdes ut, med m\u00e5nga nya tillskott som kommer berika f\u00f6reningen med ny anda och nya id\u00e9er! Nu ser vi fram emot det nya verksamhets\u00e5ret som redan fylls med sp\u00e4nnande event och nya s\u00e4tt att sprida FN:s budskap!<\/h2>\n<p>&nbsp;<\/p>\n<p>&nbsp;<\/p>\n<p>&nbsp;<\/p>\n","protected":false},"excerpt":{"rendered":"<p>Stockholms FN-f\u00f6renings \u00e5rsm\u00f6te 2018 Ordf\u00f6rande Gertrud \u00c5str\u00f6m och \u00e5rets talare Kristina Henschen Den 22:a februari 2018 h\u00f6lls f\u00f6reningens \u00e5rsm\u00f6te, Kristina&hellip;<\/p>\n","protected":false},"author":86,"featured_media":0,"parent":0,"menu_order":0,"comment_status":"closed","ping_status":"closed","template":"","meta":{"_acf_changed":false,"footnotes":"","_links_to":"","_links_to_target":""},"class_list":["post-788","page","type-page","status-publish","hentry"],"acf":[],"_links":{"self":[{"href":"https:\/\/fn.se\/stockholm\/wp-json\/wp\/v2\/pages\/788","targetHints":{"allow":["GET"]}}],"collection":[{"href":"https:\/\/fn.se\/stockholm\/wp-json\/wp\/v2\/pages"}],"about":[{"href":"https:\/\/fn.se\/stockholm\/wp-json\/wp\/v2\/types\/page"}],"author":[{"embeddable":true,"href":"https:\/\/fn.se\/stockholm\/wp-json\/wp\/v2\/users\/86"}],"replies":[{"embeddable":true,"href":"https:\/\/fn.se\/stockholm\/wp-json\/wp\/v2\/comments?post=788"}],"version-history":[{"count":8,"href":"https:\/\/fn.se\/stockholm\/wp-json\/wp\/v2\/pages\/788\/revisions"}],"predecessor-version":[{"id":800,"href":"https:\/\/fn.se\/stockholm\/wp-json\/wp\/v2\/pages\/788\/revisions\/800"}],"wp:attachment":[{"href":"https:\/\/fn.se\/stockholm\/wp-json\/wp\/v2\/media?parent=788"}],"curies":[{"name":"wp","href":"https:\/\/api.w.org\/{rel}","templated":true}]}}