{"id":78,"date":"2016-09-30T15:14:20","date_gmt":"2016-09-30T15:14:20","guid":{"rendered":"http:\/\/fn.se\/stockholm\/?page_id=78"},"modified":"2016-09-30T15:14:20","modified_gmt":"2016-09-30T15:14:20","slug":"nordiskt-forum-2014","status":"publish","type":"page","link":"https:\/\/fn.se\/stockholm\/nordiskt-forum-2014\/","title":{"rendered":"Nordiskt Forum 2014"},"content":{"rendered":"<h1>Nordiskt Forum 2014<\/h1>\n<p>\u00c5rets forum h\u00f6lls i <strong>Malm\u00f6 den 12-15 juni<\/strong>. Nordiskt forum \u00e4r en m\u00f6tesplats f\u00f6r tusentals personer som f\u00e5r samlas och s\u00e4tta agendan f\u00f6r framtidens j\u00e4mst\u00e4lldhetspolitik.<\/p>\n<p>Stockholms FN-f\u00f6rening h\u00f6ll, i samarbete med Lunds FN-f\u00f6rening, ett samtal om situationen och framtidsutsikten f\u00f6r v\u00e4rldens flickor. Samtalet kretsade kring hur FN:s konventioner till\u00e4mpas f\u00f6r att skydda och st\u00e4rka flickors r\u00e4ttigheter och utveckling f\u00f6r en h\u00e5llbar framtid. Samtalsledare \u00e4r <strong>Sonja Gardefjord<\/strong> fr\u00e5n Stockholms FN-f\u00f6rening.<\/p>\n<p>Medverkande var <strong>Helena Cederholm<\/strong>, Lunds FN-f\u00f6rening samt <strong>Maria Appelblom<\/strong> och <strong>Sonja Gardefjord<\/strong> fr\u00e5n Stockholms FN-f\u00f6rening<\/p>\n<p>Tack till er som kom f\u00f6r att lyssna till detta samtal, med fokus p\u00e5 flickors r\u00e4tt till (och hinder f\u00f6r) utbildning. En global och mycket viktig fr\u00e5ga idag i relation till j\u00e4mst\u00e4lldhet!<\/p>\n<p><strong>F\u00f6r mer information om Nordiskt forum, l\u00e4s <a href=\"http:\/\/nf2014.org\/\">h\u00e4r!<\/a>\u00a0<\/strong><\/p>\n<p><em>Tack till alla som deltog i Nordiskt forum tillsammans med oss!<\/em><\/p>\n","protected":false},"excerpt":{"rendered":"<p>Nordiskt Forum 2014 \u00c5rets forum h\u00f6lls i Malm\u00f6 den 12-15 juni. Nordiskt forum \u00e4r en m\u00f6tesplats f\u00f6r tusentals personer som&hellip;<\/p>\n","protected":false},"author":17,"featured_media":0,"parent":0,"menu_order":0,"comment_status":"closed","ping_status":"closed","template":"","meta":{"_acf_changed":false,"footnotes":"","_links_to":"","_links_to_target":""},"class_list":["post-78","page","type-page","status-publish","hentry"],"acf":[],"_links":{"self":[{"href":"https:\/\/fn.se\/stockholm\/wp-json\/wp\/v2\/pages\/78","targetHints":{"allow":["GET"]}}],"collection":[{"href":"https:\/\/fn.se\/stockholm\/wp-json\/wp\/v2\/pages"}],"about":[{"href":"https:\/\/fn.se\/stockholm\/wp-json\/wp\/v2\/types\/page"}],"author":[{"embeddable":true,"href":"https:\/\/fn.se\/stockholm\/wp-json\/wp\/v2\/users\/17"}],"replies":[{"embeddable":true,"href":"https:\/\/fn.se\/stockholm\/wp-json\/wp\/v2\/comments?post=78"}],"version-history":[{"count":1,"href":"https:\/\/fn.se\/stockholm\/wp-json\/wp\/v2\/pages\/78\/revisions"}],"predecessor-version":[{"id":80,"href":"https:\/\/fn.se\/stockholm\/wp-json\/wp\/v2\/pages\/78\/revisions\/80"}],"wp:attachment":[{"href":"https:\/\/fn.se\/stockholm\/wp-json\/wp\/v2\/media?parent=78"}],"curies":[{"name":"wp","href":"https:\/\/api.w.org\/{rel}","templated":true}]}}