{"id":71,"date":"2016-09-30T15:10:48","date_gmt":"2016-09-30T15:10:48","guid":{"rendered":"http:\/\/fn.se\/stockholm\/?page_id=71"},"modified":"2018-01-30T10:53:15","modified_gmt":"2018-01-30T10:53:15","slug":"119-ungdomssektionens-arsmote","status":"publish","type":"page","link":"https:\/\/fn.se\/stockholm\/119-ungdomssektionens-arsmote\/","title":{"rendered":"11\/9 Ungdomssektionens \u00e5rsm\u00f6te"},"content":{"rendered":"<h1>Ungdomssektionens \u00e5rsm\u00f6te<\/h1>\n<p>Torsdagen den 11 september hade ungdomssektionen sitt \u00e5rsm\u00f6te p\u00e5 Stockholms universitet. Under \u00e5rsm\u00f6tet valdes en ny styrelse till ungdomssektionen under verksamhets\u00e5ret 2014\/2015.<\/p>\n<p><strong>Den nya styrelsen best\u00e5r av:<\/strong><\/p>\n<p dir=\"ltr\">Ordf\u00f6rande: Johanna Ekman<\/p>\n<p dir=\"ltr\">Vice ordf\u00f6rande: Stefan Reppen<\/p>\n<p dir=\"ltr\">Ekonomiansvarig: Alvina Nellmer<\/p>\n<p dir=\"ltr\">Medlemsansvarig: Fredrik Andersson<\/p>\n<p dir=\"ltr\">Marknadsf\u00f6ringsansvarig: Sofia J\u00f6nsson<\/p>\n<p dir=\"ltr\">Aktivitetsansvarig: Larose Masimango<\/p>\n<p><strong>Vi \u00f6nskar den nya styrelsen ett stort lycka till och ser fram emot de sp\u00e4nnande och intressanta aktiviteter som v\u00e4ntas under verksamhets\u00e5ret<\/strong><\/p>\n","protected":false},"excerpt":{"rendered":"<p>Ungdomssektionens \u00e5rsm\u00f6te Torsdagen den 11 september hade ungdomssektionen sitt \u00e5rsm\u00f6te p\u00e5 Stockholms universitet. Under \u00e5rsm\u00f6tet valdes en ny styrelse till&hellip;<\/p>\n","protected":false},"author":17,"featured_media":0,"parent":0,"menu_order":0,"comment_status":"closed","ping_status":"closed","template":"","meta":{"_acf_changed":false,"footnotes":"","_links_to":"","_links_to_target":""},"class_list":["post-71","page","type-page","status-publish","hentry"],"acf":[],"_links":{"self":[{"href":"https:\/\/fn.se\/stockholm\/wp-json\/wp\/v2\/pages\/71","targetHints":{"allow":["GET"]}}],"collection":[{"href":"https:\/\/fn.se\/stockholm\/wp-json\/wp\/v2\/pages"}],"about":[{"href":"https:\/\/fn.se\/stockholm\/wp-json\/wp\/v2\/types\/page"}],"author":[{"embeddable":true,"href":"https:\/\/fn.se\/stockholm\/wp-json\/wp\/v2\/users\/17"}],"replies":[{"embeddable":true,"href":"https:\/\/fn.se\/stockholm\/wp-json\/wp\/v2\/comments?post=71"}],"version-history":[{"count":1,"href":"https:\/\/fn.se\/stockholm\/wp-json\/wp\/v2\/pages\/71\/revisions"}],"predecessor-version":[{"id":73,"href":"https:\/\/fn.se\/stockholm\/wp-json\/wp\/v2\/pages\/71\/revisions\/73"}],"wp:attachment":[{"href":"https:\/\/fn.se\/stockholm\/wp-json\/wp\/v2\/media?parent=71"}],"curies":[{"name":"wp","href":"https:\/\/api.w.org\/{rel}","templated":true}]}}