{"id":700,"date":"2018-01-22T12:55:13","date_gmt":"2018-01-22T12:55:13","guid":{"rendered":"https:\/\/fn.se\/stockholm\/?page_id=700"},"modified":"2018-01-22T12:55:13","modified_gmt":"2018-01-22T12:55:13","slug":"womens-march-2018","status":"publish","type":"page","link":"https:\/\/fn.se\/stockholm\/womens-march-2018\/","title":{"rendered":"Women&#8217;s March 2018"},"content":{"rendered":"<h1 style=\"text-align: center\"><em><strong>WOMEN&#8217;S MARCH 2018<\/strong><\/em><\/h1>\n<p>&nbsp;<\/p>\n<p style=\"text-align: center\">Women&#8217;s March h\u00f6lls f\u00f6r f\u00f6rsta g\u00e5ngen f\u00f6rra \u00e5ret i USA f\u00f6r att uppm\u00e4rksamma kvinnors kamp och det arbete som beh\u00f6vs f\u00f6r att komma n\u00e4rmare j\u00e4mst\u00e4lldhet. Women&#8217;s March har nu spridits sig v\u00e4rlden \u00f6ver och blivit en plattform f\u00f6r kvinnor att f\u00e5 sina r\u00f6ster h\u00f6rda. FN-f\u00f6reningen st\u00e5r f\u00f6r alla m\u00e4nniskors lika v\u00e4rde oavsett k\u00f6n, sexuell l\u00e4ggning, etnicitet, religion eller funktionshinder, vilket g\u00f6r v\u00e5r medverkan, och framtida st\u00f6d f\u00f6r r\u00f6relsen och dess m\u00e5l, sj\u00e4lvklar.<\/p>\n<p>&nbsp;<\/p>\n<p><a href=\"https:\/\/fn.se\/stockholm\/wp-content\/uploads\/sites\/32\/2018\/01\/IMG_2857-e1516625426542.jpg\"><img loading=\"lazy\" decoding=\"async\" class=\"size-full wp-image-710 aligncenter\" src=\"https:\/\/fn.se\/stockholm\/wp-content\/uploads\/sites\/32\/2018\/01\/IMG_2857-e1516625426542.jpg\" alt=\"\" width=\"640\" height=\"480\" srcset=\"https:\/\/fn.se\/stockholm\/wp-content\/uploads\/sites\/32\/2018\/01\/IMG_2857-e1516625426542.jpg 640w, https:\/\/fn.se\/stockholm\/wp-content\/uploads\/sites\/32\/2018\/01\/IMG_2857-e1516625426542-300x225.jpg 300w, https:\/\/fn.se\/stockholm\/wp-content\/uploads\/sites\/32\/2018\/01\/IMG_2857-e1516625426542-427x320.jpg 427w\" sizes=\"auto, (max-width: 640px) 100vw, 640px\" \/><\/a> <a href=\"https:\/\/fn.se\/stockholm\/wp-content\/uploads\/sites\/32\/2018\/01\/IMG_2867.jpg\"><img loading=\"lazy\" decoding=\"async\" class=\"size-full wp-image-711 aligncenter\" src=\"https:\/\/fn.se\/stockholm\/wp-content\/uploads\/sites\/32\/2018\/01\/IMG_2867.jpg\" alt=\"\" width=\"640\" height=\"480\" srcset=\"https:\/\/fn.se\/stockholm\/wp-content\/uploads\/sites\/32\/2018\/01\/IMG_2867.jpg 640w, https:\/\/fn.se\/stockholm\/wp-content\/uploads\/sites\/32\/2018\/01\/IMG_2867-300x225.jpg 300w, https:\/\/fn.se\/stockholm\/wp-content\/uploads\/sites\/32\/2018\/01\/IMG_2867-427x320.jpg 427w\" sizes=\"auto, (max-width: 640px) 100vw, 640px\" \/><\/a> <a href=\"https:\/\/fn.se\/stockholm\/wp-content\/uploads\/sites\/32\/2018\/01\/IMG_2884-e1516625385833.jpg\"><img loading=\"lazy\" decoding=\"async\" class=\"alignnone size-full wp-image-712 aligncenter\" src=\"https:\/\/fn.se\/stockholm\/wp-content\/uploads\/sites\/32\/2018\/01\/IMG_2884-e1516625385833.jpg\" alt=\"\" width=\"480\" height=\"640\" srcset=\"https:\/\/fn.se\/stockholm\/wp-content\/uploads\/sites\/32\/2018\/01\/IMG_2884-e1516625385833.jpg 480w, https:\/\/fn.se\/stockholm\/wp-content\/uploads\/sites\/32\/2018\/01\/IMG_2884-e1516625385833-225x300.jpg 225w, https:\/\/fn.se\/stockholm\/wp-content\/uploads\/sites\/32\/2018\/01\/IMG_2884-e1516625385833-240x320.jpg 240w\" sizes=\"auto, (max-width: 480px) 100vw, 480px\" \/><\/a><\/p>\n","protected":false},"excerpt":{"rendered":"<p>WOMEN&#8217;S MARCH 2018 &nbsp; Women&#8217;s March h\u00f6lls f\u00f6r f\u00f6rsta g\u00e5ngen f\u00f6rra \u00e5ret i USA f\u00f6r att uppm\u00e4rksamma kvinnors kamp och&hellip;<\/p>\n","protected":false},"author":86,"featured_media":0,"parent":0,"menu_order":0,"comment_status":"closed","ping_status":"closed","template":"","meta":{"_acf_changed":false,"footnotes":"","_links_to":"","_links_to_target":""},"class_list":["post-700","page","type-page","status-publish","hentry"],"acf":[],"_links":{"self":[{"href":"https:\/\/fn.se\/stockholm\/wp-json\/wp\/v2\/pages\/700","targetHints":{"allow":["GET"]}}],"collection":[{"href":"https:\/\/fn.se\/stockholm\/wp-json\/wp\/v2\/pages"}],"about":[{"href":"https:\/\/fn.se\/stockholm\/wp-json\/wp\/v2\/types\/page"}],"author":[{"embeddable":true,"href":"https:\/\/fn.se\/stockholm\/wp-json\/wp\/v2\/users\/86"}],"replies":[{"embeddable":true,"href":"https:\/\/fn.se\/stockholm\/wp-json\/wp\/v2\/comments?post=700"}],"version-history":[{"count":5,"href":"https:\/\/fn.se\/stockholm\/wp-json\/wp\/v2\/pages\/700\/revisions"}],"predecessor-version":[{"id":719,"href":"https:\/\/fn.se\/stockholm\/wp-json\/wp\/v2\/pages\/700\/revisions\/719"}],"wp:attachment":[{"href":"https:\/\/fn.se\/stockholm\/wp-json\/wp\/v2\/media?parent=700"}],"curies":[{"name":"wp","href":"https:\/\/api.w.org\/{rel}","templated":true}]}}