{"id":66,"date":"2016-09-30T15:09:24","date_gmt":"2016-09-30T15:09:24","guid":{"rendered":"http:\/\/fn.se\/stockholm\/?page_id=66"},"modified":"2018-01-30T10:53:21","modified_gmt":"2018-01-30T10:53:21","slug":"710-seminarium-om-den-svenska-sexkopslagen","status":"publish","type":"page","link":"https:\/\/fn.se\/stockholm\/710-seminarium-om-den-svenska-sexkopslagen\/","title":{"rendered":"7\/10 Seminarium om den svenska sexk\u00f6pslagen"},"content":{"rendered":"<h1>Seminarium om den svenska sexk\u00f6pslagen<\/h1>\n<p><strong>Den 7 oktober anordnade Stockholms FN-f\u00f6rening, i samarbete med ABF, den andra delen av seminarieserien om kvinnors r\u00e4tt till sina kroppar.<\/strong><\/p>\n<p>Kv\u00e4llens talare var Kommissarie Kajsa Wahlberg, Rikspolisstyrelsen.<br \/>\nSeminariet behandlade den svenska sexk\u00f6pslagen och dess inverkan p\u00e5 situationen i Sverige liksom hur Sverige konkret arbetar med internationella konventioner r\u00f6rande m\u00e4nniskohandel. Kajsa presenterade \u00e4ven forskning, utv\u00e4rderingar och kartl\u00e4ggning g\u00e4llande \u00e4mnet.<\/p>\n<p>Ett stort tack till Kommissarie Kajsa Wahlberg som f\u00f6rel\u00e4ste om det viktiga \u00e4mnet!<\/p>\n<p>Och \u00e5terigen ett stort tack till alla som deltog!<\/p>\n","protected":false},"excerpt":{"rendered":"<p>Seminarium om den svenska sexk\u00f6pslagen Den 7 oktober anordnade Stockholms FN-f\u00f6rening, i samarbete med ABF, den andra delen av seminarieserien&hellip;<\/p>\n","protected":false},"author":17,"featured_media":0,"parent":0,"menu_order":0,"comment_status":"closed","ping_status":"closed","template":"","meta":{"_acf_changed":false,"footnotes":"","_links_to":"","_links_to_target":""},"class_list":["post-66","page","type-page","status-publish","hentry"],"acf":[],"_links":{"self":[{"href":"https:\/\/fn.se\/stockholm\/wp-json\/wp\/v2\/pages\/66","targetHints":{"allow":["GET"]}}],"collection":[{"href":"https:\/\/fn.se\/stockholm\/wp-json\/wp\/v2\/pages"}],"about":[{"href":"https:\/\/fn.se\/stockholm\/wp-json\/wp\/v2\/types\/page"}],"author":[{"embeddable":true,"href":"https:\/\/fn.se\/stockholm\/wp-json\/wp\/v2\/users\/17"}],"replies":[{"embeddable":true,"href":"https:\/\/fn.se\/stockholm\/wp-json\/wp\/v2\/comments?post=66"}],"version-history":[{"count":2,"href":"https:\/\/fn.se\/stockholm\/wp-json\/wp\/v2\/pages\/66\/revisions"}],"predecessor-version":[{"id":70,"href":"https:\/\/fn.se\/stockholm\/wp-json\/wp\/v2\/pages\/66\/revisions\/70"}],"wp:attachment":[{"href":"https:\/\/fn.se\/stockholm\/wp-json\/wp\/v2\/media?parent=66"}],"curies":[{"name":"wp","href":"https:\/\/api.w.org\/{rel}","templated":true}]}}