{"id":644,"date":"2017-10-31T15:43:14","date_gmt":"2017-10-31T15:43:14","guid":{"rendered":"https:\/\/fn.se\/stockholm\/?page_id=644"},"modified":"2017-11-01T11:04:08","modified_gmt":"2017-11-01T11:04:08","slug":"internationella-flickadagen-1110","status":"publish","type":"page","link":"https:\/\/fn.se\/stockholm\/internationella-flickadagen-1110\/","title":{"rendered":"Internationella Flickadagen 11\/10"},"content":{"rendered":"<p><img loading=\"lazy\" decoding=\"async\" class=\"alignnone size-full wp-image-645\" src=\"https:\/\/fn.se\/stockholm\/wp-content\/uploads\/sites\/32\/2017\/10\/IMG_4972.jpg\" alt=\"\" width=\"734\" height=\"826\" srcset=\"https:\/\/fn.se\/stockholm\/wp-content\/uploads\/sites\/32\/2017\/10\/IMG_4972.jpg 734w, https:\/\/fn.se\/stockholm\/wp-content\/uploads\/sites\/32\/2017\/10\/IMG_4972-267x300.jpg 267w, https:\/\/fn.se\/stockholm\/wp-content\/uploads\/sites\/32\/2017\/10\/IMG_4972-284x320.jpg 284w, https:\/\/fn.se\/stockholm\/wp-content\/uploads\/sites\/32\/2017\/10\/IMG_4972-622x700.jpg 622w\" sizes=\"auto, (max-width: 734px) 100vw, 734px\" \/><\/p>\n<h2>Internationella Flickadagen 11\/10<\/h2>\n<p>P\u00e5 internationella Flickadagen h\u00f6ll vi ett seminarium f\u00f6r att uppm\u00e4rksamma flickors situation i v\u00e4rlden och arbetet f\u00f6r flickors r\u00e4ttigheter samt kampen mot sexistisk reklam. Christina Heilborn, programchef p\u00e5 UNICEF, pratade om hur situationen ser ut idag och om deras arbete f\u00f6r flickors r\u00e4ttigheter. Hanne Clivemo, praktikant p\u00e5 Sveriges Kvinnolobby, ber\u00e4ttade om deras kampanj Reklamera som uppm\u00e4rksammar och anm\u00e4ler sexistisk reklam och arbetar f\u00f6r en starkare lagstiftning. V\u00e5ra talare gjorde ett fantastiskt jobb med att belysa problemen och hur de jobbar f\u00f6r att motverka dem.<\/p>\n","protected":false},"excerpt":{"rendered":"<p>Internationella Flickadagen 11\/10 P\u00e5 internationella Flickadagen h\u00f6ll vi ett seminarium f\u00f6r att uppm\u00e4rksamma flickors situation i v\u00e4rlden och arbetet f\u00f6r&hellip;<\/p>\n","protected":false},"author":86,"featured_media":0,"parent":0,"menu_order":0,"comment_status":"closed","ping_status":"closed","template":"","meta":{"_acf_changed":false,"footnotes":"","_links_to":"","_links_to_target":""},"class_list":["post-644","page","type-page","status-publish","hentry"],"acf":[],"_links":{"self":[{"href":"https:\/\/fn.se\/stockholm\/wp-json\/wp\/v2\/pages\/644","targetHints":{"allow":["GET"]}}],"collection":[{"href":"https:\/\/fn.se\/stockholm\/wp-json\/wp\/v2\/pages"}],"about":[{"href":"https:\/\/fn.se\/stockholm\/wp-json\/wp\/v2\/types\/page"}],"author":[{"embeddable":true,"href":"https:\/\/fn.se\/stockholm\/wp-json\/wp\/v2\/users\/86"}],"replies":[{"embeddable":true,"href":"https:\/\/fn.se\/stockholm\/wp-json\/wp\/v2\/comments?post=644"}],"version-history":[{"count":5,"href":"https:\/\/fn.se\/stockholm\/wp-json\/wp\/v2\/pages\/644\/revisions"}],"predecessor-version":[{"id":652,"href":"https:\/\/fn.se\/stockholm\/wp-json\/wp\/v2\/pages\/644\/revisions\/652"}],"wp:attachment":[{"href":"https:\/\/fn.se\/stockholm\/wp-json\/wp\/v2\/media?parent=644"}],"curies":[{"name":"wp","href":"https:\/\/api.w.org\/{rel}","templated":true}]}}