{"id":63,"date":"2016-09-30T15:06:50","date_gmt":"2016-09-30T15:06:50","guid":{"rendered":"http:\/\/fn.se\/stockholm\/?page_id=63"},"modified":"2016-09-30T15:06:50","modified_gmt":"2016-09-30T15:06:50","slug":"ungdomsansvarigstraff-2014","status":"publish","type":"page","link":"https:\/\/fn.se\/stockholm\/ungdomsansvarigstraff-2014\/","title":{"rendered":"Ungdomsansvarigstr\u00e4ff 2014"},"content":{"rendered":"<h1>Ungdomsansvarigstr\u00e4ff 2014<\/h1>\n<p>Under helgen 3-5 oktober, anordnade FN-f\u00f6rbundet en ungdomsansvarigstr\u00e4ff. Deltagarna kom fr\u00e5n olika FN-f\u00f6reningar i landet och var alla ansvariga f\u00f6r ungdomsverksamheten i sina f\u00f6reningar. Programmet bestod av flera intressanta f\u00f6rel\u00e4sningar, workshops samt ett bes\u00f6k hos bist\u00e5ndsmyndigheten Sida.<\/p>\n<p>Sophia och Malin fr\u00e5n Stockholms FN-f\u00f6renings studentsektion deltog under ungdomsansvarigstr\u00e4ffen tillsammans med tillsammans med ungdomssektionens ordf\u00f6rande Johanna.<\/p>\n<p>\u00c4r du under 26 \u00e5r och \u00e4r intresserad av att engagera dig i FN-r\u00f6relsens ungdomssektion kan du kontakta FN-f\u00f6rbundets ungdomssekreterare Albert!<\/p>\n<p>F\u00f6r att l\u00e4sa mer om ungdomsansvarigstr\u00e4ffen klicka <a class=\"new-window\" title=\"h\u00e4r\" href=\"http:\/\/www.ungbloggen.se\/inlagg-skrivna-av\/albert-askeljung\/ungdomsansvarigtraffen-2014\/\" target=\"_blank\">h\u00e4r<\/a>.<\/p>\n","protected":false},"excerpt":{"rendered":"<p>Ungdomsansvarigstr\u00e4ff 2014 Under helgen 3-5 oktober, anordnade FN-f\u00f6rbundet en ungdomsansvarigstr\u00e4ff. Deltagarna kom fr\u00e5n olika FN-f\u00f6reningar i landet och var alla&hellip;<\/p>\n","protected":false},"author":17,"featured_media":0,"parent":0,"menu_order":0,"comment_status":"closed","ping_status":"closed","template":"","meta":{"_acf_changed":false,"footnotes":"","_links_to":"","_links_to_target":""},"class_list":["post-63","page","type-page","status-publish","hentry"],"acf":[],"_links":{"self":[{"href":"https:\/\/fn.se\/stockholm\/wp-json\/wp\/v2\/pages\/63","targetHints":{"allow":["GET"]}}],"collection":[{"href":"https:\/\/fn.se\/stockholm\/wp-json\/wp\/v2\/pages"}],"about":[{"href":"https:\/\/fn.se\/stockholm\/wp-json\/wp\/v2\/types\/page"}],"author":[{"embeddable":true,"href":"https:\/\/fn.se\/stockholm\/wp-json\/wp\/v2\/users\/17"}],"replies":[{"embeddable":true,"href":"https:\/\/fn.se\/stockholm\/wp-json\/wp\/v2\/comments?post=63"}],"version-history":[{"count":1,"href":"https:\/\/fn.se\/stockholm\/wp-json\/wp\/v2\/pages\/63\/revisions"}],"predecessor-version":[{"id":65,"href":"https:\/\/fn.se\/stockholm\/wp-json\/wp\/v2\/pages\/63\/revisions\/65"}],"wp:attachment":[{"href":"https:\/\/fn.se\/stockholm\/wp-json\/wp\/v2\/media?parent=63"}],"curies":[{"name":"wp","href":"https:\/\/api.w.org\/{rel}","templated":true}]}}