{"id":59,"date":"2016-09-30T15:05:09","date_gmt":"2016-09-30T15:05:09","guid":{"rendered":"http:\/\/fn.se\/stockholm\/?page_id=59"},"modified":"2018-01-30T10:53:15","modified_gmt":"2018-01-30T10:53:15","slug":"2210-infor-fn-dagen","status":"publish","type":"page","link":"https:\/\/fn.se\/stockholm\/2210-infor-fn-dagen\/","title":{"rendered":"22\/10 Inf\u00f6r FN-dagen"},"content":{"rendered":"<h1>Inf\u00f6r FN-dagen 2014<\/h1>\n<p>22 oktober\u00a0h\u00f6ll svenska FN-f\u00f6rbundet sitt traditionella seminarium inf\u00f6r FN-dagen. Temat f\u00f6r dagen var &#8221;FN och Islamiska staten \u2013 gr\u00e4nsl\u00f6sa utmaningar f\u00f6r v\u00e4rldsorganisationen&#8221;. Sveriges utrikesministern Margot Wallstr\u00f6m deltog bland andra under <span class=\"text_exposed_show\">seminariet.<\/span><\/p>\n<p><span class=\"text_exposed_show\"><img loading=\"lazy\" decoding=\"async\" class=\"alignright size-medium wp-image-60\" src=\"https:\/\/fn.se\/stockholm\/wp-content\/uploads\/sites\/32\/2016\/09\/Sthlm-pris-300x225.jpg\" alt=\"sthlm-pris\" width=\"300\" height=\"225\" \/><br \/>\n<strong>Sonja Gardefjord som sitter med i Stockholms FN-f\u00f6renings styrelse vann priset som \u00e5rets FN-supporter!<\/strong><\/span><\/p>\n<p><span class=\"text_exposed_show\">S\u00e5 h\u00e4r l\u00f6d motiveringen:<\/span><\/p>\n<p><span class=\"text_exposed_show\">&#8221;Sonja Gardefjord har ett m\u00e5ng\u00e5rigt och brinnande engagemang inom FN-r\u00f6relsen. Hon sitter sedan m\u00e5nga \u00e5r i Stockholms FN-f\u00f6renings styrelse och har \u00e4ven varit ordf\u00f6rande i Stockholms FN-distrikt under ett flertal \u00e5r.<br \/>\nSonjas djupa engagemang, inte minst f\u00f6r kvinnors situation, i Sverige och internationellt \u00e4r omfattande. Hon \u00e4r outtr\u00f6ttlig i sitt praktiska arbete, bland annat som ordf\u00f6rande f\u00f6r Tensta tjej- och kvinnojour, och som ordf\u00f6rande f\u00f6r Kommitt\u00e9n f\u00f6r V\u00e4stsaharas kvinnor k\u00e4mpar hon f\u00f6r utveckling och m\u00e4nskliga r\u00e4ttigheter i ett ockuperat land.&#8221;<\/span><\/p>\n<p><span class=\"text_exposed_show\"><br \/>\n<strong>Ett stort grattis till Sonja Gardefjord f\u00f6r det fina priset!<\/strong><\/span><\/p>\n","protected":false},"excerpt":{"rendered":"<p>Inf\u00f6r FN-dagen 2014 22 oktober\u00a0h\u00f6ll svenska FN-f\u00f6rbundet sitt traditionella seminarium inf\u00f6r FN-dagen. Temat f\u00f6r dagen var &#8221;FN och Islamiska staten&hellip;<\/p>\n","protected":false},"author":17,"featured_media":0,"parent":0,"menu_order":0,"comment_status":"closed","ping_status":"closed","template":"","meta":{"_acf_changed":false,"footnotes":"","_links_to":"","_links_to_target":""},"class_list":["post-59","page","type-page","status-publish","hentry"],"acf":[],"_links":{"self":[{"href":"https:\/\/fn.se\/stockholm\/wp-json\/wp\/v2\/pages\/59","targetHints":{"allow":["GET"]}}],"collection":[{"href":"https:\/\/fn.se\/stockholm\/wp-json\/wp\/v2\/pages"}],"about":[{"href":"https:\/\/fn.se\/stockholm\/wp-json\/wp\/v2\/types\/page"}],"author":[{"embeddable":true,"href":"https:\/\/fn.se\/stockholm\/wp-json\/wp\/v2\/users\/17"}],"replies":[{"embeddable":true,"href":"https:\/\/fn.se\/stockholm\/wp-json\/wp\/v2\/comments?post=59"}],"version-history":[{"count":1,"href":"https:\/\/fn.se\/stockholm\/wp-json\/wp\/v2\/pages\/59\/revisions"}],"predecessor-version":[{"id":61,"href":"https:\/\/fn.se\/stockholm\/wp-json\/wp\/v2\/pages\/59\/revisions\/61"}],"wp:attachment":[{"href":"https:\/\/fn.se\/stockholm\/wp-json\/wp\/v2\/media?parent=59"}],"curies":[{"name":"wp","href":"https:\/\/api.w.org\/{rel}","templated":true}]}}