{"id":55,"date":"2016-09-30T15:01:34","date_gmt":"2016-09-30T15:01:34","guid":{"rendered":"http:\/\/fn.se\/stockholm\/?page_id=55"},"modified":"2016-09-30T15:01:34","modified_gmt":"2016-09-30T15:01:34","slug":"minismun-2014","status":"publish","type":"page","link":"https:\/\/fn.se\/stockholm\/minismun-2014\/","title":{"rendered":"MiniSMUN 2014"},"content":{"rendered":"<h1>MiniSMUN 2014<\/h1>\n<p>L\u00f6rdagen den 4 oktober anordnade Stockholms FN-f\u00f6renings studentsektion i samarbete med Stockholm Model United Nations (SMUN) ett MiniSMUN vid Stockholms universitet.<\/p>\n<p>Omkring 60 studenter deltog i FN-rollspelet d\u00e4r temat under dagen var krisen i Syrien. Deltagarna fick m\u00f6jlighet att l\u00e4ra sig om FN-f\u00f6rhandlingar och hur man l\u00f6ser problem p\u00e5 en diplomatiskniv\u00e5.<\/p>\n<p>Studenttidningen Gaudeamus f\u00f6ljde h\u00e4ndelserna under dagen, f\u00f6r att l\u00e4sa deras artikel &#8211; klicka <a title=\"h\u00e4r\" href=\"http:\/\/www.gaudeamus.se\/2014\/10\/fn-rollspel-lockade-studenter\/\">h\u00e4r<\/a>.<\/p>\n<p>Vill du ha information om kommande aktiviteter? G\u00e5 in och gilla\u00a0<a title=\"Studentsektionen p\u00e5 Facebook!\" href=\"https:\/\/www.facebook.com\/UNAStockholmUniversity\">Studentsektionen p\u00e5 Facebook<\/a>!<\/p>\n","protected":false},"excerpt":{"rendered":"<p>MiniSMUN 2014 L\u00f6rdagen den 4 oktober anordnade Stockholms FN-f\u00f6renings studentsektion i samarbete med Stockholm Model United Nations (SMUN) ett MiniSMUN&hellip;<\/p>\n","protected":false},"author":17,"featured_media":0,"parent":0,"menu_order":0,"comment_status":"closed","ping_status":"closed","template":"","meta":{"_acf_changed":false,"footnotes":"","_links_to":"","_links_to_target":""},"class_list":["post-55","page","type-page","status-publish","hentry"],"acf":[],"_links":{"self":[{"href":"https:\/\/fn.se\/stockholm\/wp-json\/wp\/v2\/pages\/55","targetHints":{"allow":["GET"]}}],"collection":[{"href":"https:\/\/fn.se\/stockholm\/wp-json\/wp\/v2\/pages"}],"about":[{"href":"https:\/\/fn.se\/stockholm\/wp-json\/wp\/v2\/types\/page"}],"author":[{"embeddable":true,"href":"https:\/\/fn.se\/stockholm\/wp-json\/wp\/v2\/users\/17"}],"replies":[{"embeddable":true,"href":"https:\/\/fn.se\/stockholm\/wp-json\/wp\/v2\/comments?post=55"}],"version-history":[{"count":1,"href":"https:\/\/fn.se\/stockholm\/wp-json\/wp\/v2\/pages\/55\/revisions"}],"predecessor-version":[{"id":57,"href":"https:\/\/fn.se\/stockholm\/wp-json\/wp\/v2\/pages\/55\/revisions\/57"}],"wp:attachment":[{"href":"https:\/\/fn.se\/stockholm\/wp-json\/wp\/v2\/media?parent=55"}],"curies":[{"name":"wp","href":"https:\/\/api.w.org\/{rel}","templated":true}]}}