{"id":520,"date":"2017-05-16T08:56:38","date_gmt":"2017-05-16T08:56:38","guid":{"rendered":"http:\/\/fn.se\/stockholm\/?page_id=520"},"modified":"2017-05-16T08:56:38","modified_gmt":"2017-05-16T08:56:38","slug":"2010-arkiv","status":"publish","type":"page","link":"https:\/\/fn.se\/stockholm\/2010-arkiv\/","title":{"rendered":"2010 Arkiv"},"content":{"rendered":"<h3>2010 Arkiv<\/h3>\n<p><a href=\"https:\/\/fn.se\/stockholm\/1012-2010-forsvarare-av-manskliga-rattigheter\/\">10\/12 2010 F\u00f6rsvarare av M\u00e4nskliga R\u00e4ttigheter<\/a><\/p>\n<p><a href=\"https:\/\/fn.se\/stockholm\/279-seminarium-om-empowerment-of-women-in-africa\/\">27\/9 Seminarium om \u201cEmpowerment of women in Africa\u201d<\/a><\/p>\n","protected":false},"excerpt":{"rendered":"<p>2010 Arkiv 10\/12 2010 F\u00f6rsvarare av M\u00e4nskliga R\u00e4ttigheter 27\/9 Seminarium om \u201cEmpowerment of women in Africa\u201d<\/p>\n","protected":false},"author":86,"featured_media":0,"parent":0,"menu_order":0,"comment_status":"closed","ping_status":"closed","template":"","meta":{"_acf_changed":false,"footnotes":"","_links_to":"","_links_to_target":""},"class_list":["post-520","page","type-page","status-publish","hentry"],"acf":[],"_links":{"self":[{"href":"https:\/\/fn.se\/stockholm\/wp-json\/wp\/v2\/pages\/520","targetHints":{"allow":["GET"]}}],"collection":[{"href":"https:\/\/fn.se\/stockholm\/wp-json\/wp\/v2\/pages"}],"about":[{"href":"https:\/\/fn.se\/stockholm\/wp-json\/wp\/v2\/types\/page"}],"author":[{"embeddable":true,"href":"https:\/\/fn.se\/stockholm\/wp-json\/wp\/v2\/users\/86"}],"replies":[{"embeddable":true,"href":"https:\/\/fn.se\/stockholm\/wp-json\/wp\/v2\/comments?post=520"}],"version-history":[{"count":1,"href":"https:\/\/fn.se\/stockholm\/wp-json\/wp\/v2\/pages\/520\/revisions"}],"predecessor-version":[{"id":521,"href":"https:\/\/fn.se\/stockholm\/wp-json\/wp\/v2\/pages\/520\/revisions\/521"}],"wp:attachment":[{"href":"https:\/\/fn.se\/stockholm\/wp-json\/wp\/v2\/media?parent=520"}],"curies":[{"name":"wp","href":"https:\/\/api.w.org\/{rel}","templated":true}]}}