{"id":51,"date":"2016-09-30T14:58:54","date_gmt":"2016-09-30T14:58:54","guid":{"rendered":"http:\/\/fn.se\/stockholm\/?page_id=51"},"modified":"2016-09-30T14:58:54","modified_gmt":"2016-09-30T14:58:54","slug":"folj-sayuris-resa-som-praktikant-i-sydafrika","status":"publish","type":"page","link":"https:\/\/fn.se\/stockholm\/folj-sayuris-resa-som-praktikant-i-sydafrika\/","title":{"rendered":"F\u00f6lj Sayuris resa som praktikant i Sydafrika!"},"content":{"rendered":"<h2>F\u00f6lj Sayuris resa som praktikant i Sydafrika!<\/h2>\n<p>V\u00e5r f\u00f6rra praktikant Sayuri \u00e4r en av FN-f\u00f6rbundets nya praktikanter i Sydafrika. Under h\u00f6sten kan ni f\u00f6lja henne p\u00e5 <a href=\"http:\/\/www.ungbloggen.se\/gastskribenter\/sayuri-berattar-om-sin-praktik-pa-fn-forbundet-i-sydafrika\/\">UNgbloggen<\/a> , d\u00e4r hon ber\u00e4ttar om sin sp\u00e4nnande resa!<\/p>\n<p><img loading=\"lazy\" decoding=\"async\" class=\"alignleft wp-image-52 size-full\" src=\"https:\/\/fn.se\/stockholm\/wp-content\/uploads\/sites\/32\/2016\/09\/Sthlm-Sayuri.jpg\" alt=\"sthlm-sayuri\" width=\"351\" height=\"524\" \/><\/p>\n<p>&nbsp;<\/p>\n<p>&nbsp;<\/p>\n<p>&nbsp;<\/p>\n","protected":false},"excerpt":{"rendered":"<p>F\u00f6lj Sayuris resa som praktikant i Sydafrika! V\u00e5r f\u00f6rra praktikant Sayuri \u00e4r en av FN-f\u00f6rbundets nya praktikanter i Sydafrika. Under&hellip;<\/p>\n","protected":false},"author":17,"featured_media":0,"parent":0,"menu_order":0,"comment_status":"closed","ping_status":"closed","template":"","meta":{"_acf_changed":false,"footnotes":"","_links_to":"","_links_to_target":""},"class_list":["post-51","page","type-page","status-publish","hentry"],"acf":[],"_links":{"self":[{"href":"https:\/\/fn.se\/stockholm\/wp-json\/wp\/v2\/pages\/51","targetHints":{"allow":["GET"]}}],"collection":[{"href":"https:\/\/fn.se\/stockholm\/wp-json\/wp\/v2\/pages"}],"about":[{"href":"https:\/\/fn.se\/stockholm\/wp-json\/wp\/v2\/types\/page"}],"author":[{"embeddable":true,"href":"https:\/\/fn.se\/stockholm\/wp-json\/wp\/v2\/users\/17"}],"replies":[{"embeddable":true,"href":"https:\/\/fn.se\/stockholm\/wp-json\/wp\/v2\/comments?post=51"}],"version-history":[{"count":1,"href":"https:\/\/fn.se\/stockholm\/wp-json\/wp\/v2\/pages\/51\/revisions"}],"predecessor-version":[{"id":53,"href":"https:\/\/fn.se\/stockholm\/wp-json\/wp\/v2\/pages\/51\/revisions\/53"}],"wp:attachment":[{"href":"https:\/\/fn.se\/stockholm\/wp-json\/wp\/v2\/media?parent=51"}],"curies":[{"name":"wp","href":"https:\/\/api.w.org\/{rel}","templated":true}]}}