{"id":503,"date":"2017-05-16T08:47:17","date_gmt":"2017-05-16T08:47:17","guid":{"rendered":"http:\/\/fn.se\/stockholm\/?page_id=503"},"modified":"2019-11-22T12:33:32","modified_gmt":"2019-11-22T12:33:32","slug":"2014-arkiv","status":"publish","type":"page","link":"https:\/\/fn.se\/stockholm\/2014-arkiv\/","title":{"rendered":"2014 Arkiv"},"content":{"rendered":"<h3>2014 Arkiv<\/h3>\n<p><a href=\"https:\/\/fn.se\/stockholm\/1724-2\/\">Verksamhetsber\u00e4ttelse 2014<\/a><\/p>\n<h3>Aktiviteter<\/h3>\n<p><a href=\"https:\/\/fn.se\/stockholm\/mr-dagen-1012-diplomerade-for-sitt-engagemang\/\">MR-dagen 10\/12: Diplomerade f\u00f6r sitt engagemang<\/a><\/p>\n<p><a href=\"https:\/\/fn.se\/stockholm\/18-november-sista-delen-av-seminarieserien-kvinnors-ratt-till-sina-kroppar\/\">18\/11\u00a0Sista delen av seminarieserien &#8221;Kvinnors r\u00e4tt till sina kroppar&#8221;<\/a><\/p>\n<p><a href=\"https:\/\/fn.se\/stockholm\/mikrofinans-pa-gott-och-ont\/\">12\/11 Mikrofinans \u2013 p\u00e5 gott och ont<\/a><\/p>\n<p><a href=\"https:\/\/fn.se\/stockholm\/jakten-pa-kapten-klanning\/\">6\/11:\u00a0Jakten p\u00e5 Kapten Kl\u00e4nning<\/a><\/p>\n<p><a href=\"https:\/\/fn.se\/stockholm\/2210-infor-fn-dagen\/\">22\/10 Inf\u00f6r FN-dagen<\/a><\/p>\n<p><a href=\"https:\/\/fn.se\/stockholm\/710-seminarium-om-den-svenska-sexkopslagen\/\">7\/10 Seminarium om den svenska sexk\u00f6pslagen<\/a><\/p>\n<p><a href=\"https:\/\/fn.se\/stockholm\/ungdomsansvarigstraff-2014\/\">Ungdomsansvarigstr\u00e4ff 2014<\/a><\/p>\n<p><a href=\"https:\/\/fn.se\/stockholm\/karriar-inom-fn\/\">4\/10\u00a0Karri\u00e4r inom FN<\/a><\/p>\n<p><a href=\"https:\/\/fn.se\/stockholm\/folj-sayuris-resa-som-praktikant-i-sydafrika\/\">F\u00f6lj Sayuris resa som praktikant i Sydafrika!<\/a><\/p>\n<p><a href=\"https:\/\/fn.se\/stockholm\/minismun-2014\/\">4\/10\u00a0MiniSMUN 2014<\/a><\/p>\n<p><a href=\"https:\/\/fn.se\/stockholm\/119-ungdomssektionens-arsmote\/\">11\/9 Ungdomssektionens \u00e5rsm\u00f6te<\/a><\/p>\n<p><a href=\"https:\/\/fn.se\/stockholm\/99-seminarium-om-kvinnors-ratt-till-sina-kroppar\/\">9\/9 Seminarium om kvinnors r\u00e4tt till sina kroppar<\/a><\/p>\n<p><a href=\"https:\/\/fn.se\/stockholm\/nordiskt-forum-2014\/\">Nordiskt Forum 2014<\/a><\/p>\n<p><a href=\"https:\/\/fn.se\/stockholm\/nationaldagsfirande-i-ralis\/\">Nationaldagsfirande i R\u00e5lis<\/a><\/p>\n<p><a href=\"https:\/\/fn.se\/stockholm\/koll-pa-studentsektionen\/\">Koll p\u00e5: Studentsektionen<\/a><\/p>\n<p><a href=\"https:\/\/fn.se\/stockholm\/275-filmvisning-av-girl-rising\/\">27\/5 Filmvisning av &#8221;Girl Rising&#8221;<\/a><\/p>\n<p><a href=\"https:\/\/fn.se\/stockholm\/10-115-fn-forum-2014\/\">10-11\/5 FN-forum 2014<\/a><\/p>\n<p><a href=\"https:\/\/fn.se\/stockholm\/95-paneldebatt-prostitution-och-trafficking-inom-eu\/\">9\/5 Paneldebatt: Prostitution och trafficking inom EU<\/a><\/p>\n<p><a href=\"https:\/\/fn.se\/stockholm\/75-bistandsdebatt-med-bistandsminister-hillevi-engstrom\/\">7\/5 Bist\u00e5ndsdebatt med bist\u00e5ndsminister Hillevi Engstr\u00f6m<\/a><\/p>\n<p><a href=\"https:\/\/fn.se\/stockholm\/284-filmvisning-av-wallstroms-resolution\/\">28\/4 Filmvisning av &#8221;Wallstr\u00f6ms Resolution&#8221;\u00a0<\/a><\/p>\n<p><a href=\"https:\/\/fn.se\/stockholm\/244-pubkvall-med-tema-varldskoll\/\">24\/4 Pubkv\u00e4ll med tema V\u00e4rldskoll<\/a><\/p>\n<p><a href=\"https:\/\/fn.se\/stockholm\/224-kvinnors-situation-i-kongo\/\">22\/4 Kvinnors situation i Kongo<\/a><\/p>\n<p><a href=\"https:\/\/fn.se\/stockholm\/104-filmvisning-av-the-act-of-killing\/\">10\/4 Filmvisning av &#8221;The Act of Killing&#8221;<\/a><\/p>\n<p><a href=\"https:\/\/fn.se\/stockholm\/94-jamstalldhetsforum-pa-su\/\">9\/4 J\u00e4mst\u00e4lldhetsforum p\u00e5 SU<\/a><\/p>\n<p><a href=\"https:\/\/fn.se\/stockholm\/84-koll-pa-ungdomssektionen\/\">8\/4 Koll p\u00e5: Ungdomssektionen<\/a><\/p>\n<p><a href=\"https:\/\/fn.se\/stockholm\/313-millenniemalen-och-post-2015\/\">31\/3 Millenniem\u00e5len och Post-2015<\/a><\/p>\n<p><a href=\"https:\/\/fn.se\/stockholm\/193-fns-internationella-vattendag\/\">19\/3 FN:s internationella vattendag<\/a><\/p>\n<p><a href=\"https:\/\/fn.se\/stockholm\/183-studiebesok-pa-svenska-fn-forbundet\/\">18\/3 Studiebes\u00f6k p\u00e5 Svenska FN-f\u00f6rbundet<\/a><\/p>\n<p><a href=\"https:\/\/fn.se\/stockholm\/173-seminarium-med-afghanistanveteraner\/\">17\/3 Seminarium med Afghanistanveteraner<\/a><\/p>\n<p><a href=\"https:\/\/fn.se\/stockholm\/83-internationella-kvinnodagen-pa-fryshuset\/\">8\/3 Internationella kvinnodagen p\u00e5 Fryshuset<\/a><\/p>\n<p><a href=\"https:\/\/fn.se\/stockholm\/73-jamstalldhetens-utmaningar-2014\/\">7\/3 J\u00e4mst\u00e4lldhetens utmaningar 2014<\/a><\/p>\n<p><a href=\"https:\/\/fn.se\/stockholm\/43-millenniemalen-pa-stockholms-universitet\/\">4\/3 Millenniem\u00e5len p\u00e5 Stockholms universitet<\/a><\/p>\n<p><a href=\"https:\/\/fn.se\/stockholm\/arsmote-2014\/\">\u00c5rsm\u00f6te 2014<\/a><\/p>\n<p><a href=\"https:\/\/fn.se\/stockholm\/222-debatt-sexkopslagen-i-och-utanfor-sverige\/\">22\/2 Debatt: Sexk\u00f6pslagen i och utanf\u00f6r Sverige<\/a><\/p>\n<p><a href=\"https:\/\/fn.se\/stockholm\/62-ungdomssektionen-pa-handelsdagarna\/\">6\/2 Ungdomssektionen p\u00e5 Handelsdagarna<\/a><\/p>\n<p><a href=\"https:\/\/fn.se\/stockholm\/172-internationell-praktik-genom-fn-forbundet\/\">17\/2 Internationell praktik genom Svenska FN-f\u00f6rbundet<\/a><\/p>\n<p><a href=\"https:\/\/fn.se\/stockholm\/manskliga-rattigheter-i-iran-bahaiernas-situation\/\">M\u00e4nskliga r\u00e4ttigheter i Iran: Bah\u00e1iernas situation<\/a><\/p>\n<p><a href=\"https:\/\/fn.se\/stockholm\/studentsektionen-pa-sus-valkomstdagar\/\">Studentsektionen p\u00e5 SU:s v\u00e4lkomstdagar<\/a><\/p>\n","protected":false},"excerpt":{"rendered":"<p>2014 Arkiv Verksamhetsber\u00e4ttelse 2014 Aktiviteter MR-dagen 10\/12: Diplomerade f\u00f6r sitt engagemang 18\/11\u00a0Sista delen av seminarieserien &#8221;Kvinnors r\u00e4tt till sina kroppar&#8221;&hellip;<\/p>\n","protected":false},"author":86,"featured_media":0,"parent":0,"menu_order":0,"comment_status":"closed","ping_status":"closed","template":"templates\/template-sub.php","meta":{"_acf_changed":false,"footnotes":"","_links_to":"","_links_to_target":""},"class_list":["post-503","page","type-page","status-publish","hentry"],"acf":[],"_links":{"self":[{"href":"https:\/\/fn.se\/stockholm\/wp-json\/wp\/v2\/pages\/503","targetHints":{"allow":["GET"]}}],"collection":[{"href":"https:\/\/fn.se\/stockholm\/wp-json\/wp\/v2\/pages"}],"about":[{"href":"https:\/\/fn.se\/stockholm\/wp-json\/wp\/v2\/types\/page"}],"author":[{"embeddable":true,"href":"https:\/\/fn.se\/stockholm\/wp-json\/wp\/v2\/users\/86"}],"replies":[{"embeddable":true,"href":"https:\/\/fn.se\/stockholm\/wp-json\/wp\/v2\/comments?post=503"}],"version-history":[{"count":2,"href":"https:\/\/fn.se\/stockholm\/wp-json\/wp\/v2\/pages\/503\/revisions"}],"predecessor-version":[{"id":1727,"href":"https:\/\/fn.se\/stockholm\/wp-json\/wp\/v2\/pages\/503\/revisions\/1727"}],"wp:attachment":[{"href":"https:\/\/fn.se\/stockholm\/wp-json\/wp\/v2\/media?parent=503"}],"curies":[{"name":"wp","href":"https:\/\/api.w.org\/{rel}","templated":true}]}}