{"id":497,"date":"2017-05-16T08:35:23","date_gmt":"2017-05-16T08:35:23","guid":{"rendered":"http:\/\/fn.se\/stockholm\/?page_id=497"},"modified":"2019-11-22T12:17:18","modified_gmt":"2019-11-22T12:17:18","slug":"2016-arkiv","status":"publish","type":"page","link":"https:\/\/fn.se\/stockholm\/2016-arkiv\/","title":{"rendered":"2016 Arkiv"},"content":{"rendered":"<h3>2016 Arkiv<\/h3>\n<h3><a href=\"https:\/\/fn.se\/stockholm\/1711-2\/\">Verksamhetsbera\u0308ttelse 2016<\/a><\/h3>\n<h3>Aktiviteter:<\/h3>\n<p><a href=\"https:\/\/fn.se\/stockholm\/middag-i-samband-med-den-internationella-dagen-for-manskliga-rattigheter\/\">10\/12 Traditionella MR-middagen<\/a><\/p>\n<p><a href=\"https:\/\/fn.se\/stockholm\/2511-seminarium-det-livsviktiga-rena-vattnet\/\">24\/11 Seminarium &#8211; Det livsviktiga, rena vattnet<\/a><\/p>\n<p><a href=\"https:\/\/fn.se\/stockholm\/2410-seminarium-ar-folkratten-ifragasatt\/\">24\/10 FN-dagen. Seminarium &#8211; \u00c4r folkr\u00e4tten ifr\u00e5gasatt?<\/a><\/p>\n<p><a href=\"https:\/\/fn.se\/stockholm\/1110-internationella-flicka-dagen-seminarium-flicka-i-varlden\/\">11\/10 Internationella Flicka-dagen. Seminarium &#8211; Flicka i v\u00e4rlden.<\/a><\/p>\n<p><a href=\"https:\/\/fn.se\/stockholm\/129-hostupptakt-seminarium-agenda-2030\/\">12\/9 H\u00f6stupptakt. Seminarium &#8211; Agenda 2030<\/a><\/p>\n<p><a href=\"https:\/\/fn.se\/stockholm\/66-nationaldagsfirande-pa-ralambshovsparken\/\">6\/6 Nationaldagsfirande p\u00e5 R\u00e5lambshovsparken<\/a><\/p>\n<p><a href=\"https:\/\/fn.se\/stockholm\/46-skolmat-blir-kunskap-smaka-pa-stockholm-festivalen\/\">4\/6 Skolmat blir kunskap &#8211; Smaka p\u00e5 Stockholm festivalen<\/a><\/p>\n<p><a href=\"https:\/\/fn.se\/stockholm\/305-seminarium-hur-kan-vi-forebygga-natvald-och-nathat\/\">30\/5 Seminarium &#8211; Hur kan vi f\u00f6rebygga n\u00e4tv\u00e5ld och n\u00e4that?<\/a><\/p>\n<p><a href=\"https:\/\/fn.se\/stockholm\/105-seminarium-i-vantan-pa-livet-vardagen-i-ett-flyktinglager\/\">10\/5 Seminarium &#8211; I v\u00e4ntan p\u00e5 livet, vardagen i ett flyktingl\u00e4ger<\/a><\/p>\n<p><a href=\"https:\/\/fn.se\/stockholm\/74-inspirationskvall-tillsammans-med-ungdoms-och-studentsektion\/\">7\/4 Inspirationskv\u00e4ll tillsammans med ungdoms- och studentsektion<\/a><\/p>\n<p><a href=\"https:\/\/fn.se\/stockholm\/153-seminarium-arbetsmiljons-betydelse-for-halsan\/\">15\/3 Seminarium &#8211; Arbetsmilj\u00f6ns betydelse f\u00f6r h\u00e4lsan<\/a><\/p>\n<p><a href=\"https:\/\/fn.se\/stockholm\/83-internationella-kvinnodagen-seminarium-barnaktenskap\/\">8\/3 Internationella kvinnodagen. Seminarium &#8211; \u00a0Barn\u00e4ktenskap<\/a><\/p>\n<p><a href=\"https:\/\/fn.se\/stockholm\/242-arsmote-och-seminarium-kanslor-attityder-och-hallbar-utveckling\/\">24\/2 \u00c5rsm\u00f6te och seminarium &#8211; K\u00e4nslor, attityder och h\u00e5llbar utveckling<\/a><\/p>\n<p><a href=\"https:\/\/fn.se\/stockholm\/271-seminarium-migranthalsa-flyktingars-halsa-i-fokus\/\">27\/1 Seminarium &#8211; Migranth\u00e4lsa, flyktingars h\u00e4lsa i fokus<\/a><\/p>\n","protected":false},"excerpt":{"rendered":"<p>2016 Arkiv Verksamhetsbera\u0308ttelse 2016 Aktiviteter: 10\/12 Traditionella MR-middagen 24\/11 Seminarium &#8211; Det livsviktiga, rena vattnet 24\/10 FN-dagen. Seminarium &#8211; \u00c4r&hellip;<\/p>\n","protected":false},"author":86,"featured_media":0,"parent":0,"menu_order":0,"comment_status":"closed","ping_status":"closed","template":"templates\/template-sub.php","meta":{"_acf_changed":false,"footnotes":"","_links_to":"","_links_to_target":""},"class_list":["post-497","page","type-page","status-publish","hentry"],"acf":[],"_links":{"self":[{"href":"https:\/\/fn.se\/stockholm\/wp-json\/wp\/v2\/pages\/497","targetHints":{"allow":["GET"]}}],"collection":[{"href":"https:\/\/fn.se\/stockholm\/wp-json\/wp\/v2\/pages"}],"about":[{"href":"https:\/\/fn.se\/stockholm\/wp-json\/wp\/v2\/types\/page"}],"author":[{"embeddable":true,"href":"https:\/\/fn.se\/stockholm\/wp-json\/wp\/v2\/users\/86"}],"replies":[{"embeddable":true,"href":"https:\/\/fn.se\/stockholm\/wp-json\/wp\/v2\/comments?post=497"}],"version-history":[{"count":4,"href":"https:\/\/fn.se\/stockholm\/wp-json\/wp\/v2\/pages\/497\/revisions"}],"predecessor-version":[{"id":1715,"href":"https:\/\/fn.se\/stockholm\/wp-json\/wp\/v2\/pages\/497\/revisions\/1715"}],"wp:attachment":[{"href":"https:\/\/fn.se\/stockholm\/wp-json\/wp\/v2\/media?parent=497"}],"curies":[{"name":"wp","href":"https:\/\/api.w.org\/{rel}","templated":true}]}}