{"id":463,"date":"2017-05-08T09:38:18","date_gmt":"2017-05-08T09:38:18","guid":{"rendered":"http:\/\/fn.se\/stockholm\/?page_id=463"},"modified":"2018-01-30T10:53:20","modified_gmt":"2018-01-30T10:53:20","slug":"271-seminarium-migranthalsa-flyktingars-halsa-i-fokus","status":"publish","type":"page","link":"https:\/\/fn.se\/stockholm\/271-seminarium-migranthalsa-flyktingars-halsa-i-fokus\/","title":{"rendered":"27\/1 Seminarium &#8211; Migranth\u00e4lsa, flyktingars h\u00e4lsa i fokus"},"content":{"rendered":"<h3>Seminarium &#8211; Migranth\u00e4lsa, flyktingars h\u00e4lsa i fokus<\/h3>\n<p>\u00c5r 2016 f\u00f6rsta seminarium h\u00f6ll f\u00f6reningen den 27 januari. Temat var migranth\u00e4lsa.\u00a0<strong>Monica Brendler och Ghassan Chahla<\/strong> fr\u00e5n R\u00f6da korsets center f\u00f6r torterade flyktingar i Stockholm ber\u00e4ttade om sitt arbete f\u00f6r att \u00e5terge flyktingar och deras familjer den m\u00e4nskliga v\u00e4rdighet som de har tagits ifr\u00e5n. Dessutom medverkade <strong>Gabriele Casini<\/strong> fr\u00e5n L\u00e4kare utan gr\u00e4nser som talade om h\u00f6stens s\u00f6k- och r\u00e4ddningsarbete p\u00e5 Medelhavet.<\/p>\n","protected":false},"excerpt":{"rendered":"<p>Seminarium &#8211; Migranth\u00e4lsa, flyktingars h\u00e4lsa i fokus \u00c5r 2016 f\u00f6rsta seminarium h\u00f6ll f\u00f6reningen den 27 januari. Temat var migranth\u00e4lsa.\u00a0Monica Brendler&hellip;<\/p>\n","protected":false},"author":86,"featured_media":0,"parent":0,"menu_order":0,"comment_status":"closed","ping_status":"closed","template":"","meta":{"_acf_changed":false,"footnotes":"","_links_to":"","_links_to_target":""},"class_list":["post-463","page","type-page","status-publish","hentry"],"acf":[],"_links":{"self":[{"href":"https:\/\/fn.se\/stockholm\/wp-json\/wp\/v2\/pages\/463","targetHints":{"allow":["GET"]}}],"collection":[{"href":"https:\/\/fn.se\/stockholm\/wp-json\/wp\/v2\/pages"}],"about":[{"href":"https:\/\/fn.se\/stockholm\/wp-json\/wp\/v2\/types\/page"}],"author":[{"embeddable":true,"href":"https:\/\/fn.se\/stockholm\/wp-json\/wp\/v2\/users\/86"}],"replies":[{"embeddable":true,"href":"https:\/\/fn.se\/stockholm\/wp-json\/wp\/v2\/comments?post=463"}],"version-history":[{"count":1,"href":"https:\/\/fn.se\/stockholm\/wp-json\/wp\/v2\/pages\/463\/revisions"}],"predecessor-version":[{"id":464,"href":"https:\/\/fn.se\/stockholm\/wp-json\/wp\/v2\/pages\/463\/revisions\/464"}],"wp:attachment":[{"href":"https:\/\/fn.se\/stockholm\/wp-json\/wp\/v2\/media?parent=463"}],"curies":[{"name":"wp","href":"https:\/\/api.w.org\/{rel}","templated":true}]}}