{"id":46,"date":"2016-09-30T14:54:26","date_gmt":"2016-09-30T14:54:26","guid":{"rendered":"http:\/\/fn.se\/stockholm\/?page_id=46"},"modified":"2016-09-30T14:54:26","modified_gmt":"2016-09-30T14:54:26","slug":"karriar-inom-fn","status":"publish","type":"page","link":"https:\/\/fn.se\/stockholm\/karriar-inom-fn\/","title":{"rendered":"Karri\u00e4r inom FN"},"content":{"rendered":"<h1>Karri\u00e4r inom FN<\/h1>\n<p>Den 4 oktober h\u00f6ll Stockholms Fn-f\u00f6renings Studentsektion ett seminarium om karri\u00e4r inom FN.<\/p>\n<p>Johanna Wiklund och Albert Askeljung fr\u00e5n Svenska FN-f\u00f6rbundet samt Eva Dalekant fr\u00e5n Unicef Sverige, delade alla med sig av v\u00e4rdefulla tips och egna erfarenheter fr\u00e5n att jobba inom FN och f\u00f6r FN:s intressen i Sverige.<\/p>\n<p><strong>Tack till alla ni som kom och lyssnade!\u00a0<\/strong><\/p>\n<p><img loading=\"lazy\" decoding=\"async\" class=\"aligncenter wp-image-47 size-large\" src=\"https:\/\/fn.se\/stockholm\/wp-content\/uploads\/sites\/32\/2016\/09\/Sthlm-f\u00f6rel\u00e4sning-2-1024x576.jpg\" alt=\"sthlm-forelasning-2\" width=\"1024\" height=\"576\" \/> <img loading=\"lazy\" decoding=\"async\" class=\"aligncenter wp-image-48 size-large\" src=\"https:\/\/fn.se\/stockholm\/wp-content\/uploads\/sites\/32\/2016\/09\/Sthlm-f\u00f6rel\u00e4sning-1024x576.jpg\" alt=\"sthlm-forelasning\" width=\"1024\" height=\"576\" \/><\/p>\n","protected":false},"excerpt":{"rendered":"<p>Karri\u00e4r inom FN Den 4 oktober h\u00f6ll Stockholms Fn-f\u00f6renings Studentsektion ett seminarium om karri\u00e4r inom FN. Johanna Wiklund och Albert&hellip;<\/p>\n","protected":false},"author":17,"featured_media":0,"parent":0,"menu_order":0,"comment_status":"closed","ping_status":"closed","template":"","meta":{"_acf_changed":false,"footnotes":"","_links_to":"","_links_to_target":""},"class_list":["post-46","page","type-page","status-publish","hentry"],"acf":[],"_links":{"self":[{"href":"https:\/\/fn.se\/stockholm\/wp-json\/wp\/v2\/pages\/46","targetHints":{"allow":["GET"]}}],"collection":[{"href":"https:\/\/fn.se\/stockholm\/wp-json\/wp\/v2\/pages"}],"about":[{"href":"https:\/\/fn.se\/stockholm\/wp-json\/wp\/v2\/types\/page"}],"author":[{"embeddable":true,"href":"https:\/\/fn.se\/stockholm\/wp-json\/wp\/v2\/users\/17"}],"replies":[{"embeddable":true,"href":"https:\/\/fn.se\/stockholm\/wp-json\/wp\/v2\/comments?post=46"}],"version-history":[{"count":1,"href":"https:\/\/fn.se\/stockholm\/wp-json\/wp\/v2\/pages\/46\/revisions"}],"predecessor-version":[{"id":49,"href":"https:\/\/fn.se\/stockholm\/wp-json\/wp\/v2\/pages\/46\/revisions\/49"}],"wp:attachment":[{"href":"https:\/\/fn.se\/stockholm\/wp-json\/wp\/v2\/media?parent=46"}],"curies":[{"name":"wp","href":"https:\/\/api.w.org\/{rel}","templated":true}]}}