{"id":4588,"date":"2026-05-04T11:50:01","date_gmt":"2026-05-04T11:50:01","guid":{"rendered":"https:\/\/fn.se\/stockholm\/?page_id=4588"},"modified":"2026-05-04T11:51:43","modified_gmt":"2026-05-04T11:51:43","slug":"bakom-den-grona-ridan-ett-event-om-miljo-klimat-och-jamstalldhet","status":"publish","type":"page","link":"https:\/\/fn.se\/stockholm\/bakom-den-grona-ridan-ett-event-om-miljo-klimat-och-jamstalldhet\/","title":{"rendered":"Bakom den gr\u00f6na rid\u00e5n &#8211; ett event om milj\u00f6, klimat och j\u00e4mst\u00e4lldhet"},"content":{"rendered":"\n<h2 class=\"wp-block-heading\">Bakom den gr\u00f6na rid\u00e5n &#8211; ett event om milj\u00f6, klimat och j\u00e4mst\u00e4lldhet<\/h2>\n\n\n\n<p>V\u00e4lkommen till ett kv\u00e4llsevent  den 11 maj d\u00e4r vi uppm\u00e4rksammar greenwashing och femwashing och ger dig verktyg f\u00f6r att f\u00f6rst\u00e5 och granska dem i vardagen. <\/p>\n\n\n\n<p>Under kv\u00e4llen f\u00e5r du lyssna till kortare presentationer fr\u00e5n v\u00e5ra inspirerande talare: <\/p>\n\n\n\n<p>\ud83c\udfa4 <strong>Erik Bengtson<\/strong>: lektor i retorik vid S\u00f6dert\u00f6rns h\u00f6gskola. Hans forskar om gr\u00f6n marknadsf\u00f6ring och hur f\u00f6retag kommunicerar h\u00e5llbarhet. I sitt arbete belyser han problemet med greenwashing och hur den kan genomsk\u00e5das.<\/p>\n\n\n\n<p>\ud83c\udfa4<strong> Mariko Takedomi Karlsson<\/strong>: postdoktor i milj\u00f6- och energisystemstudier vid Lunds universitet och har en bakgrund inom humanekologi. Hennes forskning r\u00f6r bland annat feministisk teori, h\u00e5llbarhet och r\u00e4ttvisefr\u00e5gor kopplade till milj\u00f6 och arbete. I sitt arbete belyser hon hur fenomen som femwashing tar form och kan f\u00f6rst\u00e5s i ett bredare samh\u00e4llsperspektiv.<\/p>\n\n\n\n<p>\ud83c\udfa4 <strong>Fair Action<\/strong>: en id\u00e9buren, oberoende organisation med expertis inom f\u00f6retagsansvar och h\u00e5llbarhet. De arbetar f\u00f6r att f\u00f6retag inom modeindustrin ska respektera m\u00e4nskliga r\u00e4ttigheter och planetens gr\u00e4nser genom hela sin verksamhet &#8211; fr\u00e5n produktion till avfall.<\/p>\n\n\n\n<p><\/p>\n\n\n\n<p>Eventet kommer att avslutas med ett clothing-swap, s\u00e5 ta med dig n\u00e5gra plagg du inte anv\u00e4nder, och byt med n\u00e5gon annan! Mer info om detta kommer inom kort. <\/p>\n\n\n\n<p><\/p>\n\n\n\n<p><strong>\ud83d\uddd3\ufe0f 11 maj <\/strong><\/p>\n\n\n\n<p><strong>\u23f0 18:00 &#8211; 20:30 <\/strong><\/p>\n\n\n\n<p>\ud83d\udccd <strong>Hammarby Fabriksv\u00e4g 65<\/strong><\/p>\n\n\n\n<p><strong>\ud83c\udf9f\ufe0f Fri entr\u00e9 <\/strong><\/p>\n\n\n\n<p>\u2615\ufe0f <strong>Fika &amp; snacks ing\u00e5r<\/strong><\/p>\n\n\n\n<p>\ud83c\udf1f <strong>Anm\u00e4lan hittar du h\u00e4r: <\/strong><a href=\"https:\/\/simplesignup.se\/event\/236066\">https:\/\/simplesignup.se\/event\/236066<\/a><\/p>\n\n\n\n<p><\/p>\n\n\n\n<p>Varmt v\u00e4lkommen! <\/p>\n\n\n\n<p><\/p>\n","protected":false},"excerpt":{"rendered":"<p>Bakom den gr\u00f6na rid\u00e5n &#8211; ett event om milj\u00f6, klimat och j\u00e4mst\u00e4lldhet V\u00e4lkommen till ett kv\u00e4llsevent den 11 maj d\u00e4r&hellip;<\/p>\n","protected":false},"author":86,"featured_media":0,"parent":0,"menu_order":0,"comment_status":"closed","ping_status":"closed","template":"","meta":{"_acf_changed":false,"footnotes":"","_links_to":"","_links_to_target":""},"class_list":["post-4588","page","type-page","status-publish","hentry"],"acf":[],"_links":{"self":[{"href":"https:\/\/fn.se\/stockholm\/wp-json\/wp\/v2\/pages\/4588","targetHints":{"allow":["GET"]}}],"collection":[{"href":"https:\/\/fn.se\/stockholm\/wp-json\/wp\/v2\/pages"}],"about":[{"href":"https:\/\/fn.se\/stockholm\/wp-json\/wp\/v2\/types\/page"}],"author":[{"embeddable":true,"href":"https:\/\/fn.se\/stockholm\/wp-json\/wp\/v2\/users\/86"}],"replies":[{"embeddable":true,"href":"https:\/\/fn.se\/stockholm\/wp-json\/wp\/v2\/comments?post=4588"}],"version-history":[{"count":2,"href":"https:\/\/fn.se\/stockholm\/wp-json\/wp\/v2\/pages\/4588\/revisions"}],"predecessor-version":[{"id":4591,"href":"https:\/\/fn.se\/stockholm\/wp-json\/wp\/v2\/pages\/4588\/revisions\/4591"}],"wp:attachment":[{"href":"https:\/\/fn.se\/stockholm\/wp-json\/wp\/v2\/media?parent=4588"}],"curies":[{"name":"wp","href":"https:\/\/api.w.org\/{rel}","templated":true}]}}