{"id":448,"date":"2017-05-05T11:43:45","date_gmt":"2017-05-05T11:43:45","guid":{"rendered":"http:\/\/fn.se\/stockholm\/?page_id=448"},"modified":"2018-01-30T10:53:25","modified_gmt":"2018-01-30T10:53:25","slug":"83-internationella-kvinnodagen-seminarium-barnaktenskap","status":"publish","type":"page","link":"https:\/\/fn.se\/stockholm\/83-internationella-kvinnodagen-seminarium-barnaktenskap\/","title":{"rendered":"8\/3 Internationella kvinnodagen. Seminarium &#8211;  Barn\u00e4ktenskap"},"content":{"rendered":"<h3>Internationella kvinnodagen. Seminarium &#8211; \u00a0Barn\u00e4ktenskap<\/h3>\n<p>Stockholms FN-f\u00f6rening ville naturligtvis uppm\u00e4rksamma internationella kvinnodagen. D\u00e4rf\u00f6r arrangerade f\u00f6reningens ungdomssektion ett gripande seminarium om barn\u00e4ktenskap.<\/p>\n<p>Runt om i v\u00e4rlden blir kvinnor bortgifta redan som barn. Flickor hindras fr\u00e5n att g\u00e5 i skolan och l\u00f6per stor risk f\u00f6r diverse h\u00e4lsoproblem. Men vad \u00e4r det som g\u00f6r att flickor \u00e4n idag blir bortgifta? Hur \u00e4r det att bli bortgift som barn? Hur f\u00f6rhindrar man barn\u00e4ktenskap? Vad kan samh\u00e4llet g\u00f6ra? Vad kan du g\u00f6ra?<br \/>\nSektionens syfte med seminariet var att uppm\u00e4rksamma barn\u00e4ktenskap samt hur kvinnor diskrimineras runt om i v\u00e4rlden. <strong>Molok Moradi<\/strong> blev bortgift redan vid 13 \u00e5rs \u00e5lder. Under kv\u00e4llen fick deltagarna h\u00f6ra\u00a0Moloks ber\u00e4ttelse, samt se en kortfilm med diskussionsfr\u00e5gor. Innan f\u00f6rel\u00e4sningen visades ocks\u00e5 bilder fr\u00e5n FN-f\u00f6rbundets projekt Flicka.<\/p>\n<p>Seminariet h\u00f6lls p\u00e5 R\u00f6da Korsets folkh\u00f6gskola.<\/p>\n","protected":false},"excerpt":{"rendered":"<p>Internationella kvinnodagen. Seminarium &#8211; \u00a0Barn\u00e4ktenskap Stockholms FN-f\u00f6rening ville naturligtvis uppm\u00e4rksamma internationella kvinnodagen. D\u00e4rf\u00f6r arrangerade f\u00f6reningens ungdomssektion ett gripande seminarium om&hellip;<\/p>\n","protected":false},"author":86,"featured_media":0,"parent":0,"menu_order":0,"comment_status":"closed","ping_status":"closed","template":"","meta":{"_acf_changed":false,"footnotes":"","_links_to":"","_links_to_target":""},"class_list":["post-448","page","type-page","status-publish","hentry"],"acf":[],"_links":{"self":[{"href":"https:\/\/fn.se\/stockholm\/wp-json\/wp\/v2\/pages\/448","targetHints":{"allow":["GET"]}}],"collection":[{"href":"https:\/\/fn.se\/stockholm\/wp-json\/wp\/v2\/pages"}],"about":[{"href":"https:\/\/fn.se\/stockholm\/wp-json\/wp\/v2\/types\/page"}],"author":[{"embeddable":true,"href":"https:\/\/fn.se\/stockholm\/wp-json\/wp\/v2\/users\/86"}],"replies":[{"embeddable":true,"href":"https:\/\/fn.se\/stockholm\/wp-json\/wp\/v2\/comments?post=448"}],"version-history":[{"count":1,"href":"https:\/\/fn.se\/stockholm\/wp-json\/wp\/v2\/pages\/448\/revisions"}],"predecessor-version":[{"id":449,"href":"https:\/\/fn.se\/stockholm\/wp-json\/wp\/v2\/pages\/448\/revisions\/449"}],"wp:attachment":[{"href":"https:\/\/fn.se\/stockholm\/wp-json\/wp\/v2\/media?parent=448"}],"curies":[{"name":"wp","href":"https:\/\/api.w.org\/{rel}","templated":true}]}}