{"id":4466,"date":"2026-03-23T13:24:11","date_gmt":"2026-03-23T13:24:11","guid":{"rendered":"https:\/\/fn.se\/stockholm\/?page_id=4466"},"modified":"2026-03-24T09:14:36","modified_gmt":"2026-03-24T09:14:36","slug":"boktips","status":"publish","type":"page","link":"https:\/\/fn.se\/stockholm\/boktips\/","title":{"rendered":"Boktips"},"content":{"rendered":"\n<h2 class=\"wp-block-heading\">BOKTIPS<\/h2>\n\n\n\n<p>L\u00e4s Kristina Posts bok f\u00f6r att l\u00e4ra dig mer om hur fred kan byggas i praktiken genom vardagliga handlingar, samarbete och medveten konflikthantering. Boken visar att fred inte bara handlar om att undvika krig, utan om att aktivt skapa goda relationer, f\u00f6rst\u00e5 varandras behov och arbeta tillsammans f\u00f6r att l\u00f6sa gemensamma problem. Genom konkreta metoder \u2013 som att bygga v\u00e4nskap, st\u00e4rka samarbete och hantera konflikter utan v\u00e5ld \u2013 betonas att varje individ kan bidra till en st\u00f6rre fredsprocess, b\u00e5de lokalt och globalt.<\/p>\n\n\n\n<p>Den lyfter ocks\u00e5 fram att verklig och h\u00e5llbar fred kr\u00e4ver r\u00e4ttvisa, respekt f\u00f6r m\u00e4nskliga r\u00e4ttigheter och ett gemensamt ansvar f\u00f6r planeten. Med st\u00f6d i forskning och erfarenhet argumenterar boken f\u00f6r att v\u00e5ld aldrig skapar l\u00e5ngsiktiga l\u00f6sningar, utan att fred m\u00e5ste byggas steg f\u00f6r steg genom dialog, f\u00f6rsoning och f\u00f6rst\u00e5else. Samtidigt inger den hopp genom att visa att de verktyg och kunskaper som beh\u00f6vs redan finns \u2013 och att f\u00f6r\u00e4ndring b\u00f6rjar med hur vi v\u00e4ljer att leva och m\u00f6ta varandra i vardagen.<\/p>\n\n\n\n<p>L\u00e4s Kristina Posts bok nedan!<\/p>\n\n\n\n<div data-wp-interactive=\"core\/file\" class=\"wp-block-file\"><object data-wp-bind--hidden=\"!state.hasPdfPreview\" hidden class=\"wp-block-file__embed\" data=\"https:\/\/fn.se\/stockholm\/wp-content\/uploads\/sites\/32\/2026\/03\/Fred-pa-riktigt-praktiska-metoder.pdf\" type=\"application\/pdf\" style=\"width:100%;height:600px\" aria-label=\"Inb\u00e4ddning av Fred pa\u030a riktigt - praktiska metoder.\"><\/object><a id=\"wp-block-file--media-373b3cba-09e7-4809-8026-327fc5e21316\" href=\"https:\/\/fn.se\/stockholm\/wp-content\/uploads\/sites\/32\/2026\/03\/Fred-pa-riktigt-praktiska-metoder.pdf\">Fred pa\u030a riktigt &#8211; praktiska metoder<\/a><a href=\"https:\/\/fn.se\/stockholm\/wp-content\/uploads\/sites\/32\/2026\/03\/Fred-pa-riktigt-praktiska-metoder.pdf\" class=\"wp-block-file__button wp-element-button\" download aria-describedby=\"wp-block-file--media-373b3cba-09e7-4809-8026-327fc5e21316\">Ladda ner<\/a><\/div>\n\n\n\n<p><\/p>\n","protected":false},"excerpt":{"rendered":"<p>BOKTIPS L\u00e4s Kristina Posts bok f\u00f6r att l\u00e4ra dig mer om hur fred kan byggas i praktiken genom vardagliga handlingar,&hellip;<\/p>\n","protected":false},"author":86,"featured_media":0,"parent":0,"menu_order":0,"comment_status":"closed","ping_status":"closed","template":"","meta":{"_acf_changed":false,"footnotes":"","_links_to":"","_links_to_target":""},"class_list":["post-4466","page","type-page","status-publish","hentry"],"acf":[],"_links":{"self":[{"href":"https:\/\/fn.se\/stockholm\/wp-json\/wp\/v2\/pages\/4466","targetHints":{"allow":["GET"]}}],"collection":[{"href":"https:\/\/fn.se\/stockholm\/wp-json\/wp\/v2\/pages"}],"about":[{"href":"https:\/\/fn.se\/stockholm\/wp-json\/wp\/v2\/types\/page"}],"author":[{"embeddable":true,"href":"https:\/\/fn.se\/stockholm\/wp-json\/wp\/v2\/users\/86"}],"replies":[{"embeddable":true,"href":"https:\/\/fn.se\/stockholm\/wp-json\/wp\/v2\/comments?post=4466"}],"version-history":[{"count":4,"href":"https:\/\/fn.se\/stockholm\/wp-json\/wp\/v2\/pages\/4466\/revisions"}],"predecessor-version":[{"id":4500,"href":"https:\/\/fn.se\/stockholm\/wp-json\/wp\/v2\/pages\/4466\/revisions\/4500"}],"wp:attachment":[{"href":"https:\/\/fn.se\/stockholm\/wp-json\/wp\/v2\/media?parent=4466"}],"curies":[{"name":"wp","href":"https:\/\/api.w.org\/{rel}","templated":true}]}}