{"id":444,"date":"2017-05-05T11:34:35","date_gmt":"2017-05-05T11:34:35","guid":{"rendered":"http:\/\/fn.se\/stockholm\/?page_id=444"},"modified":"2018-01-30T10:53:15","modified_gmt":"2018-01-30T10:53:15","slug":"153-seminarium-arbetsmiljons-betydelse-for-halsan","status":"publish","type":"page","link":"https:\/\/fn.se\/stockholm\/153-seminarium-arbetsmiljons-betydelse-for-halsan\/","title":{"rendered":"15\/3 Seminarium &#8211; Arbetsmilj\u00f6ns betydelse f\u00f6r h\u00e4lsan"},"content":{"rendered":"<h3>Seminarium &#8211; Arbetsmilj\u00f6ns betydelse f\u00f6r h\u00e4lsan<\/h3>\n<p>Stockholms FN-f\u00f6rening arrangerade ett seminarium med temat <strong><em>arbetsmilj\u00f6 och dess betydelse f\u00f6r h\u00e4lsan.<\/em><\/strong><\/p>\n<p>Varf\u00f6r \u00e4r arbetstagarnas r\u00e4ttigheter i arbetslivet viktiga? Och vad kan fack och arbetsgivare konkret g\u00f6ra tillsammans f\u00f6r att minska antalet d\u00f6da p\u00e5 jobbet? &#8211; Vi bj\u00f6d in Theo Bodin och Kristina Henschen f\u00f6r att diskutera kring dessa fr\u00e5gor.<\/p>\n<p><strong>Theo Bodin<\/strong> talade om hur klimatf\u00f6r\u00e4ndringar \u00e4ndrar f\u00f6ruts\u00e4ttningarna f\u00f6r fysiskt arbete i stora delar av v\u00e4rlden. \u00c4ven hur globaliseringen har p\u00e5verkat arbetsmarknaden i de flesta l\u00e4nder, med konsekvenser f\u00f6r h\u00e4lsa och arbetsmilj\u00f6.<br \/>\n<strong>Kristina Henschen, chef f\u00f6r Union to Union<\/strong>, ber\u00e4ttade om hur fackf\u00f6reningar i olika l\u00e4nder arbetar f\u00f6r en b\u00e4ttre och mer h\u00e4lsosam arbetsmilj\u00f6.<\/p>\n<p>Tack till v\u00e5ra medlemmar som deltog i seminariet!<\/p>\n<p>&nbsp;<\/p>\n","protected":false},"excerpt":{"rendered":"<p>Seminarium &#8211; Arbetsmilj\u00f6ns betydelse f\u00f6r h\u00e4lsan Stockholms FN-f\u00f6rening arrangerade ett seminarium med temat arbetsmilj\u00f6 och dess betydelse f\u00f6r h\u00e4lsan. Varf\u00f6r&hellip;<\/p>\n","protected":false},"author":86,"featured_media":0,"parent":0,"menu_order":0,"comment_status":"closed","ping_status":"closed","template":"","meta":{"_acf_changed":false,"footnotes":"","_links_to":"","_links_to_target":""},"class_list":["post-444","page","type-page","status-publish","hentry"],"acf":[],"_links":{"self":[{"href":"https:\/\/fn.se\/stockholm\/wp-json\/wp\/v2\/pages\/444","targetHints":{"allow":["GET"]}}],"collection":[{"href":"https:\/\/fn.se\/stockholm\/wp-json\/wp\/v2\/pages"}],"about":[{"href":"https:\/\/fn.se\/stockholm\/wp-json\/wp\/v2\/types\/page"}],"author":[{"embeddable":true,"href":"https:\/\/fn.se\/stockholm\/wp-json\/wp\/v2\/users\/86"}],"replies":[{"embeddable":true,"href":"https:\/\/fn.se\/stockholm\/wp-json\/wp\/v2\/comments?post=444"}],"version-history":[{"count":2,"href":"https:\/\/fn.se\/stockholm\/wp-json\/wp\/v2\/pages\/444\/revisions"}],"predecessor-version":[{"id":446,"href":"https:\/\/fn.se\/stockholm\/wp-json\/wp\/v2\/pages\/444\/revisions\/446"}],"wp:attachment":[{"href":"https:\/\/fn.se\/stockholm\/wp-json\/wp\/v2\/media?parent=444"}],"curies":[{"name":"wp","href":"https:\/\/api.w.org\/{rel}","templated":true}]}}