{"id":4389,"date":"2026-03-23T09:26:47","date_gmt":"2026-03-23T09:26:47","guid":{"rendered":"https:\/\/fn.se\/stockholm\/?page_id=4389"},"modified":"2026-03-23T09:28:57","modified_gmt":"2026-03-23T09:28:57","slug":"linda-kraiem","status":"publish","type":"page","link":"https:\/\/fn.se\/stockholm\/linda-kraiem\/","title":{"rendered":"LINDA KRAIEM"},"content":{"rendered":"\n<h1 class=\"wp-block-heading\">LINDA KRAIEM<\/h1>\n\n\n\n<figure class=\"wp-block-image size-large is-resized\"><img loading=\"lazy\" decoding=\"async\" width=\"879\" height=\"1024\" src=\"https:\/\/fn.se\/stockholm\/wp-content\/uploads\/sites\/32\/2026\/03\/IMG_4340-e1774257980485-879x1024.jpeg\" alt=\"\" class=\"wp-image-4390\" style=\"aspect-ratio:0.8584000424110693;width:272px;height:auto\" srcset=\"https:\/\/fn.se\/stockholm\/wp-content\/uploads\/sites\/32\/2026\/03\/IMG_4340-e1774257980485-879x1024.jpeg 879w, https:\/\/fn.se\/stockholm\/wp-content\/uploads\/sites\/32\/2026\/03\/IMG_4340-e1774257980485-258x300.jpeg 258w, https:\/\/fn.se\/stockholm\/wp-content\/uploads\/sites\/32\/2026\/03\/IMG_4340-e1774257980485-768x894.jpeg 768w, https:\/\/fn.se\/stockholm\/wp-content\/uploads\/sites\/32\/2026\/03\/IMG_4340-e1774257980485-650x757.jpeg 650w, https:\/\/fn.se\/stockholm\/wp-content\/uploads\/sites\/32\/2026\/03\/IMG_4340-e1774257980485-1024x1193.jpeg 1024w, https:\/\/fn.se\/stockholm\/wp-content\/uploads\/sites\/32\/2026\/03\/IMG_4340-e1774257980485.jpeg 1185w\" sizes=\"auto, (max-width: 879px) 100vw, 879px\" \/><\/figure>\n\n\n\n<p><strong>Roll:<\/strong>&nbsp;Styrelseledamot<\/p>\n\n\n\n<p><strong>Ansvarsomr\u00e5den:&nbsp;<\/strong>Fokusgrupperna f\u00f6r Fred och s\u00e4kerhet, M\u00e4nskliga r\u00e4ttigheter och H\u00e4lsa och heml\u00f6shet<\/p>\n\n\n\n<p><strong>Varf\u00f6r har du valt att engagera dig i FN-r\u00f6relsen?<\/strong><br>Jag har valt att engagera mig i FN-r\u00f6relsen d\u00e5 jag finner fr\u00e5gor om m\u00e4nskliga r\u00e4ttigheter, fred och h\u00e5llbar utveckling som viktiga. Genom FN:s arbete kan vi tillsammans bidra till positiva f\u00f6r\u00e4ndringar i v\u00e4rlden, och jag vill vara en del av det engagemanget.<\/p>\n\n\n\n<p><strong>Vilket globalt m\u00e5l i Agenda 2030 brinner du lite extra f\u00f6r och varf\u00f6r?<\/strong><br>Jag brinner s\u00e4rskilt f\u00f6r m\u00e5l 16 \u2013 Fredliga och inkluderande samh\u00e4llen, framf\u00f6r allt arbetet mot v\u00e5ld och \u00f6vergrepp mot barn. Barns r\u00e4ttigheter \u00e4r grundl\u00e4ggande m\u00e4nskliga r\u00e4ttigheter, och alla barn ska ha m\u00f6jlighet att v\u00e4xa upp i trygghet och f\u00e5 en r\u00e4ttvis framtid.<\/p>\n","protected":false},"excerpt":{"rendered":"<p>LINDA KRAIEM Roll:&nbsp;Styrelseledamot Ansvarsomr\u00e5den:&nbsp;Fokusgrupperna f\u00f6r Fred och s\u00e4kerhet, M\u00e4nskliga r\u00e4ttigheter och H\u00e4lsa och heml\u00f6shet Varf\u00f6r har du valt att engagera&hellip;<\/p>\n","protected":false},"author":86,"featured_media":0,"parent":0,"menu_order":0,"comment_status":"closed","ping_status":"closed","template":"","meta":{"_acf_changed":false,"footnotes":"","_links_to":"","_links_to_target":""},"class_list":["post-4389","page","type-page","status-publish","hentry"],"acf":[],"_links":{"self":[{"href":"https:\/\/fn.se\/stockholm\/wp-json\/wp\/v2\/pages\/4389","targetHints":{"allow":["GET"]}}],"collection":[{"href":"https:\/\/fn.se\/stockholm\/wp-json\/wp\/v2\/pages"}],"about":[{"href":"https:\/\/fn.se\/stockholm\/wp-json\/wp\/v2\/types\/page"}],"author":[{"embeddable":true,"href":"https:\/\/fn.se\/stockholm\/wp-json\/wp\/v2\/users\/86"}],"replies":[{"embeddable":true,"href":"https:\/\/fn.se\/stockholm\/wp-json\/wp\/v2\/comments?post=4389"}],"version-history":[{"count":4,"href":"https:\/\/fn.se\/stockholm\/wp-json\/wp\/v2\/pages\/4389\/revisions"}],"predecessor-version":[{"id":4395,"href":"https:\/\/fn.se\/stockholm\/wp-json\/wp\/v2\/pages\/4389\/revisions\/4395"}],"wp:attachment":[{"href":"https:\/\/fn.se\/stockholm\/wp-json\/wp\/v2\/media?parent=4389"}],"curies":[{"name":"wp","href":"https:\/\/api.w.org\/{rel}","templated":true}]}}