{"id":435,"date":"2017-05-05T11:08:38","date_gmt":"2017-05-05T11:08:38","guid":{"rendered":"http:\/\/fn.se\/stockholm\/?page_id=435"},"modified":"2018-01-30T10:53:15","modified_gmt":"2018-01-30T10:53:15","slug":"105-seminarium-i-vantan-pa-livet-vardagen-i-ett-flyktinglager","status":"publish","type":"page","link":"https:\/\/fn.se\/stockholm\/105-seminarium-i-vantan-pa-livet-vardagen-i-ett-flyktinglager\/","title":{"rendered":"10\/5 Seminarium &#8211; I v\u00e4ntan p\u00e5 livet, vardagen i ett flyktingl\u00e4ger"},"content":{"rendered":"<h3>Seminarium &#8211; I v\u00e4ntan p\u00e5 livet, vardagen i ett flyktingl\u00e4ger<\/h3>\n<p>Representanter fr\u00e5n <strong>Kommitt\u00e9n f\u00f6r V\u00e4stsaharas kvinnor<\/strong> och Stockholms FN-f\u00f6rening ber\u00e4ttade, f\u00f6r f\u00f6reningens medlemmar, om sina upplevelser och erfarenheter efter att ha bes\u00f6kt flyktingl\u00e4gren i Algeriet.\u00a0Detta var ett mycket l\u00e4rorikt f\u00f6redrag d\u00e4r vi fick en st\u00f6rre inblick f\u00f6r hur livssituationen ser ut f\u00f6r, fr\u00e4mst, kvinnorna i flyktingl\u00e4gren.<\/p>\n<p>Vi tackar <strong>Anna H\u00f6ggren<\/strong>, <strong>Sonja Gardefjord<\/strong> och\u00a0<strong>Sonia sherefay<\/strong> f\u00f6r deras arbete i Kommitt\u00e9n f\u00f6r V\u00e4stsaharas kvinnor och ser fram emot att f\u00f6lja deras arbete i framtiden.<\/p>\n","protected":false},"excerpt":{"rendered":"<p>Seminarium &#8211; I v\u00e4ntan p\u00e5 livet, vardagen i ett flyktingl\u00e4ger Representanter fr\u00e5n Kommitt\u00e9n f\u00f6r V\u00e4stsaharas kvinnor och Stockholms FN-f\u00f6rening ber\u00e4ttade,&hellip;<\/p>\n","protected":false},"author":86,"featured_media":258,"parent":0,"menu_order":0,"comment_status":"closed","ping_status":"closed","template":"","meta":{"_acf_changed":false,"footnotes":"","_links_to":"","_links_to_target":""},"class_list":["post-435","page","type-page","status-publish","has-post-thumbnail","hentry"],"acf":[],"_links":{"self":[{"href":"https:\/\/fn.se\/stockholm\/wp-json\/wp\/v2\/pages\/435","targetHints":{"allow":["GET"]}}],"collection":[{"href":"https:\/\/fn.se\/stockholm\/wp-json\/wp\/v2\/pages"}],"about":[{"href":"https:\/\/fn.se\/stockholm\/wp-json\/wp\/v2\/types\/page"}],"author":[{"embeddable":true,"href":"https:\/\/fn.se\/stockholm\/wp-json\/wp\/v2\/users\/86"}],"replies":[{"embeddable":true,"href":"https:\/\/fn.se\/stockholm\/wp-json\/wp\/v2\/comments?post=435"}],"version-history":[{"count":2,"href":"https:\/\/fn.se\/stockholm\/wp-json\/wp\/v2\/pages\/435\/revisions"}],"predecessor-version":[{"id":484,"href":"https:\/\/fn.se\/stockholm\/wp-json\/wp\/v2\/pages\/435\/revisions\/484"}],"wp:featuredmedia":[{"embeddable":true,"href":"https:\/\/fn.se\/stockholm\/wp-json\/wp\/v2\/media\/258"}],"wp:attachment":[{"href":"https:\/\/fn.se\/stockholm\/wp-json\/wp\/v2\/media?parent=435"}],"curies":[{"name":"wp","href":"https:\/\/api.w.org\/{rel}","templated":true}]}}