{"id":4330,"date":"2026-03-13T09:58:07","date_gmt":"2026-03-13T09:58:07","guid":{"rendered":"https:\/\/fn.se\/stockholm\/?page_id=4330"},"modified":"2026-03-27T10:05:20","modified_gmt":"2026-03-27T10:05:20","slug":"internationella-kvinnodagen-2026","status":"publish","type":"page","link":"https:\/\/fn.se\/stockholm\/internationella-kvinnodagen-2026\/","title":{"rendered":"INTERNATIONELLA KVINNODAGEN 2026"},"content":{"rendered":"\n<h1 class=\"wp-block-heading\"><strong>INTERNATIONELLA KVINNODAGEN 2026<\/strong><\/h1>\n\n\n\n<p><em>ENGLISH VERSION BELOW<\/em><\/p>\n\n\n\n<p>Den 9 mars 2026 anordnade Stockholms FN-f\u00f6rening ett panelsamtal med temat <em>Kvinnor, fred och s\u00e4kerhet<\/em>. Evenemanget samlade \u00f6ver 55 deltagare till en engagerande och viktig diskussion.<\/p>\n\n\n\n<p>Stort tack till v\u00e5ra panelister <strong>Suruchi-Thapar Bj\u00f6rkert, Karin Johansson och Eva Zill\u00e9n<\/strong> f\u00f6r deras v\u00e4rdefulla perspektiv. Vi vill ocks\u00e5 rikta ett varmt tack till <strong>Syeda Zunaira fr\u00e5n Ahmadiyya kvinnoorganisationen<\/strong> f\u00f6r ett mycket uppskattat f\u00f6redrag.<\/p>\n\n\n\n<p>Slutligen vill vi tacka <strong>Kvinna till Kvinna<\/strong>, som vi planerade evenemanget tillsammans med och som gjorde kv\u00e4llen m\u00f6jlig.<\/p>\n\n\n\n<p>L\u00e4s mer om kvinnor, fred och s\u00e4kerhet och hur du kan engagera dig <a href=\"https:\/\/fn.se\/stockholm\/wp-content\/uploads\/sites\/32\/2026\/03\/International-Womens-Day.pdf\">h\u00e4r<\/a>!<\/p>\n\n\n\n<p><em><strong>Foto: Aurore Lohbrunner<\/strong><\/em><\/p>\n\n\n\n<hr class=\"wp-block-separator has-alpha-channel-opacity\" \/>\n\n\n\n<blockquote class=\"wp-block-quote is-layout-flow wp-block-quote-is-layout-flow\">\n<p>On March 9, 2026, the UN Association of Stockholm hosted a panel discussion on the theme of <em>Women, Peace, and Security<\/em>. The event brought together over 55 participants for an engaging and vital conversation.<\/p>\n\n\n\n<p>A huge thank you to our panelists, <strong>Suruchi Thapar-Bj\u00f6rkert<\/strong>, <strong>Karin Johansson<\/strong>, and <strong>Eva Zill\u00e9n<\/strong>, for their valuable perspectives. We would also like to extend a warm thank you to <strong>Syeda Zunaira from the Ahmadiyya Women\u2019s Association<\/strong> for a highly appreciated presentation.<\/p>\n\n\n\n<p>Finally, we want to thank <strong>Kvinna till Kvinna<\/strong>, with whom we co-planned this event and who made the evening possible.<\/p>\n\n\n\n<p>Read more about Women, Peace, and Security and find out how you can get involved <a href=\"https:\/\/fn.se\/stockholm\/wp-content\/uploads\/sites\/32\/2026\/03\/International-Womens-Day.pdf\" data-type=\"link\" data-id=\"https:\/\/fn.se\/stockholm\/wp-content\/uploads\/sites\/32\/2026\/03\/International-Womens-Day.pdf\">here<\/a>!<\/p>\n\n\n\n<p><em><strong>Photo: Aurore Lohbrunner<\/strong><\/em><\/p>\n<\/blockquote>\n\n\n\n<h3 class=\"wp-block-heading\"><\/h3>\n","protected":false},"excerpt":{"rendered":"<p>INTERNATIONELLA KVINNODAGEN 2026 ENGLISH VERSION BELOW Den 9 mars 2026 anordnade Stockholms FN-f\u00f6rening ett panelsamtal med temat Kvinnor, fred och&hellip;<\/p>\n","protected":false},"author":86,"featured_media":0,"parent":0,"menu_order":0,"comment_status":"closed","ping_status":"closed","template":"","meta":{"_acf_changed":false,"footnotes":"","_links_to":"","_links_to_target":""},"class_list":["post-4330","page","type-page","status-publish","hentry"],"acf":[],"_links":{"self":[{"href":"https:\/\/fn.se\/stockholm\/wp-json\/wp\/v2\/pages\/4330","targetHints":{"allow":["GET"]}}],"collection":[{"href":"https:\/\/fn.se\/stockholm\/wp-json\/wp\/v2\/pages"}],"about":[{"href":"https:\/\/fn.se\/stockholm\/wp-json\/wp\/v2\/types\/page"}],"author":[{"embeddable":true,"href":"https:\/\/fn.se\/stockholm\/wp-json\/wp\/v2\/users\/86"}],"replies":[{"embeddable":true,"href":"https:\/\/fn.se\/stockholm\/wp-json\/wp\/v2\/comments?post=4330"}],"version-history":[{"count":10,"href":"https:\/\/fn.se\/stockholm\/wp-json\/wp\/v2\/pages\/4330\/revisions"}],"predecessor-version":[{"id":4527,"href":"https:\/\/fn.se\/stockholm\/wp-json\/wp\/v2\/pages\/4330\/revisions\/4527"}],"wp:attachment":[{"href":"https:\/\/fn.se\/stockholm\/wp-json\/wp\/v2\/media?parent=4330"}],"curies":[{"name":"wp","href":"https:\/\/api.w.org\/{rel}","templated":true}]}}