{"id":430,"date":"2017-05-05T10:56:36","date_gmt":"2017-05-05T10:56:36","guid":{"rendered":"http:\/\/fn.se\/stockholm\/?page_id=430"},"modified":"2018-01-30T10:53:20","modified_gmt":"2018-01-30T10:53:20","slug":"305-seminarium-hur-kan-vi-forebygga-natvald-och-nathat","status":"publish","type":"page","link":"https:\/\/fn.se\/stockholm\/305-seminarium-hur-kan-vi-forebygga-natvald-och-nathat\/","title":{"rendered":"30\/5 Seminarium \u2013 Hur kan vi f\u00f6rebygga n\u00e4tv\u00e5ld och n\u00e4that?"},"content":{"rendered":"<h3>Seminarium &#8211; Hur kan vi f\u00f6rebygga n\u00e4tv\u00e5ld och n\u00e4that?<\/h3>\n<p>Stockholms FN-f\u00f6renings ungdomssektion arrangerade i maj ett seminarium f\u00f6r f\u00f6reningens medlemmar, d\u00e4r temat var <em>n\u00e4tv\u00e5ld och n\u00e4that<\/em>. Inbjuden att tala var\u00a0<strong>Isabelle Holmstedt fr\u00e5n UN Womens nationella kommitt\u00e9 i Sverige<\/strong>.<\/p>\n<p>Tack till ungdomssektionen, v\u00e5ra medlemmar som kom och lyssnade och Isabelle Holmstedt f\u00f6r ett lyckat och l\u00e4rorikt seminarium!<\/p>\n","protected":false},"excerpt":{"rendered":"<p>Seminarium &#8211; Hur kan vi f\u00f6rebygga n\u00e4tv\u00e5ld och n\u00e4that? Stockholms FN-f\u00f6renings ungdomssektion arrangerade i maj ett seminarium f\u00f6r f\u00f6reningens medlemmar,&hellip;<\/p>\n","protected":false},"author":86,"featured_media":431,"parent":0,"menu_order":0,"comment_status":"closed","ping_status":"closed","template":"templates\/template-sub.php","meta":{"_acf_changed":false,"footnotes":"","_links_to":"","_links_to_target":""},"class_list":["post-430","page","type-page","status-publish","has-post-thumbnail","hentry"],"acf":[],"_links":{"self":[{"href":"https:\/\/fn.se\/stockholm\/wp-json\/wp\/v2\/pages\/430","targetHints":{"allow":["GET"]}}],"collection":[{"href":"https:\/\/fn.se\/stockholm\/wp-json\/wp\/v2\/pages"}],"about":[{"href":"https:\/\/fn.se\/stockholm\/wp-json\/wp\/v2\/types\/page"}],"author":[{"embeddable":true,"href":"https:\/\/fn.se\/stockholm\/wp-json\/wp\/v2\/users\/86"}],"replies":[{"embeddable":true,"href":"https:\/\/fn.se\/stockholm\/wp-json\/wp\/v2\/comments?post=430"}],"version-history":[{"count":2,"href":"https:\/\/fn.se\/stockholm\/wp-json\/wp\/v2\/pages\/430\/revisions"}],"predecessor-version":[{"id":476,"href":"https:\/\/fn.se\/stockholm\/wp-json\/wp\/v2\/pages\/430\/revisions\/476"}],"wp:featuredmedia":[{"embeddable":true,"href":"https:\/\/fn.se\/stockholm\/wp-json\/wp\/v2\/media\/431"}],"wp:attachment":[{"href":"https:\/\/fn.se\/stockholm\/wp-json\/wp\/v2\/media?parent=430"}],"curies":[{"name":"wp","href":"https:\/\/api.w.org\/{rel}","templated":true}]}}