{"id":43,"date":"2016-09-30T14:50:20","date_gmt":"2016-09-30T14:50:20","guid":{"rendered":"http:\/\/fn.se\/stockholm\/?page_id=43"},"modified":"2016-09-30T14:50:20","modified_gmt":"2016-09-30T14:50:20","slug":"mikrofinans-pa-gott-och-ont","status":"publish","type":"page","link":"https:\/\/fn.se\/stockholm\/mikrofinans-pa-gott-och-ont\/","title":{"rendered":"Mikrofinans \u2013 p\u00e5 gott och ont"},"content":{"rendered":"<h1>Mikrofinans \u2013 p\u00e5 gott och ont<\/h1>\n<div>\n<p>Onsdagen den 12 november anordnade Stockholms FN-f\u00f6rening ett seminarium om mikrofinans.<\/p>\n<p>Kv\u00e4llens talare var <strong>Ranjula Bali Swain<\/strong>, docent vid Nationalekonomiska institutet samt <strong>Caroline Karavoulias<\/strong> som har varit praktikant vid en Mikrofinansinstitution i Phnom Penh.<\/p>\n<p>Ranjula var kv\u00e4llens f\u00f6rsta talare och ber\u00e4ttade om mikrofinansens framv\u00e4xt. Hon diskuterade \u00e4ven de sociala samt ekonomiska konsekvenserna som mikrofinansl\u00e5nen kan medf\u00f6ra. Vi fick \u00e4ven l\u00e4ra oss hur viktigt det \u00e4r med utbildning till l\u00e5ntagare, detta eftersom mikrol\u00e5n kan leda till stora skulds\u00e4ttningar om man inte har en utf\u00f6rlig plan med l\u00e5net.<\/p>\n<p>Caroline talade om sin praktik vid en Mikrofinansinstitution i Phnom Penh och om hennes uppfattning av mikrofinansens p\u00e5verkan i Kambodja. Hon ber\u00e4ttade om vilka utmaningar landet st\u00e5r framf\u00f6r och om mikrol\u00e5nens roll i sm\u00e5 byar.<\/p>\n<p><strong>Ett stort tack till<\/strong> <strong>Ranjula Bali Swain och<\/strong> <strong>Caroline Karavoulia<\/strong> <strong>som f\u00f6rel\u00e4ste om det viktiga \u00e4mnet!<\/strong><\/p>\n<p><strong>Och \u00e5terigen ett stort tack till alla som deltog!<\/strong><\/p>\n<\/div>\n","protected":false},"excerpt":{"rendered":"<p>Mikrofinans \u2013 p\u00e5 gott och ont Onsdagen den 12 november anordnade Stockholms FN-f\u00f6rening ett seminarium om mikrofinans. Kv\u00e4llens talare var&hellip;<\/p>\n","protected":false},"author":17,"featured_media":0,"parent":0,"menu_order":0,"comment_status":"closed","ping_status":"closed","template":"","meta":{"_acf_changed":false,"footnotes":"","_links_to":"","_links_to_target":""},"class_list":["post-43","page","type-page","status-publish","hentry"],"acf":[],"_links":{"self":[{"href":"https:\/\/fn.se\/stockholm\/wp-json\/wp\/v2\/pages\/43","targetHints":{"allow":["GET"]}}],"collection":[{"href":"https:\/\/fn.se\/stockholm\/wp-json\/wp\/v2\/pages"}],"about":[{"href":"https:\/\/fn.se\/stockholm\/wp-json\/wp\/v2\/types\/page"}],"author":[{"embeddable":true,"href":"https:\/\/fn.se\/stockholm\/wp-json\/wp\/v2\/users\/17"}],"replies":[{"embeddable":true,"href":"https:\/\/fn.se\/stockholm\/wp-json\/wp\/v2\/comments?post=43"}],"version-history":[{"count":1,"href":"https:\/\/fn.se\/stockholm\/wp-json\/wp\/v2\/pages\/43\/revisions"}],"predecessor-version":[{"id":45,"href":"https:\/\/fn.se\/stockholm\/wp-json\/wp\/v2\/pages\/43\/revisions\/45"}],"wp:attachment":[{"href":"https:\/\/fn.se\/stockholm\/wp-json\/wp\/v2\/media?parent=43"}],"curies":[{"name":"wp","href":"https:\/\/api.w.org\/{rel}","templated":true}]}}