{"id":425,"date":"2017-05-04T11:57:41","date_gmt":"2017-05-04T11:57:41","guid":{"rendered":"http:\/\/fn.se\/stockholm\/?page_id=425"},"modified":"2018-01-30T10:53:20","modified_gmt":"2018-01-30T10:53:20","slug":"46-skolmat-blir-kunskap-smaka-pa-stockholm-festivalen","status":"publish","type":"page","link":"https:\/\/fn.se\/stockholm\/46-skolmat-blir-kunskap-smaka-pa-stockholm-festivalen\/","title":{"rendered":"4\/6 Skolmat blir kunskap \u2013 Smaka p\u00e5 Stockholm festivalen"},"content":{"rendered":"<h3>Skolmat blir kunskap &#8211; Smaka p\u00e5 Stockholm &#8211; festivalen<\/h3>\n<p>L\u00f6rdagen den\u00a04 juni anordnade <strong>ungdomssektionen<\/strong>\u00a0en insamlingsaktivitet i f\u00f6rm\u00e5n f\u00f6r Svenska FN-f\u00f6rbundets kampanj <strong>Skolmat blir kunskap<\/strong> i samband med Smaka p\u00e5 <strong>Stockholm-festivalen i Kungstr\u00e4dg\u00e5rden.<\/strong><\/p>\n<p>Flera av restaurangerna p\u00e5 festivalen Smaka p\u00e5 Stockholm valde att sk\u00e4nka 2 kr per r\u00e4tt de s\u00e4ljer till projektet, detta tycker vi \u00e4r fantastiskt! Ungdomssektionerna delade ut h\u00f6genergi-kex till den intresserade bes\u00f6karen samt informerade om projektet. De lyckades \u00e4ven samla ihop en fin summa som gick raka v\u00e4gen till FNs kampanj.<\/p>\n<p>Heja ungdomssektionen!<\/p>\n<p>&nbsp;<\/p>\n","protected":false},"excerpt":{"rendered":"<p>Skolmat blir kunskap &#8211; Smaka p\u00e5 Stockholm &#8211; festivalen L\u00f6rdagen den\u00a04 juni anordnade ungdomssektionen\u00a0en insamlingsaktivitet i f\u00f6rm\u00e5n f\u00f6r Svenska FN-f\u00f6rbundets&hellip;<\/p>\n","protected":false},"author":86,"featured_media":426,"parent":0,"menu_order":0,"comment_status":"closed","ping_status":"closed","template":"","meta":{"_acf_changed":false,"footnotes":"","_links_to":"","_links_to_target":""},"class_list":["post-425","page","type-page","status-publish","has-post-thumbnail","hentry"],"acf":[],"_links":{"self":[{"href":"https:\/\/fn.se\/stockholm\/wp-json\/wp\/v2\/pages\/425","targetHints":{"allow":["GET"]}}],"collection":[{"href":"https:\/\/fn.se\/stockholm\/wp-json\/wp\/v2\/pages"}],"about":[{"href":"https:\/\/fn.se\/stockholm\/wp-json\/wp\/v2\/types\/page"}],"author":[{"embeddable":true,"href":"https:\/\/fn.se\/stockholm\/wp-json\/wp\/v2\/users\/86"}],"replies":[{"embeddable":true,"href":"https:\/\/fn.se\/stockholm\/wp-json\/wp\/v2\/comments?post=425"}],"version-history":[{"count":1,"href":"https:\/\/fn.se\/stockholm\/wp-json\/wp\/v2\/pages\/425\/revisions"}],"predecessor-version":[{"id":427,"href":"https:\/\/fn.se\/stockholm\/wp-json\/wp\/v2\/pages\/425\/revisions\/427"}],"wp:featuredmedia":[{"embeddable":true,"href":"https:\/\/fn.se\/stockholm\/wp-json\/wp\/v2\/media\/426"}],"wp:attachment":[{"href":"https:\/\/fn.se\/stockholm\/wp-json\/wp\/v2\/media?parent=425"}],"curies":[{"name":"wp","href":"https:\/\/api.w.org\/{rel}","templated":true}]}}