{"id":4223,"date":"2026-03-10T11:27:55","date_gmt":"2026-03-10T11:27:55","guid":{"rendered":"https:\/\/fn.se\/stockholm\/?page_id=4223"},"modified":"2026-03-23T09:50:58","modified_gmt":"2026-03-23T09:50:58","slug":"demokrati-i-dissonans-2-0","status":"publish","type":"page","link":"https:\/\/fn.se\/stockholm\/demokrati-i-dissonans-2-0\/","title":{"rendered":"DEMOKRATI I DISSONANS 2.0"},"content":{"rendered":"\n<h1 class=\"wp-block-heading\"><strong>DEMOKRATI I DISSONANS 2.0<\/strong><\/h1>\n\n\n\n<p><strong>St\u00e5 upp f\u00f6r demokratin &#8211; delta i ett av \u00e5rets viktigaste event!<\/strong><\/p>\n\n\n\n<p>I en tid d\u00e5 auktorit\u00e4ra krafter v\u00e4xer och demokratier utmanas som aldrig f\u00f6rr, bjuder NGO Aikkiya, Folkuniversitetet och Stockholms FN-f\u00f6rening in dig till en dag f\u00f6r insikt, handling och samverkan. F\u00f6lj med oss den 21 mars 2026 och bli en del av r\u00f6relsen som st\u00e4rker demokratins fundament och motst\u00e5r polariseringens krafter.<\/p>\n\n\n\n<p>Demokrati i Dissonans 2.0 \u00e4r en uppf\u00f6ljare av f\u00f6rra \u00e5rets succ\u00e9 som samlade cirka 70 deltagare i centrala Stockholm f\u00f6r att tillsammans f\u00f6rdjupa sig i en av v\u00e5r tids viktigaste fr\u00e5gor: Hur st\u00e4rker vi demokratins motst\u00e5ndskraft i en tid av \u00f6kad polarisering och samh\u00e4llsoro?<\/p>\n\n\n\n<p>\ud83d\uddd3\ufe0f Datum: L\u00f6rdag 21 mars 2026<br>\ud83d\udd65 Tid: 10:30 \u2013 16:45<br>\ud83d\udccdPlats: Folkuniversitetet, Stockholm<\/p>\n\n\n\n<p><strong>Program\u00f6versikt<\/strong><br>\ud83d\udcd6 F\u00f6rel\u00e4sningar: Skarpa analyser och strategier fr\u00e5n kunniga och engagerade samh\u00e4llsakt\u00f6rer om polarisering och demokratins s\u00e5rbarhet, AI och desinformation, samt civilsamh\u00e4llets roll i krisens tidevarv.<br>\ud83d\udcac Panelsamtal: Interaktiva diskussioner med talare och publik f\u00f6r att djupdyka i dagens mest kritiska fr\u00e5gor.<br>\ud83d\udca1Workshops: Kreativa sessioner f\u00f6r att utveckla konkreta verktyg f\u00f6r att mobilisera samh\u00e4llsf\u00f6r\u00e4ndring.<\/p>\n\n\n\n<p><strong>Talare<\/strong><br>Vi \u00e4r stolta \u00f6ver att presentera f\u00f6ljande talare: Thord Eriksson, Niklas Cserhalmi, Jesper Bengtsson, Per Petterson, Oscar Ernerot, Emelie Weski och nobelpristagare Oleksandra Matviichuk. L\u00e4s mer om talarna <a href=\"https:\/\/aikkiya.org\/demokrati-i-dissonans-2-0\/\">h\u00e4r<\/a>!<\/p>\n\n\n\n<p><strong>Antal platser \u00e4r begr\u00e4nsade &#8211; s\u00e4kra din plats redan idag! Anm\u00e4l dig via <a href=\"https:\/\/simplesignup.se\/event\/234179\">l\u00e4nken<\/a>. <\/strong><\/p>\n\n\n\n<p><strong>Kontakt<\/strong><br>Har du fr\u00e5gor eller beh\u00f6ver mer information? Kontakta oss:<br>E-post: info@aikkiya.org \/ info@unastockholm.se<\/p>\n\n\n\n<p><\/p>\n","protected":false},"excerpt":{"rendered":"<p>DEMOKRATI I DISSONANS 2.0 St\u00e5 upp f\u00f6r demokratin &#8211; delta i ett av \u00e5rets viktigaste event! I en tid d\u00e5&hellip;<\/p>\n","protected":false},"author":86,"featured_media":0,"parent":0,"menu_order":0,"comment_status":"closed","ping_status":"closed","template":"","meta":{"_acf_changed":false,"footnotes":"","_links_to":"","_links_to_target":""},"class_list":["post-4223","page","type-page","status-publish","hentry"],"acf":[],"_links":{"self":[{"href":"https:\/\/fn.se\/stockholm\/wp-json\/wp\/v2\/pages\/4223","targetHints":{"allow":["GET"]}}],"collection":[{"href":"https:\/\/fn.se\/stockholm\/wp-json\/wp\/v2\/pages"}],"about":[{"href":"https:\/\/fn.se\/stockholm\/wp-json\/wp\/v2\/types\/page"}],"author":[{"embeddable":true,"href":"https:\/\/fn.se\/stockholm\/wp-json\/wp\/v2\/users\/86"}],"replies":[{"embeddable":true,"href":"https:\/\/fn.se\/stockholm\/wp-json\/wp\/v2\/comments?post=4223"}],"version-history":[{"count":8,"href":"https:\/\/fn.se\/stockholm\/wp-json\/wp\/v2\/pages\/4223\/revisions"}],"predecessor-version":[{"id":4414,"href":"https:\/\/fn.se\/stockholm\/wp-json\/wp\/v2\/pages\/4223\/revisions\/4414"}],"wp:attachment":[{"href":"https:\/\/fn.se\/stockholm\/wp-json\/wp\/v2\/media?parent=4223"}],"curies":[{"name":"wp","href":"https:\/\/api.w.org\/{rel}","templated":true}]}}