{"id":419,"date":"2017-05-04T10:09:20","date_gmt":"2017-05-04T10:09:20","guid":{"rendered":"http:\/\/fn.se\/stockholm\/?page_id=419"},"modified":"2018-01-30T10:53:21","modified_gmt":"2018-01-30T10:53:21","slug":"66-nationaldagsfirande-pa-ralambshovsparken","status":"publish","type":"page","link":"https:\/\/fn.se\/stockholm\/66-nationaldagsfirande-pa-ralambshovsparken\/","title":{"rendered":"6\/6 Nationaldagsfirande p\u00e5 R\u00e5lambshovsparken"},"content":{"rendered":"<h3>Stockholms FN-f\u00f6rening firar traditionsenligt nationaldagen i R\u00e5lambshovsparken<\/h3>\n<p>&nbsp;<\/p>\n","protected":false},"excerpt":{"rendered":"<p>Stockholms FN-f\u00f6rening firar traditionsenligt nationaldagen i R\u00e5lambshovsparken &nbsp;<\/p>\n","protected":false},"author":86,"featured_media":420,"parent":0,"menu_order":0,"comment_status":"closed","ping_status":"closed","template":"","meta":{"_acf_changed":false,"footnotes":"","_links_to":"","_links_to_target":""},"class_list":["post-419","page","type-page","status-publish","has-post-thumbnail","hentry"],"acf":[],"_links":{"self":[{"href":"https:\/\/fn.se\/stockholm\/wp-json\/wp\/v2\/pages\/419","targetHints":{"allow":["GET"]}}],"collection":[{"href":"https:\/\/fn.se\/stockholm\/wp-json\/wp\/v2\/pages"}],"about":[{"href":"https:\/\/fn.se\/stockholm\/wp-json\/wp\/v2\/types\/page"}],"author":[{"embeddable":true,"href":"https:\/\/fn.se\/stockholm\/wp-json\/wp\/v2\/users\/86"}],"replies":[{"embeddable":true,"href":"https:\/\/fn.se\/stockholm\/wp-json\/wp\/v2\/comments?post=419"}],"version-history":[{"count":2,"href":"https:\/\/fn.se\/stockholm\/wp-json\/wp\/v2\/pages\/419\/revisions"}],"predecessor-version":[{"id":422,"href":"https:\/\/fn.se\/stockholm\/wp-json\/wp\/v2\/pages\/419\/revisions\/422"}],"wp:featuredmedia":[{"embeddable":true,"href":"https:\/\/fn.se\/stockholm\/wp-json\/wp\/v2\/media\/420"}],"wp:attachment":[{"href":"https:\/\/fn.se\/stockholm\/wp-json\/wp\/v2\/media?parent=419"}],"curies":[{"name":"wp","href":"https:\/\/api.w.org\/{rel}","templated":true}]}}