{"id":4125,"date":"2026-03-02T14:24:03","date_gmt":"2026-03-02T14:24:03","guid":{"rendered":"https:\/\/fn.se\/stockholm\/?page_id=4125"},"modified":"2026-03-02T15:03:10","modified_gmt":"2026-03-02T15:03:10","slug":"2025-2","status":"publish","type":"page","link":"https:\/\/fn.se\/stockholm\/2025-2\/","title":{"rendered":"2025"},"content":{"rendered":"\n<h2 class=\"wp-block-heading\">2025<\/h2>\n\n\n\n<p>H\u00e4r hittas handlingar fr\u00e5n 2025 samt bilder fr\u00e5n evenemang under \u00e5ret.<\/p>\n\n\n\n<p><strong>Nedan finns alla handlingar fr\u00e5n \u00e5rsm\u00f6tet 2025:<\/strong><br><\/p>\n\n\n\n<div class=\"wp-block-group is-layout-grid wp-container-core-group-is-layout-9649a0d9 wp-block-group-is-layout-grid\">\n<p class=\"wp-container-content-69bc4bdf\"><a href=\"https:\/\/fn.se\/stockholm\/wp-content\/uploads\/sites\/32\/2026\/03\/Kallelse-till-arsmote-2025-Stockholms-FN-forening.docx.pdf\" data-type=\"link\" data-id=\"https:\/\/fn.se\/stockholm\/wp-content\/uploads\/sites\/32\/2026\/03\/Kallelse-till-arsmote-2025-Stockholms-FN-forening.docx.pdf\">Dagordning \u00e5rsm\u00f6te 2025<\/a><\/p>\n\n\n\n<p><a href=\"https:\/\/fn.se\/stockholm\/wp-content\/uploads\/sites\/32\/2026\/03\/Verksamhetsberattelse-2024-Med-signaturer.pdf\" data-type=\"link\" data-id=\"https:\/\/fn.se\/stockholm\/wp-content\/uploads\/sites\/32\/2026\/03\/Verksamhetsberattelse-2024-Med-signaturer.pdf\">Verksamhetsber\u00e4ttelse 2024<\/a><\/p>\n\n\n\n<p><a href=\"https:\/\/fn.se\/stockholm\/wp-content\/uploads\/sites\/32\/2026\/03\/Verksamhetsplan-for-2025.docx.pdf\">Verksamhetsplan f\u00f6r 2025<\/a><\/p>\n\n\n\n<p class=\"wp-container-content-69bc4bdf\"><a href=\"https:\/\/fn.se\/stockholm\/wp-content\/uploads\/sites\/32\/2026\/03\/Protokoll-Arsmote-2025.pdf\">Protokoll \u00e5rsm\u00f6te 2025<\/a><\/p>\n\n\n\n<p class=\"wp-container-content-69bc4bdf\"><a href=\"https:\/\/fn.se\/stockholm\/wp-content\/uploads\/sites\/32\/2026\/03\/Balansrapport_20240101-20241231_STOCKHOLMS-FN-FORENING.pdf\" data-type=\"link\" data-id=\"https:\/\/fn.se\/stockholm\/wp-content\/uploads\/sites\/32\/2026\/03\/Balansrapport_20240101-20241231_STOCKHOLMS-FN-FORENING.pdf\">Balansrapport<\/a><\/p>\n\n\n\n<p class=\"wp-container-content-69bc4bdf\"><a href=\"https:\/\/fn.se\/stockholm\/wp-content\/uploads\/sites\/32\/2026\/03\/Resultatrapport_20240101-20241231_STOCKHOLMS-FN-FORENING.pdf\">Resultatrapport<\/a><\/p>\n\n\n\n<p class=\"wp-container-content-69bc4bdf\"><a href=\"https:\/\/fn.se\/stockholm\/wp-content\/uploads\/sites\/32\/2026\/03\/Revisionsberattelse-2024-signerad.pdf\">Revisionsber\u00e4ttelse<\/a><\/p>\n\n\n\n<p><\/p>\n<\/div>\n\n\n\n<p><br><\/p>\n\n\n\n<p><strong>Bilder fr\u00e5n evenemang under 2025:<\/strong><\/p>\n\n\n\n<figure class=\"wp-block-gallery has-nested-images columns-default is-cropped wp-block-gallery-1 is-layout-flex wp-block-gallery-is-layout-flex\">\n<figure class=\"wp-block-image size-large\"><img loading=\"lazy\" decoding=\"async\" width=\"484\" height=\"610\" data-id=\"4143\" src=\"https:\/\/fn.se\/stockholm\/wp-content\/uploads\/sites\/32\/2026\/03\/Skarmavbild-2026-03-02-kl.-15.29.45.png\" alt=\"\" class=\"wp-image-4143\" srcset=\"https:\/\/fn.se\/stockholm\/wp-content\/uploads\/sites\/32\/2026\/03\/Skarmavbild-2026-03-02-kl.-15.29.45.png 484w, https:\/\/fn.se\/stockholm\/wp-content\/uploads\/sites\/32\/2026\/03\/Skarmavbild-2026-03-02-kl.-15.29.45-238x300.png 238w\" sizes=\"auto, (max-width: 484px) 100vw, 484px\" \/><\/figure>\n\n\n\n<figure class=\"wp-block-image size-large\"><img loading=\"lazy\" decoding=\"async\" width=\"516\" height=\"386\" data-id=\"4144\" src=\"https:\/\/fn.se\/stockholm\/wp-content\/uploads\/sites\/32\/2026\/03\/Skarmavbild-2026-03-02-kl.-15.29.55.png\" alt=\"\" class=\"wp-image-4144\" srcset=\"https:\/\/fn.se\/stockholm\/wp-content\/uploads\/sites\/32\/2026\/03\/Skarmavbild-2026-03-02-kl.-15.29.55.png 516w, https:\/\/fn.se\/stockholm\/wp-content\/uploads\/sites\/32\/2026\/03\/Skarmavbild-2026-03-02-kl.-15.29.55-300x224.png 300w\" sizes=\"auto, (max-width: 516px) 100vw, 516px\" \/><\/figure>\n\n\n\n<figure class=\"wp-block-image size-large\"><img loading=\"lazy\" decoding=\"async\" width=\"366\" height=\"484\" data-id=\"4145\" src=\"https:\/\/fn.se\/stockholm\/wp-content\/uploads\/sites\/32\/2026\/03\/Skarmavbild-2026-03-02-kl.-15.30.11.png\" alt=\"\" class=\"wp-image-4145\" srcset=\"https:\/\/fn.se\/stockholm\/wp-content\/uploads\/sites\/32\/2026\/03\/Skarmavbild-2026-03-02-kl.-15.30.11.png 366w, https:\/\/fn.se\/stockholm\/wp-content\/uploads\/sites\/32\/2026\/03\/Skarmavbild-2026-03-02-kl.-15.30.11-227x300.png 227w\" sizes=\"auto, (max-width: 366px) 100vw, 366px\" \/><\/figure>\n\n\n\n<figure class=\"wp-block-image size-large\"><img loading=\"lazy\" decoding=\"async\" width=\"456\" height=\"428\" data-id=\"4147\" src=\"https:\/\/fn.se\/stockholm\/wp-content\/uploads\/sites\/32\/2026\/03\/Skarmavbild-2026-03-02-kl.-15.30.24.png\" alt=\"\" class=\"wp-image-4147\" srcset=\"https:\/\/fn.se\/stockholm\/wp-content\/uploads\/sites\/32\/2026\/03\/Skarmavbild-2026-03-02-kl.-15.30.24.png 456w, https:\/\/fn.se\/stockholm\/wp-content\/uploads\/sites\/32\/2026\/03\/Skarmavbild-2026-03-02-kl.-15.30.24-300x282.png 300w\" sizes=\"auto, (max-width: 456px) 100vw, 456px\" \/><\/figure>\n\n\n\n<figure class=\"wp-block-image size-large\"><img loading=\"lazy\" decoding=\"async\" width=\"456\" height=\"346\" data-id=\"4146\" src=\"https:\/\/fn.se\/stockholm\/wp-content\/uploads\/sites\/32\/2026\/03\/Skarmavbild-2026-03-02-kl.-15.30.17.png\" alt=\"\" class=\"wp-image-4146\" srcset=\"https:\/\/fn.se\/stockholm\/wp-content\/uploads\/sites\/32\/2026\/03\/Skarmavbild-2026-03-02-kl.-15.30.17.png 456w, https:\/\/fn.se\/stockholm\/wp-content\/uploads\/sites\/32\/2026\/03\/Skarmavbild-2026-03-02-kl.-15.30.17-300x228.png 300w\" sizes=\"auto, (max-width: 456px) 100vw, 456px\" \/><\/figure>\n\n\n\n<figure class=\"wp-block-image size-large\"><img loading=\"lazy\" decoding=\"async\" width=\"456\" height=\"344\" data-id=\"4148\" src=\"https:\/\/fn.se\/stockholm\/wp-content\/uploads\/sites\/32\/2026\/03\/Skarmavbild-2026-03-02-kl.-15.30.30.png\" alt=\"\" class=\"wp-image-4148\" srcset=\"https:\/\/fn.se\/stockholm\/wp-content\/uploads\/sites\/32\/2026\/03\/Skarmavbild-2026-03-02-kl.-15.30.30.png 456w, https:\/\/fn.se\/stockholm\/wp-content\/uploads\/sites\/32\/2026\/03\/Skarmavbild-2026-03-02-kl.-15.30.30-300x226.png 300w\" sizes=\"auto, (max-width: 456px) 100vw, 456px\" \/><\/figure>\n\n\n\n<figure class=\"wp-block-image size-large\"><img loading=\"lazy\" decoding=\"async\" width=\"582\" height=\"574\" data-id=\"4149\" src=\"https:\/\/fn.se\/stockholm\/wp-content\/uploads\/sites\/32\/2026\/03\/Skarmavbild-2026-03-02-kl.-15.30.35.png\" alt=\"\" class=\"wp-image-4149\" srcset=\"https:\/\/fn.se\/stockholm\/wp-content\/uploads\/sites\/32\/2026\/03\/Skarmavbild-2026-03-02-kl.-15.30.35.png 582w, https:\/\/fn.se\/stockholm\/wp-content\/uploads\/sites\/32\/2026\/03\/Skarmavbild-2026-03-02-kl.-15.30.35-300x296.png 300w\" sizes=\"auto, (max-width: 582px) 100vw, 582px\" \/><\/figure>\n\n\n\n<figure class=\"wp-block-image size-large\"><img loading=\"lazy\" decoding=\"async\" width=\"372\" height=\"502\" data-id=\"4150\" src=\"https:\/\/fn.se\/stockholm\/wp-content\/uploads\/sites\/32\/2026\/03\/Skarmavbild-2026-03-02-kl.-15.30.42.png\" alt=\"\" class=\"wp-image-4150\" srcset=\"https:\/\/fn.se\/stockholm\/wp-content\/uploads\/sites\/32\/2026\/03\/Skarmavbild-2026-03-02-kl.-15.30.42.png 372w, https:\/\/fn.se\/stockholm\/wp-content\/uploads\/sites\/32\/2026\/03\/Skarmavbild-2026-03-02-kl.-15.30.42-222x300.png 222w\" sizes=\"auto, (max-width: 372px) 100vw, 372px\" \/><\/figure>\n\n\n\n<figure class=\"wp-block-image size-large\"><img loading=\"lazy\" decoding=\"async\" width=\"434\" height=\"326\" data-id=\"4152\" src=\"https:\/\/fn.se\/stockholm\/wp-content\/uploads\/sites\/32\/2026\/03\/Skarmavbild-2026-03-02-kl.-15.30.50.png\" alt=\"\" class=\"wp-image-4152\" srcset=\"https:\/\/fn.se\/stockholm\/wp-content\/uploads\/sites\/32\/2026\/03\/Skarmavbild-2026-03-02-kl.-15.30.50.png 434w, https:\/\/fn.se\/stockholm\/wp-content\/uploads\/sites\/32\/2026\/03\/Skarmavbild-2026-03-02-kl.-15.30.50-300x225.png 300w\" sizes=\"auto, (max-width: 434px) 100vw, 434px\" \/><\/figure>\n\n\n\n<figure class=\"wp-block-image size-large\"><img loading=\"lazy\" decoding=\"async\" width=\"444\" height=\"460\" data-id=\"4156\" src=\"https:\/\/fn.se\/stockholm\/wp-content\/uploads\/sites\/32\/2026\/03\/Skarmavbild-2026-03-02-kl.-15.31.19.png\" alt=\"\" class=\"wp-image-4156\" srcset=\"https:\/\/fn.se\/stockholm\/wp-content\/uploads\/sites\/32\/2026\/03\/Skarmavbild-2026-03-02-kl.-15.31.19.png 444w, https:\/\/fn.se\/stockholm\/wp-content\/uploads\/sites\/32\/2026\/03\/Skarmavbild-2026-03-02-kl.-15.31.19-290x300.png 290w\" sizes=\"auto, (max-width: 444px) 100vw, 444px\" \/><\/figure>\n\n\n\n<figure class=\"wp-block-image size-large\"><img loading=\"lazy\" decoding=\"async\" width=\"514\" height=\"508\" data-id=\"4153\" src=\"https:\/\/fn.se\/stockholm\/wp-content\/uploads\/sites\/32\/2026\/03\/Skarmavbild-2026-03-02-kl.-15.30.56.png\" alt=\"\" class=\"wp-image-4153\" srcset=\"https:\/\/fn.se\/stockholm\/wp-content\/uploads\/sites\/32\/2026\/03\/Skarmavbild-2026-03-02-kl.-15.30.56.png 514w, https:\/\/fn.se\/stockholm\/wp-content\/uploads\/sites\/32\/2026\/03\/Skarmavbild-2026-03-02-kl.-15.30.56-300x296.png 300w\" sizes=\"auto, (max-width: 514px) 100vw, 514px\" \/><\/figure>\n\n\n\n<figure class=\"wp-block-image size-large\"><img loading=\"lazy\" decoding=\"async\" width=\"324\" height=\"286\" data-id=\"4154\" src=\"https:\/\/fn.se\/stockholm\/wp-content\/uploads\/sites\/32\/2026\/03\/Skarmavbild-2026-03-02-kl.-15.31.05.png\" alt=\"\" class=\"wp-image-4154\" srcset=\"https:\/\/fn.se\/stockholm\/wp-content\/uploads\/sites\/32\/2026\/03\/Skarmavbild-2026-03-02-kl.-15.31.05.png 324w, https:\/\/fn.se\/stockholm\/wp-content\/uploads\/sites\/32\/2026\/03\/Skarmavbild-2026-03-02-kl.-15.31.05-300x265.png 300w\" sizes=\"auto, (max-width: 324px) 100vw, 324px\" \/><\/figure>\n\n\n\n<figure class=\"wp-block-image size-large\"><img loading=\"lazy\" decoding=\"async\" width=\"322\" height=\"252\" data-id=\"4155\" src=\"https:\/\/fn.se\/stockholm\/wp-content\/uploads\/sites\/32\/2026\/03\/Skarmavbild-2026-03-02-kl.-15.31.10.png\" alt=\"\" class=\"wp-image-4155\" srcset=\"https:\/\/fn.se\/stockholm\/wp-content\/uploads\/sites\/32\/2026\/03\/Skarmavbild-2026-03-02-kl.-15.31.10.png 322w, https:\/\/fn.se\/stockholm\/wp-content\/uploads\/sites\/32\/2026\/03\/Skarmavbild-2026-03-02-kl.-15.31.10-300x235.png 300w\" sizes=\"auto, (max-width: 322px) 100vw, 322px\" \/><\/figure>\n\n\n\n<figure class=\"wp-block-image size-large\"><img loading=\"lazy\" decoding=\"async\" width=\"376\" height=\"466\" data-id=\"4157\" src=\"https:\/\/fn.se\/stockholm\/wp-content\/uploads\/sites\/32\/2026\/03\/Skarmavbild-2026-03-02-kl.-15.31.26.png\" alt=\"\" class=\"wp-image-4157\" srcset=\"https:\/\/fn.se\/stockholm\/wp-content\/uploads\/sites\/32\/2026\/03\/Skarmavbild-2026-03-02-kl.-15.31.26.png 376w, https:\/\/fn.se\/stockholm\/wp-content\/uploads\/sites\/32\/2026\/03\/Skarmavbild-2026-03-02-kl.-15.31.26-242x300.png 242w\" sizes=\"auto, (max-width: 376px) 100vw, 376px\" \/><\/figure>\n\n\n\n<figure class=\"wp-block-image size-large\"><img loading=\"lazy\" decoding=\"async\" width=\"350\" height=\"464\" data-id=\"4158\" src=\"https:\/\/fn.se\/stockholm\/wp-content\/uploads\/sites\/32\/2026\/03\/Skarmavbild-2026-03-02-kl.-15.31.31.png\" alt=\"\" class=\"wp-image-4158\" srcset=\"https:\/\/fn.se\/stockholm\/wp-content\/uploads\/sites\/32\/2026\/03\/Skarmavbild-2026-03-02-kl.-15.31.31.png 350w, https:\/\/fn.se\/stockholm\/wp-content\/uploads\/sites\/32\/2026\/03\/Skarmavbild-2026-03-02-kl.-15.31.31-226x300.png 226w\" sizes=\"auto, (max-width: 350px) 100vw, 350px\" \/><\/figure>\n\n\n\n<figure class=\"wp-block-image size-large\"><img loading=\"lazy\" decoding=\"async\" width=\"618\" height=\"414\" data-id=\"4159\" src=\"https:\/\/fn.se\/stockholm\/wp-content\/uploads\/sites\/32\/2026\/03\/Skarmavbild-2026-03-02-kl.-15.31.36.png\" alt=\"\" class=\"wp-image-4159\" srcset=\"https:\/\/fn.se\/stockholm\/wp-content\/uploads\/sites\/32\/2026\/03\/Skarmavbild-2026-03-02-kl.-15.31.36.png 618w, https:\/\/fn.se\/stockholm\/wp-content\/uploads\/sites\/32\/2026\/03\/Skarmavbild-2026-03-02-kl.-15.31.36-300x201.png 300w\" sizes=\"auto, (max-width: 618px) 100vw, 618px\" \/><\/figure>\n\n\n\n<figure class=\"wp-block-image size-large\"><img loading=\"lazy\" decoding=\"async\" width=\"534\" height=\"366\" data-id=\"4160\" src=\"https:\/\/fn.se\/stockholm\/wp-content\/uploads\/sites\/32\/2026\/03\/Skarmavbild-2026-03-02-kl.-15.31.41.png\" alt=\"\" class=\"wp-image-4160\" srcset=\"https:\/\/fn.se\/stockholm\/wp-content\/uploads\/sites\/32\/2026\/03\/Skarmavbild-2026-03-02-kl.-15.31.41.png 534w, https:\/\/fn.se\/stockholm\/wp-content\/uploads\/sites\/32\/2026\/03\/Skarmavbild-2026-03-02-kl.-15.31.41-300x206.png 300w\" sizes=\"auto, (max-width: 534px) 100vw, 534px\" \/><\/figure>\n\n\n\n<figure class=\"wp-block-image size-large\"><img loading=\"lazy\" decoding=\"async\" width=\"398\" height=\"378\" data-id=\"4166\" src=\"https:\/\/fn.se\/stockholm\/wp-content\/uploads\/sites\/32\/2026\/03\/Skarmavbild-2026-03-02-kl.-15.32.14.png\" alt=\"\" class=\"wp-image-4166\" srcset=\"https:\/\/fn.se\/stockholm\/wp-content\/uploads\/sites\/32\/2026\/03\/Skarmavbild-2026-03-02-kl.-15.32.14.png 398w, https:\/\/fn.se\/stockholm\/wp-content\/uploads\/sites\/32\/2026\/03\/Skarmavbild-2026-03-02-kl.-15.32.14-300x285.png 300w\" sizes=\"auto, (max-width: 398px) 100vw, 398px\" \/><\/figure>\n\n\n\n<figure class=\"wp-block-image size-large\"><img loading=\"lazy\" decoding=\"async\" width=\"386\" height=\"520\" data-id=\"4165\" src=\"https:\/\/fn.se\/stockholm\/wp-content\/uploads\/sites\/32\/2026\/03\/Skarmavbild-2026-03-02-kl.-15.32.09.png\" alt=\"\" class=\"wp-image-4165\" srcset=\"https:\/\/fn.se\/stockholm\/wp-content\/uploads\/sites\/32\/2026\/03\/Skarmavbild-2026-03-02-kl.-15.32.09.png 386w, https:\/\/fn.se\/stockholm\/wp-content\/uploads\/sites\/32\/2026\/03\/Skarmavbild-2026-03-02-kl.-15.32.09-223x300.png 223w\" sizes=\"auto, (max-width: 386px) 100vw, 386px\" \/><\/figure>\n\n\n\n<figure class=\"wp-block-image size-large\"><img loading=\"lazy\" decoding=\"async\" width=\"430\" height=\"290\" data-id=\"4164\" src=\"https:\/\/fn.se\/stockholm\/wp-content\/uploads\/sites\/32\/2026\/03\/Skarmavbild-2026-03-02-kl.-15.32.03.png\" alt=\"\" class=\"wp-image-4164\" srcset=\"https:\/\/fn.se\/stockholm\/wp-content\/uploads\/sites\/32\/2026\/03\/Skarmavbild-2026-03-02-kl.-15.32.03.png 430w, https:\/\/fn.se\/stockholm\/wp-content\/uploads\/sites\/32\/2026\/03\/Skarmavbild-2026-03-02-kl.-15.32.03-300x202.png 300w\" sizes=\"auto, (max-width: 430px) 100vw, 430px\" \/><\/figure>\n\n\n\n<figure class=\"wp-block-image size-large\"><img loading=\"lazy\" decoding=\"async\" width=\"394\" height=\"502\" data-id=\"4163\" src=\"https:\/\/fn.se\/stockholm\/wp-content\/uploads\/sites\/32\/2026\/03\/Skarmavbild-2026-03-02-kl.-15.31.57.png\" alt=\"\" class=\"wp-image-4163\" srcset=\"https:\/\/fn.se\/stockholm\/wp-content\/uploads\/sites\/32\/2026\/03\/Skarmavbild-2026-03-02-kl.-15.31.57.png 394w, https:\/\/fn.se\/stockholm\/wp-content\/uploads\/sites\/32\/2026\/03\/Skarmavbild-2026-03-02-kl.-15.31.57-235x300.png 235w\" sizes=\"auto, (max-width: 394px) 100vw, 394px\" \/><\/figure>\n\n\n\n<figure class=\"wp-block-image size-large\"><img loading=\"lazy\" decoding=\"async\" width=\"370\" height=\"484\" data-id=\"4162\" src=\"https:\/\/fn.se\/stockholm\/wp-content\/uploads\/sites\/32\/2026\/03\/Skarmavbild-2026-03-02-kl.-15.31.52.png\" alt=\"\" class=\"wp-image-4162\" srcset=\"https:\/\/fn.se\/stockholm\/wp-content\/uploads\/sites\/32\/2026\/03\/Skarmavbild-2026-03-02-kl.-15.31.52.png 370w, https:\/\/fn.se\/stockholm\/wp-content\/uploads\/sites\/32\/2026\/03\/Skarmavbild-2026-03-02-kl.-15.31.52-229x300.png 229w\" sizes=\"auto, (max-width: 370px) 100vw, 370px\" \/><\/figure>\n\n\n\n<figure class=\"wp-block-image size-large\"><img loading=\"lazy\" decoding=\"async\" width=\"534\" height=\"350\" data-id=\"4161\" src=\"https:\/\/fn.se\/stockholm\/wp-content\/uploads\/sites\/32\/2026\/03\/Skarmavbild-2026-03-02-kl.-15.31.46.png\" alt=\"\" class=\"wp-image-4161\" srcset=\"https:\/\/fn.se\/stockholm\/wp-content\/uploads\/sites\/32\/2026\/03\/Skarmavbild-2026-03-02-kl.-15.31.46.png 534w, https:\/\/fn.se\/stockholm\/wp-content\/uploads\/sites\/32\/2026\/03\/Skarmavbild-2026-03-02-kl.-15.31.46-300x197.png 300w\" sizes=\"auto, (max-width: 534px) 100vw, 534px\" \/><\/figure>\n<\/figure>\n\n\n\n<p><\/p>\n\n\n\n<h3 class=\"wp-block-heading\"><strong>L\u00e4s mer om n\u00e5gra av evenemangen nedan!<\/strong><\/h3>\n\n\n\n<p><\/p>\n","protected":false},"excerpt":{"rendered":"<p>2025 H\u00e4r hittas handlingar fr\u00e5n 2025 samt bilder fr\u00e5n evenemang under \u00e5ret. Nedan finns alla handlingar fr\u00e5n \u00e5rsm\u00f6tet 2025: Dagordning&hellip;<\/p>\n","protected":false},"author":86,"featured_media":0,"parent":0,"menu_order":0,"comment_status":"closed","ping_status":"closed","template":"","meta":{"_acf_changed":false,"footnotes":"","_links_to":"","_links_to_target":""},"class_list":["post-4125","page","type-page","status-publish","hentry"],"acf":[],"_links":{"self":[{"href":"https:\/\/fn.se\/stockholm\/wp-json\/wp\/v2\/pages\/4125","targetHints":{"allow":["GET"]}}],"collection":[{"href":"https:\/\/fn.se\/stockholm\/wp-json\/wp\/v2\/pages"}],"about":[{"href":"https:\/\/fn.se\/stockholm\/wp-json\/wp\/v2\/types\/page"}],"author":[{"embeddable":true,"href":"https:\/\/fn.se\/stockholm\/wp-json\/wp\/v2\/users\/86"}],"replies":[{"embeddable":true,"href":"https:\/\/fn.se\/stockholm\/wp-json\/wp\/v2\/comments?post=4125"}],"version-history":[{"count":17,"href":"https:\/\/fn.se\/stockholm\/wp-json\/wp\/v2\/pages\/4125\/revisions"}],"predecessor-version":[{"id":4510,"href":"https:\/\/fn.se\/stockholm\/wp-json\/wp\/v2\/pages\/4125\/revisions\/4510"}],"wp:attachment":[{"href":"https:\/\/fn.se\/stockholm\/wp-json\/wp\/v2\/media?parent=4125"}],"curies":[{"name":"wp","href":"https:\/\/api.w.org\/{rel}","templated":true}]}}