{"id":411,"date":"2017-05-04T09:43:32","date_gmt":"2017-05-04T09:43:32","guid":{"rendered":"http:\/\/fn.se\/stockholm\/?page_id=411"},"modified":"2018-01-30T10:53:15","modified_gmt":"2018-01-30T10:53:15","slug":"129-hostupptakt-seminarium-agenda-2030","status":"publish","type":"page","link":"https:\/\/fn.se\/stockholm\/129-hostupptakt-seminarium-agenda-2030\/","title":{"rendered":"12\/9 H\u00f6stupptakt. Seminarium \u2013 Agenda 2030"},"content":{"rendered":"<h3>Stockholms FN-f\u00f6rening uppm\u00e4rksammar Agenda 2030 under h\u00f6stupptakten<\/h3>\n<p>Den 12 september h\u00f6ll f\u00f6reningen sin \u00e5rliga h\u00f6stupptakt i form av ett sp\u00e4nnande seminarium med tema Agenda 2030. H\u00f6stupptakten \u00e4r startskottet f\u00f6r f\u00f6reningens verksamhet efter sommarledigheten.<\/p>\n<p>\u00c4ven detta \u00e5r blev h\u00f6stupptakten v\u00e4ldigt lyckat, med en\u00a0fin presentation av <strong>Siavash Habibi, fr\u00e5n Global Utmaning<\/strong>, om de globala m\u00e5len och testade f\u00f6reningens medlemmar om deras kunskaper kring V\u00e4rldskoll!<\/p>\n<p>&nbsp;<\/p>\n","protected":false},"excerpt":{"rendered":"<p>Stockholms FN-f\u00f6rening uppm\u00e4rksammar Agenda 2030 under h\u00f6stupptakten Den 12 september h\u00f6ll f\u00f6reningen sin \u00e5rliga h\u00f6stupptakt i form av ett sp\u00e4nnande&hellip;<\/p>\n","protected":false},"author":86,"featured_media":412,"parent":0,"menu_order":0,"comment_status":"closed","ping_status":"closed","template":"templates\/template-sub.php","meta":{"_acf_changed":false,"footnotes":"","_links_to":"","_links_to_target":""},"class_list":["post-411","page","type-page","status-publish","has-post-thumbnail","hentry"],"acf":[],"_links":{"self":[{"href":"https:\/\/fn.se\/stockholm\/wp-json\/wp\/v2\/pages\/411","targetHints":{"allow":["GET"]}}],"collection":[{"href":"https:\/\/fn.se\/stockholm\/wp-json\/wp\/v2\/pages"}],"about":[{"href":"https:\/\/fn.se\/stockholm\/wp-json\/wp\/v2\/types\/page"}],"author":[{"embeddable":true,"href":"https:\/\/fn.se\/stockholm\/wp-json\/wp\/v2\/users\/86"}],"replies":[{"embeddable":true,"href":"https:\/\/fn.se\/stockholm\/wp-json\/wp\/v2\/comments?post=411"}],"version-history":[{"count":2,"href":"https:\/\/fn.se\/stockholm\/wp-json\/wp\/v2\/pages\/411\/revisions"}],"predecessor-version":[{"id":415,"href":"https:\/\/fn.se\/stockholm\/wp-json\/wp\/v2\/pages\/411\/revisions\/415"}],"wp:featuredmedia":[{"embeddable":true,"href":"https:\/\/fn.se\/stockholm\/wp-json\/wp\/v2\/media\/412"}],"wp:attachment":[{"href":"https:\/\/fn.se\/stockholm\/wp-json\/wp\/v2\/media?parent=411"}],"curies":[{"name":"wp","href":"https:\/\/api.w.org\/{rel}","templated":true}]}}